{"id":105368,"date":"2021-06-25T17:15:53","date_gmt":"2021-06-25T15:15:53","guid":{"rendered":"https:\/\/cdiffprom.ch\/produit\/clic-clac-hebelschluessel\/"},"modified":"2025-04-24T13:52:53","modified_gmt":"2025-04-24T11:52:53","slug":"clic-clac-hebelschluessel","status":"publish","type":"product","link":"https:\/\/cdiffprom.ch\/de\/produit\/clic-clac-hebelschluessel\/","title":{"rendered":"Schl\u00fcssel f\u00fcr Clic-Clac-Hebel"},"content":{"rendered":"<h3><span style=\"color: #993300;\"><strong>Schl\u00fcssel f\u00fcr Clic-Clac-Hebel<\/strong><\/span><\/h3>\n<p>Dieser Clic-Clac-Hebelschl\u00fcssel ist ein Zubeh\u00f6rteil, das f\u00fcr die Entriegelung der folgenden Sicherheitsrahmen erforderlich ist<\/p>\n<ul>\n<li>A4, Artikel Nr. VAC950SEC<\/li>\n<li>A3, Artikel Nr. VAC951SEC<\/li>\n<li>A2, Artikel Nr. VAC952SEC<\/li>\n<li>A1, Artikel Nr. VAC953SEC<\/li>\n<\/ul>\n<p>um Ihre verschiedenen Poster zu \u00e4ndern.<\/p>\n<p>&nbsp;<\/p>\n<ul>\n<li>Wird verwendet, um beide Seiten des Rahmens zu \u00f6ffnen<\/li>\n<li>Unzerbrechlicher, ultraharter Kunststoff<\/li>\n<\/ul>\n","protected":false},"excerpt":{"rendered":"<p>Dieser Hebelschl\u00fcssel ist das notwendige Zubeh\u00f6r f\u00fcr die Entriegelung von sicheren Klapprahmen, um die Poster zu wechseln.<\/p>\n<p>Geeignet f\u00fcr die folgenden Rahmenmodelle :<\/p>\n<ul>\n<li>A4, Artikel Nr. VAC950SEC<\/li>\n<li>A3, Artikel Nr. VAC951SEC<\/li>\n<li>A2, Artikel Nr. VAC952SEC<\/li>\n<li>A1, Artikel Nr. VAC953SEC<\/li>\n<\/ul>\n","protected":false},"featured_media":104256,"template":"","meta":{"slim_seo":{"title":"Schl\u00fcssel f\u00fcr Clic-Clac-Hebel - Suisse - C.Diff-Prom","description":"Dieser Hebelschl\u00fcssel ist das notwendige Zubeh\u00f6r f\u00fcr die Entriegelung von sicheren Klapprahmen, um die Poster zu wechseln. Geeignet f\u00fcr die folgenden Rahmenmode"}},"product_brand":[],"product_cat":[6339],"product_tag":[],"class_list":{"0":"post-105368","1":"product","2":"type-product","3":"status-publish","4":"has-post-thumbnail","6":"product_cat-plakatrahmen","8":"first","9":"instock","10":"taxable","11":"shipping-taxable","12":"purchasable","13":"product-type-simple"},"_links":{"self":[{"href":"https:\/\/cdiffprom.ch\/de\/wp-json\/wp\/v2\/product\/105368","targetHints":{"allow":["GET"]}}],"collection":[{"href":"https:\/\/cdiffprom.ch\/de\/wp-json\/wp\/v2\/product"}],"about":[{"href":"https:\/\/cdiffprom.ch\/de\/wp-json\/wp\/v2\/types\/product"}],"wp:featuredmedia":[{"embeddable":true,"href":"https:\/\/cdiffprom.ch\/de\/wp-json\/wp\/v2\/media\/104256"}],"wp:attachment":[{"href":"https:\/\/cdiffprom.ch\/de\/wp-json\/wp\/v2\/media?parent=105368"}],"wp:term":[{"taxonomy":"product_brand","embeddable":true,"href":"https:\/\/cdiffprom.ch\/de\/wp-json\/wp\/v2\/product_brand?post=105368"},{"taxonomy":"product_cat","embeddable":true,"href":"https:\/\/cdiffprom.ch\/de\/wp-json\/wp\/v2\/product_cat?post=105368"},{"taxonomy":"product_tag","embeddable":true,"href":"https:\/\/cdiffprom.ch\/de\/wp-json\/wp\/v2\/product_tag?post=105368"}],"curies":[{"name":"wp","href":"https:\/\/api.w.org\/{rel}","templated":true}]}}