{"id":105374,"date":"2022-01-21T17:06:33","date_gmt":"2022-01-21T16:06:33","guid":{"rendered":"https:\/\/cdiffprom.ch\/produit\/schieferplatte-mit-holzfuss\/"},"modified":"2025-04-24T13:52:54","modified_gmt":"2025-04-24T11:52:54","slug":"schieferplatte-mit-holzfuss","status":"publish","type":"product","link":"https:\/\/cdiffprom.ch\/de\/produit\/schieferplatte-mit-holzfuss\/","title":{"rendered":"Schieferplatte mit Holzfu\u00df"},"content":{"rendered":"<h3><span style=\"color: #800000;\"><strong>Schieferplatte mit Holzfu\u00df<\/strong><\/span><\/h3>\n<p>Mit dieser Schiefertafel mit Holzfu\u00df erhalten Sie ein einfaches und praktisches doppelseitiges Displaysystem.<\/p>\n<p>Sie haben zwei M\u00f6glichkeiten der Nutzung:<\/p>\n<ul>\n<li>Schreiben mit wasserl\u00f6slichen oder trockenen Kreidemarkern<\/li>\n<li>Beidseitig magnetische Tafel<\/li>\n<\/ul>\n<p>Die Schiefertafel ist abnehmbar und kann verschoben werden, so dass Sie Ihre Informationen leicht aktualisieren k\u00f6nnen.<\/p>\n<h4><span style=\"color: #800000;\"><strong>Merkmale<\/strong><\/span><\/h4>\n<ul>\n<li>Rahmen, Pfosten und F\u00fc\u00dfe aus Tannenholz (40 x 40 mm), behandelt und lackiert f\u00fcr die Verwendung in<br \/>\nim Freien<\/li>\n<li>Gewicht 8 kg<\/li>\n<li>Installierte H\u00f6he:1 Meter<\/li>\n<li>Abmessungen: Gesamtfl\u00e4che, H 100 x B 67 x T 49 cm<\/li>\n<\/ul>\n<p>&nbsp;<\/p>\n<h4><span style=\"color: #800000;\"><strong>Lieferbedingungen<\/strong><\/span><\/h4>\n<p>Zu Ihrer Information: Nach Eingang Ihres Auftrags sind unsere Produkte innerhalb von etwa zehn Tagen lieferbar.<\/p>\n<p>Bitte z\u00f6gern Sie nicht <a href=\"https:\/\/cdiffprom.ch\/elements\/contactez-nous\/\"><strong><span style=\"color: #800000;\">uns<\/span> <\/strong><span style=\"color: #800000;\"><strong>zu kontaktieren.<\/strong><\/span><\/a> Wenn Sie einen dringenderen Bedarf haben, haben wir immer eine schnellere L\u00f6sung f\u00fcr Sie und k\u00f6nnen Sie auch \u00fcber Rabatte bei Mengenbestellungen informieren.<\/p>\n<p>Einige Artikel k\u00f6nnen eine l\u00e4ngere Lieferzeit in Anspruch nehmen, da sie nicht auf Lager unseres Lieferanten sind. In diesem Fall werden Sie nach Eingang Ihrer Bestellung benachrichtigt. <\/p>\n<p>Wir liefern versandkostenfrei ab einem Bestellwert von CHF. 500.-. Unterhalb dieses Betrags wird eine Pauschale von CHF. 15,90 zu entrichten. <\/p>\n<p>Bei allen Online-Bestellungen f\u00fchren wir immer einen Telefonanruf durch, um sicherzustellen, dass Sie das richtige Produkt f\u00fcr Ihre Bed\u00fcrfnisse ausgew\u00e4hlt haben. So k\u00f6nnen Sie sicher sein, dass Sie die richtige Wahl treffen. <\/p>\n","protected":false},"excerpt":{"rendered":"<p>Vertikale, doppelseitige Magnettafel mit verschiebbarer Schiefertafel.<\/p>\n<p>Schreibm\u00f6glichkeit mit Wasser- oder Trockenkreide, bei Bedarf auch mit Magnetbl\u00e4ttern.<\/p>\n<p>Vergessen Sie nicht, Ihre <a href=\"https:\/\/cdiffprom.ch\/produit\/feutre-craie-blanc-et-couleurs\/?attribute_couleur=Pochette+de+5+feutres+couleurs\">Filzstifte\/Kreiden<\/a> zu bestellen.<\/p>\n","protected":false},"featured_media":104516,"template":"","meta":{"slim_seo":{"title":"Schieferplatte mit Holzfu\u00df - Suisse - C.Diff-Prom","description":"Vertikale, doppelseitige Magnettafel mit verschiebbarer Schiefertafel. Schreibm\u00f6glichkeit mit Wasser- oder Trockenkreide, bei Bedarf auch mit Magnetbl\u00e4ttern. Ve"}},"product_brand":[],"product_cat":[6342,6343,15],"product_tag":[],"class_list":{"0":"post-105374","1":"product","2":"type-product","3":"status-publish","4":"has-post-thumbnail","6":"product_cat-anzeige","7":"product_cat-staffeleien-gehwegstopper","8":"product_cat-nouveaute","10":"first","11":"instock","12":"taxable","13":"shipping-taxable","14":"purchasable","15":"product-type-simple"},"_links":{"self":[{"href":"https:\/\/cdiffprom.ch\/de\/wp-json\/wp\/v2\/product\/105374","targetHints":{"allow":["GET"]}}],"collection":[{"href":"https:\/\/cdiffprom.ch\/de\/wp-json\/wp\/v2\/product"}],"about":[{"href":"https:\/\/cdiffprom.ch\/de\/wp-json\/wp\/v2\/types\/product"}],"wp:featuredmedia":[{"embeddable":true,"href":"https:\/\/cdiffprom.ch\/de\/wp-json\/wp\/v2\/media\/104516"}],"wp:attachment":[{"href":"https:\/\/cdiffprom.ch\/de\/wp-json\/wp\/v2\/media?parent=105374"}],"wp:term":[{"taxonomy":"product_brand","embeddable":true,"href":"https:\/\/cdiffprom.ch\/de\/wp-json\/wp\/v2\/product_brand?post=105374"},{"taxonomy":"product_cat","embeddable":true,"href":"https:\/\/cdiffprom.ch\/de\/wp-json\/wp\/v2\/product_cat?post=105374"},{"taxonomy":"product_tag","embeddable":true,"href":"https:\/\/cdiffprom.ch\/de\/wp-json\/wp\/v2\/product_tag?post=105374"}],"curies":[{"name":"wp","href":"https:\/\/api.w.org\/{rel}","templated":true}]}}