{"id":105379,"date":"2022-01-24T15:30:20","date_gmt":"2022-01-24T14:30:20","guid":{"rendered":"https:\/\/cdiffprom.ch\/produit\/tischstaffelei-mit-2-seiten\/"},"modified":"2022-01-24T15:30:20","modified_gmt":"2022-01-24T14:30:20","slug":"tischstaffelei-mit-2-seiten","status":"publish","type":"product","link":"https:\/\/cdiffprom.ch\/de\/produit\/tischstaffelei-mit-2-seiten\/","title":{"rendered":"TISCHSTAFFELEI MIT 2 SEITEN"},"content":{"rendered":"<h3><strong>Tischstaffelei mit zwei Seiten<\/strong><\/h3>\n<p>Mit diesem zweiseitigen Tischst\u00e4nder k\u00f6nnen Sie Ihre Kunden mit Filzstiften\/Kreiden auf Ihre Men\u00fcs oder Sonderangebote hinweisen.<\/p>\n<p>Da die Flipchart zusammenklappbar ist, kann sie bei Bedarf auch leicht verstaut werden.<\/p>\n<h4><strong>Merkmale<\/strong><\/h4>\n<ul>\n<li>Schreibfl\u00e4che H 26 x B 25 cm<\/li>\n<li>Nichtmagnetischer Schiefer<\/li>\n<li>R\u00fcckhaltekette in ausgeklappter Position<\/li>\n<li>Offen: H 35 x B 30 x T 28 cm<\/li>\n<li>Zusammengeklappt: H 36 x B 30 x T 4 cm<\/li>\n<li>Gewicht 1,3 kg<\/li>\n<\/ul>\n<h4><strong>Lieferbedingungen<\/strong><\/h4>\n<p>Zu Ihrer Information: Nach Eingang Ihres Auftrags sind unsere Produkte innerhalb von etwa zehn Tagen lieferbar.<\/p>\n<p>Z\u00f6gern Sie nicht <a href=\"https:\/\/cdiffprom.ch\/elements\/contactez-nous\/\"><strong>uns zu kontaktieren.<\/strong><\/a> Wenn Sie einen dringenderen Bedarf haben, k\u00f6nnen wir Ihnen immer eine schnellere L\u00f6sung anbieten.<\/p>\n<p>Wir sind auch gerne bereit, Ihnen Informationen \u00fcber Mengenrabatte zu geben.<\/p>\n<p>Einige Artikel k\u00f6nnen eine l\u00e4ngere Lieferzeit in Anspruch nehmen, da sie nicht auf Lager unseres Lieferanten sind. In diesem Fall werden Sie nach Eingang Ihrer Bestellung benachrichtigt. <\/p>\n<p>Wir liefern versandkostenfrei ab einem Bestellwert von CHF. 500.-. Unterhalb dieses Betrags wird eine Pauschale von CHF. 15,90 zu entrichten. <\/p>\n<p>Bei allen Online-Bestellungen f\u00fchren wir immer einen Telefonanruf durch, um sicherzustellen, dass Sie das richtige Produkt f\u00fcr Ihre Bed\u00fcrfnisse ausgew\u00e4hlt haben. So k\u00f6nnen Sie sicher sein, dass Sie die richtige Wahl treffen. <\/p>\n","protected":false},"excerpt":{"rendered":"<p>Zweiseitige Tischstaffelei, faltbar, beschreibbar mit Stiften\/Kreiden.<\/p>\n<p>Ideales System f\u00fcr Ihre Tagesmen\u00fcs, die Sie auf Ihre Tische oder Theken legen k\u00f6nnen.<\/p>\n<p>Vergessen Sie nicht, Ihre <strong>Stifte\/Kreiden<\/strong> zu bestellen.<a href=\"https:\/\/cdiffprom.ch\/produit\/feutre-craie-blanc-et-couleurs\/?attribute_couleur=Pochette+de+5+feutres+couleurs\"><strong>Bitte f\u00fcllen Sie das Formular aus.<\/strong><\/a> !<\/p>\n","protected":false},"featured_media":104536,"template":"","meta":{"slim_seo":{"title":"TISCHSTAFFELEI MIT 2 SEITEN - Suisse - C.Diff-Prom","description":"Zweiseitige Tischstaffelei, faltbar, beschreibbar mit Stiften\/Kreiden. Ideales System f\u00fcr Ihre Tagesmen\u00fcs, die Sie auf Ihre Tische oder Theken legen k\u00f6nnen. Ver"}},"product_brand":[],"product_cat":[6342,6344,6345,15],"product_tag":[],"class_list":{"0":"post-105379","1":"product","2":"type-product","3":"status-publish","4":"has-post-thumbnail","6":"product_cat-anzeige","7":"product_cat-visitenkartenhalter-theken","8":"product_cat-visitenkartenhalter-theken-de","9":"product_cat-nouveaute","11":"first","12":"instock","13":"taxable","14":"shipping-taxable","15":"purchasable","16":"product-type-simple"},"_links":{"self":[{"href":"https:\/\/cdiffprom.ch\/de\/wp-json\/wp\/v2\/product\/105379","targetHints":{"allow":["GET"]}}],"collection":[{"href":"https:\/\/cdiffprom.ch\/de\/wp-json\/wp\/v2\/product"}],"about":[{"href":"https:\/\/cdiffprom.ch\/de\/wp-json\/wp\/v2\/types\/product"}],"wp:featuredmedia":[{"embeddable":true,"href":"https:\/\/cdiffprom.ch\/de\/wp-json\/wp\/v2\/media\/104536"}],"wp:attachment":[{"href":"https:\/\/cdiffprom.ch\/de\/wp-json\/wp\/v2\/media?parent=105379"}],"wp:term":[{"taxonomy":"product_brand","embeddable":true,"href":"https:\/\/cdiffprom.ch\/de\/wp-json\/wp\/v2\/product_brand?post=105379"},{"taxonomy":"product_cat","embeddable":true,"href":"https:\/\/cdiffprom.ch\/de\/wp-json\/wp\/v2\/product_cat?post=105379"},{"taxonomy":"product_tag","embeddable":true,"href":"https:\/\/cdiffprom.ch\/de\/wp-json\/wp\/v2\/product_tag?post=105379"}],"curies":[{"name":"wp","href":"https:\/\/api.w.org\/{rel}","templated":true}]}}