{"id":105380,"date":"2022-02-20T17:03:05","date_gmt":"2022-02-20T16:03:05","guid":{"rendered":"https:\/\/cdiffprom.ch\/produit\/kakemono-easymagnet\/"},"modified":"2022-02-20T17:03:05","modified_gmt":"2022-02-20T16:03:05","slug":"kakemono-easymagnet","status":"publish","type":"product","link":"https:\/\/cdiffprom.ch\/de\/produit\/kakemono-easymagnet\/","title":{"rendered":"KAKEMONO EASYMAGNET"},"content":{"rendered":"<h3><strong>Kakemono Easymagnet<\/strong><\/h3>\n<p>Entdecken Sie dieses neue Easymagnet Kakemono, das Sie mit seiner einfachen Handhabung bei Ihren verschiedenen Veranstaltungen und Messen \u00fcberraschen wird.<\/p>\n<p>Dieses Easymagnet-Kakemono ist ein Modell, das mit einer magnetischen Technologie arbeitet und somit einen Wechsel des Bildes in Sekundenschnelle erm\u00f6glicht &#8211; ohne das Material zu besch\u00e4digen.<\/p>\n<p>Dar\u00fcber hinaus ist er sowohl bei der Montage als auch beim Austausch von Bildern einfach zu bedienen und l\u00e4sst sich ebenso einfach wieder zusammenklappen.<\/p>\n<p>Im Vergleich zu herk\u00f6mmlichen Roll-Ups ist das Easymagnet Kakemono immer gerade und kann auf beiden Seiten bedruckt werden.<\/p>\n<p>Die Segel, auf die Ihre Grafiken gedruckt werden, bestehen aus 200 g Polyester f\u00fcr einseitige und 400 g f\u00fcr doppelseitige Segel.<\/p>\n<p>Um Ihnen den Transport zu erleichtern, wird es komplett mit einer Tragetasche geliefert.<\/p>\n<h4><strong>Technische Spezifikationen<\/strong><\/h4>\n<p>Erh\u00e4ltlich in 4 Basisgr\u00f6\u00dfen<\/p>\n<ul>\n<li>Small, 60 cm breit und 160 cm hoch<\/li>\n<li>Medium, 85 cm breit und 200 cm hoch<\/li>\n<li>Breit, 100 cm breit mit einer H\u00f6he von 200 cm<\/li>\n<li>XLarge, 120 cm breit und 200 cm hoch<\/li>\n<\/ul>\n<p>Verf\u00fcgbare Farben f\u00fcr Sockel und Pfosten :<\/p>\n<ul>\n<li>schwarz<\/li>\n<li>wei\u00df<\/li>\n<li>Silber<\/li>\n<\/ul>\n<p>Dieses Bild wird Ihnen hier als druckfertige Version angeboten. Senden Sie uns einfach das Bild, das Sie drucken m\u00f6chten, im PDF-Format, formatiert in den von Ihnen gew\u00e4hlten Abmessungen, und wir werden Ihnen dann ein Gut zum Druck zur endg\u00fcltigen Genehmigung vor dem Druck zusenden. <\/p>\n<p>Fragen Sie uns auch nach unseren Preisen f\u00fcr den Austausch von T\u00fcchern, f\u00fcr einzelne Strukturen oder f\u00fcr zus\u00e4tzliche Taschen.<\/p>\n<p>Z\u00f6gern Sie in jedem Fall nicht, uns zu kontaktieren. <a href=\"https:\/\/cdiffprom.ch\/elements\/contactez-nous\/\"><strong>kontaktieren Sie uns f\u00fcr eine Demonstration.<\/strong><\/a> an Ihrer Adresse ohne jegliche Verpflichtung Ihrerseits.<\/p>\n","protected":false},"excerpt":{"rendered":"<p>Dieser Artikel wird Ihnen komplett mit bedrucktem Tuch und Transporttasche angeboten.<\/p>\n<p>Wenn Sie ein Ersatztuch bedrucken lassen m\u00f6chten, besuchen Sie unsere Seite <strong><a href=\"https:\/\/cdiffprom.ch\/produit\/voile-seule-pour-easymagnet\/\">Ersatzsegel<\/a><\/strong><\/p>\n<p>Fragen Sie auch nach unseren Mengenrabatten ab 5 bestellten St\u00fcck und unseren Rabatten, wenn Sie keine Transporttasche w\u00fcnschen.<\/p>\n","protected":false},"featured_media":104556,"template":"","meta":{"slim_seo":{"title":"KAKEMONO EASYMAGNET - Suisse - C.Diff-Prom","description":"Dieser Artikel wird Ihnen komplett mit bedrucktem Tuch und Transporttasche angeboten. Wenn Sie ein Ersatztuch bedrucken lassen m\u00f6chten, besuchen Sie unsere Seit"}},"product_brand":[],"product_cat":[6340,6346,6341],"product_tag":[],"class_list":{"0":"post-105380","1":"product","2":"type-product","3":"status-publish","4":"has-post-thumbnail","6":"product_cat-kakemonos","7":"product_cat-mobile-displays","8":"product_cat-roll-up","10":"first","11":"instock","12":"taxable","13":"shipping-taxable","14":"purchasable","15":"product-type-variable"},"_links":{"self":[{"href":"https:\/\/cdiffprom.ch\/de\/wp-json\/wp\/v2\/product\/105380","targetHints":{"allow":["GET"]}}],"collection":[{"href":"https:\/\/cdiffprom.ch\/de\/wp-json\/wp\/v2\/product"}],"about":[{"href":"https:\/\/cdiffprom.ch\/de\/wp-json\/wp\/v2\/types\/product"}],"wp:featuredmedia":[{"embeddable":true,"href":"https:\/\/cdiffprom.ch\/de\/wp-json\/wp\/v2\/media\/104556"}],"wp:attachment":[{"href":"https:\/\/cdiffprom.ch\/de\/wp-json\/wp\/v2\/media?parent=105380"}],"wp:term":[{"taxonomy":"product_brand","embeddable":true,"href":"https:\/\/cdiffprom.ch\/de\/wp-json\/wp\/v2\/product_brand?post=105380"},{"taxonomy":"product_cat","embeddable":true,"href":"https:\/\/cdiffprom.ch\/de\/wp-json\/wp\/v2\/product_cat?post=105380"},{"taxonomy":"product_tag","embeddable":true,"href":"https:\/\/cdiffprom.ch\/de\/wp-json\/wp\/v2\/product_tag?post=105380"}],"curies":[{"name":"wp","href":"https:\/\/api.w.org\/{rel}","templated":true}]}}