{"id":105381,"date":"2022-10-28T18:12:01","date_gmt":"2022-10-28T16:12:01","guid":{"rendered":"https:\/\/cdiffprom.ch\/produit\/6-fahrradstaender\/"},"modified":"2022-10-28T18:12:01","modified_gmt":"2022-10-28T16:12:01","slug":"6-fahrradstaender","status":"publish","type":"product","link":"https:\/\/cdiffprom.ch\/de\/produit\/6-fahrradstaender\/","title":{"rendered":"6 FAHRRADST\u00c4NDER"},"content":{"rendered":"<h3><strong>Fahrradst\u00e4nder f\u00fcr 6 Fahrr\u00e4der<\/strong><\/h3>\n<p>Mit diesem Fahrradst\u00e4nder f\u00fcr 6 Fahrr\u00e4der haben Sie die M\u00f6glichkeit, eine bestimmte Anzahl von Fahrr\u00e4dern abzustellen, z.B. f\u00fcr Firmenparkpl\u00e4tze oder \u00f6ffentliche Parks.<\/p>\n<h4><strong>Merkmale<\/strong><\/h4>\n<ul>\n<li>Geeignet f\u00fcr alle Reifentypen<\/li>\n<li>Wird als Monoblock geliefert<\/li>\n<li>Vollst\u00e4ndig aus Metall<\/li>\n<li>Korrosionsschutzbehandlung<\/li>\n<li>Kann am Boden befestigt oder aufgestellt werden, Schrauben sind nicht im Lieferumfang enthalten.<\/li>\n<\/ul>\n<h4><strong>Lieferbedingungen<\/strong><\/h4>\n<p>Zu Ihrer Information: Nach Eingang Ihres Auftrags sind unsere Produkte innerhalb von etwa zehn Tagen lieferbar.<\/p>\n<p>Bitte <a href=\"https:\/\/cdiffprom.ch\/elements\/contactez-nous\/\">kontaktieren Sie uns<\/a>, wenn Sie dringenderen Bedarf haben, wir haben immer schnellere L\u00f6sungen f\u00fcr Sie.<\/p>\n<p>Wir sind auch gerne bereit, Ihnen Informationen \u00fcber Mengenrabatte zu geben.<\/p>\n<p>Einige Artikel k\u00f6nnen eine l\u00e4ngere Lieferzeit in Anspruch nehmen, da sie nicht auf Lager unseres Lieferanten sind. In diesem Fall werden Sie nach Eingang Ihrer Bestellung benachrichtigt. <\/p>\n<p>Wir liefern versandkostenfrei ab einem Bestellwert von CHF. 500.-. Unterhalb dieses Betrags wird eine Pauschale von CHF. 15,90 zu entrichten. <\/p>\n<p>Bei allen Online-Bestellungen f\u00fchren wir immer einen Telefonanruf durch, um sicherzustellen, dass Sie das richtige Produkt f\u00fcr Ihre Bed\u00fcrfnisse ausgew\u00e4hlt haben. So k\u00f6nnen Sie sicher sein, dass Sie die richtige Wahl treffen. <\/p>\n<p>&nbsp;<\/p>\n","protected":false},"excerpt":{"rendered":"<p>6 Fahrradst\u00e4nder<\/p>\n<p>Idealer Fahrradst\u00e4nder f\u00fcr Firmenparkpl\u00e4tze oder \u00f6ffentliche Parks.<\/p>\n<p>Wird in einem St\u00fcck geliefert.<\/p>\n<p>Selbsttragend, kann aufgestellt oder am Boden befestigt werden.<\/p>\n","protected":false},"featured_media":104976,"template":"","meta":{"slim_seo":{"title":"6 FAHRRADST\u00c4NDER - Suisse - C.Diff-Prom","description":"6 Fahrradst\u00e4nder Idealer Fahrradst\u00e4nder f\u00fcr Firmenparkpl\u00e4tze oder \u00f6ffentliche Parks. Wird in einem St\u00fcck geliefert. Selbsttragend, kann aufgestellt oder am Bode"}},"product_brand":[],"product_cat":[6347],"product_tag":[],"class_list":{"0":"post-105381","1":"product","2":"type-product","3":"status-publish","4":"has-post-thumbnail","6":"product_cat-behalter-wagen","8":"first","9":"instock","10":"taxable","11":"shipping-taxable","12":"purchasable","13":"product-type-simple"},"_links":{"self":[{"href":"https:\/\/cdiffprom.ch\/de\/wp-json\/wp\/v2\/product\/105381","targetHints":{"allow":["GET"]}}],"collection":[{"href":"https:\/\/cdiffprom.ch\/de\/wp-json\/wp\/v2\/product"}],"about":[{"href":"https:\/\/cdiffprom.ch\/de\/wp-json\/wp\/v2\/types\/product"}],"wp:featuredmedia":[{"embeddable":true,"href":"https:\/\/cdiffprom.ch\/de\/wp-json\/wp\/v2\/media\/104976"}],"wp:attachment":[{"href":"https:\/\/cdiffprom.ch\/de\/wp-json\/wp\/v2\/media?parent=105381"}],"wp:term":[{"taxonomy":"product_brand","embeddable":true,"href":"https:\/\/cdiffprom.ch\/de\/wp-json\/wp\/v2\/product_brand?post=105381"},{"taxonomy":"product_cat","embeddable":true,"href":"https:\/\/cdiffprom.ch\/de\/wp-json\/wp\/v2\/product_cat?post=105381"},{"taxonomy":"product_tag","embeddable":true,"href":"https:\/\/cdiffprom.ch\/de\/wp-json\/wp\/v2\/product_tag?post=105381"}],"curies":[{"name":"wp","href":"https:\/\/api.w.org\/{rel}","templated":true}]}}