{"id":105385,"date":"2022-01-25T10:35:49","date_gmt":"2022-01-25T09:35:49","guid":{"rendered":"https:\/\/cdiffprom.ch\/produit\/mini-tischstaffelei\/"},"modified":"2022-01-25T10:35:49","modified_gmt":"2022-01-25T09:35:49","slug":"mini-tischstaffelei","status":"publish","type":"product","link":"https:\/\/cdiffprom.ch\/de\/produit\/mini-tischstaffelei\/","title":{"rendered":"MINI-TISCHSTAFFELEI"},"content":{"rendered":"<h3><strong>Mini-Tischstaffelei<\/strong><\/h3>\n<p>Mit dieser Mini-Tischstaffelei haben Sie ein einfaches und effektives Display, um Ihre Kunden \u00fcber Ihre verschiedenen Men\u00fcs oder Tagesangebote zu informieren.<\/p>\n<p>Sie k\u00f6nnen auf dieser Unterlage verschiedene Schieferformate ohne Rahmen hinterlegen, entweder in A4 (Quer-\/Hochformat) oder in A3.<\/p>\n<h4><strong>Merkmale Mini-Staffelei<\/strong><\/h4>\n<ul>\n<li>Faltbar und sehr stabil<\/li>\n<li>Offener Rahmen: H 37 x B 18 x T 22 cm<\/li>\n<li>Zusammengeklappt: 41 x 18 x 5 cm<\/li>\n<li>Geeignet f\u00fcr alle Schieferformate bis 45 x 45 cm<\/li>\n<\/ul>\n<h4><strong>Eigenschaften von Schiefer<\/strong><\/h4>\n<ul>\n<li>Beidseitiger Gebrauch<\/li>\n<li>Dicke 3 mm<\/li>\n<li>Schwarze Oberfl\u00e4che, beschreibbar mit Filzstiften oder Kreiden<\/li>\n<\/ul>\n<p>&nbsp;<\/p>\n<h4><strong>Lieferbedingungen<\/strong><\/h4>\n<p>Zu Ihrer Information: Nach Eingang Ihres Auftrags sind unsere Produkte innerhalb von etwa zehn Tagen lieferbar.<\/p>\n<p>Z\u00f6gern Sie nicht <a href=\"https:\/\/cdiffprom.ch\/elements\/contactez-nous\/\"><strong>kontaktieren Sie uns bitte.<\/strong><\/a> Wenn Sie einen dringenderen Bedarf haben, haben wir immer eine schnellere L\u00f6sung f\u00fcr Sie und k\u00f6nnen Sie auch \u00fcber Rabatte bei Mengenbestellungen informieren.<\/p>\n<p>Einige Artikel k\u00f6nnen eine l\u00e4ngere Lieferzeit in Anspruch nehmen, da sie nicht auf Lager unseres Lieferanten sind. In diesem Fall werden Sie nach Eingang Ihrer Bestellung benachrichtigt. <\/p>\n<p>Wir liefern versandkostenfrei ab einem Bestellwert von CHF. 500.-. Unterhalb dieses Betrags wird eine Pauschale von CHF. 15,90 zu entrichten. <\/p>\n<p>Bei allen Online-Bestellungen f\u00fchren wir immer einen Telefonanruf durch, um sicherzustellen, dass Sie das richtige Produkt f\u00fcr Ihre Bed\u00fcrfnisse ausgew\u00e4hlt haben. So k\u00f6nnen Sie sicher sein, dass Sie die richtige Wahl treffen. <\/p>\n<p>&nbsp;<\/p>\n","protected":false},"excerpt":{"rendered":"<p>Mini Flipchart und Schiefertafel ohne Rahmen, zusammenklappbar.<\/p>\n<p>Beidseitiges Schreiben mit Hilfe von <a href=\"https:\/\/cdiffprom.ch\/produit\/feutre-craie-blanc-et-couleurs\/?attribute_couleur=Pochette+de+5+feutres+couleurs\"><strong> Filzstifte\/Kreide<\/strong><\/a>.<\/p>\n","protected":false},"featured_media":104540,"template":"","meta":{"slim_seo":{"title":"MINI-TISCHSTAFFELEI - Suisse - C.Diff-Prom","description":"Mini Flipchart und Schiefertafel ohne Rahmen, zusammenklappbar. Beidseitiges Schreiben mit Hilfe von Filzstifte\/Kreide ."}},"product_brand":[],"product_cat":[6342,6344,15],"product_tag":[],"class_list":{"0":"post-105385","1":"product","2":"type-product","3":"status-publish","4":"has-post-thumbnail","6":"product_cat-anzeige","7":"product_cat-visitenkartenhalter-theken","8":"product_cat-nouveaute","10":"first","11":"instock","12":"taxable","13":"shipping-taxable","14":"purchasable","15":"product-type-variable"},"_links":{"self":[{"href":"https:\/\/cdiffprom.ch\/de\/wp-json\/wp\/v2\/product\/105385","targetHints":{"allow":["GET"]}}],"collection":[{"href":"https:\/\/cdiffprom.ch\/de\/wp-json\/wp\/v2\/product"}],"about":[{"href":"https:\/\/cdiffprom.ch\/de\/wp-json\/wp\/v2\/types\/product"}],"wp:featuredmedia":[{"embeddable":true,"href":"https:\/\/cdiffprom.ch\/de\/wp-json\/wp\/v2\/media\/104540"}],"wp:attachment":[{"href":"https:\/\/cdiffprom.ch\/de\/wp-json\/wp\/v2\/media?parent=105385"}],"wp:term":[{"taxonomy":"product_brand","embeddable":true,"href":"https:\/\/cdiffprom.ch\/de\/wp-json\/wp\/v2\/product_brand?post=105385"},{"taxonomy":"product_cat","embeddable":true,"href":"https:\/\/cdiffprom.ch\/de\/wp-json\/wp\/v2\/product_cat?post=105385"},{"taxonomy":"product_tag","embeddable":true,"href":"https:\/\/cdiffprom.ch\/de\/wp-json\/wp\/v2\/product_tag?post=105385"}],"curies":[{"name":"wp","href":"https:\/\/api.w.org\/{rel}","templated":true}]}}