{"id":105394,"date":"2022-07-05T17:23:08","date_gmt":"2022-07-05T15:23:08","guid":{"rendered":"https:\/\/cdiffprom.ch\/produit\/drehkreuz-fuer-postkarten\/"},"modified":"2022-07-05T17:23:08","modified_gmt":"2022-07-05T15:23:08","slug":"drehkreuz-fuer-postkarten","status":"publish","type":"product","link":"https:\/\/cdiffprom.ch\/de\/produit\/drehkreuz-fuer-postkarten\/","title":{"rendered":"DREHKREUZ F\u00dcR POSTKARTEN"},"content":{"rendered":"<h3>Drehkreuz f\u00fcr Postkarten<\/h3>\n<p>Stellen Sie dieses Postkarten-Drehkreuz auf Ihre Theke, um Ihren Kunden alle Ihre Postkarten zur Verf\u00fcgung zu stellen.<\/p>\n<p>18 Felder f\u00fcr breite Karten oder 12 Felder f\u00fcr hohe Karten auf 3 Seiten.<\/p>\n<p>F\u00fcr Postkarten im Format 10,5 x 15 cm<\/p>\n<p>Metallischer Giebel oben mit einer L\u00e4nge von 22 cm und einer H\u00f6he von 9 cm<\/p>\n<p>Drehkreuzmodus, der sich um eine sehr stabile Achse dreht.<\/p>\n<p>Gesamtau\u00dfenma\u00dfe H 67 x \u00d8 36 cm, aus grauem Metalldraht<\/p>\n","protected":false},"excerpt":{"rendered":"<p>Ideale Drehsperre f\u00fcr Empf\u00e4nge, Kioske und \u00f6ffentliche Einrichtungen<\/p>\n","protected":false},"featured_media":104836,"template":"","meta":{"slim_seo":{"title":"DREHKREUZ F\u00dcR POSTKARTEN - Suisse - C.Diff-Prom","description":"Ideale Drehsperre f\u00fcr Empf\u00e4nge, Kioske und \u00f6ffentliche Einrichtungen"}},"product_brand":[],"product_cat":[6351,6349,6348],"product_tag":[],"class_list":{"0":"post-105394","1":"product","2":"type-product","3":"status-publish","4":"has-post-thumbnail","6":"product_cat-drehkreuze-fur-presse-und-zeitungen","7":"product_cat-postkarten-und-strassenkarten","8":"product_cat-thekenaufsteller","10":"first","11":"instock","12":"taxable","13":"shipping-taxable","14":"purchasable","15":"product-type-simple"},"_links":{"self":[{"href":"https:\/\/cdiffprom.ch\/de\/wp-json\/wp\/v2\/product\/105394","targetHints":{"allow":["GET"]}}],"collection":[{"href":"https:\/\/cdiffprom.ch\/de\/wp-json\/wp\/v2\/product"}],"about":[{"href":"https:\/\/cdiffprom.ch\/de\/wp-json\/wp\/v2\/types\/product"}],"wp:featuredmedia":[{"embeddable":true,"href":"https:\/\/cdiffprom.ch\/de\/wp-json\/wp\/v2\/media\/104836"}],"wp:attachment":[{"href":"https:\/\/cdiffprom.ch\/de\/wp-json\/wp\/v2\/media?parent=105394"}],"wp:term":[{"taxonomy":"product_brand","embeddable":true,"href":"https:\/\/cdiffprom.ch\/de\/wp-json\/wp\/v2\/product_brand?post=105394"},{"taxonomy":"product_cat","embeddable":true,"href":"https:\/\/cdiffprom.ch\/de\/wp-json\/wp\/v2\/product_cat?post=105394"},{"taxonomy":"product_tag","embeddable":true,"href":"https:\/\/cdiffprom.ch\/de\/wp-json\/wp\/v2\/product_tag?post=105394"}],"curies":[{"name":"wp","href":"https:\/\/api.w.org\/{rel}","templated":true}]}}