{"id":105395,"date":"2022-01-25T16:33:06","date_gmt":"2022-01-25T15:33:06","guid":{"rendered":"https:\/\/cdiffprom.ch\/produit\/wirtschaftliche-staffelei\/"},"modified":"2022-01-25T16:33:06","modified_gmt":"2022-01-25T15:33:06","slug":"wirtschaftliche-staffelei","status":"publish","type":"product","link":"https:\/\/cdiffprom.ch\/de\/produit\/wirtschaftliche-staffelei\/","title":{"rendered":"WIRTSCHAFTLICHE STAFFELEI"},"content":{"rendered":"<h3><strong>Wirtschaftliche Staffelei<\/strong><\/h3>\n<p>Sie k\u00f6nnen diese preiswerte Flipchart in vielen Bereichen einsetzen, z.B. in Restaurants, B\u00e4ckereien, Bars, Caf\u00e9s und Tea-Rooms.<\/p>\n<p>Dank der drei verschiedenen H\u00f6heneinstellungen ist dieses Displaysystem sehr einfach zu bedienen.<\/p>\n<h4><strong>Merkmale<\/strong><\/h4>\n<ul>\n<li>Ideal f\u00fcr alle Arten von Bilderrahmen, wie z.B. Schiefertafeln, Wandtafeln, etc.<\/li>\n<li>3 Stufen der horizontalen Stange vom Boden aus einstellbar, d.h. 70, 80 oder 90 cm<\/li>\n<li>Helle Buche<\/li>\n<li>Platzbedarf offen: 80 x 70 x 160 cm<\/li>\n<li>Gewicht 5 kg<\/li>\n<\/ul>\n<h4><strong>Lieferbedingungen<\/strong><\/h4>\n<p>Zu Ihrer Information: Nach Eingang Ihres Auftrags sind unsere Produkte innerhalb von etwa zehn Tagen lieferbar.<\/p>\n<p>Z\u00f6gern Sie nicht <a href=\"https:\/\/cdiffprom.ch\/elements\/contactez-nous\/\"><strong>uns zu kontaktieren.<\/strong><\/a> Wenn Sie einen dringenderen Bedarf haben, k\u00f6nnen wir Ihnen immer eine schnellere L\u00f6sung anbieten.<\/p>\n<p>Wir sind auch gerne bereit, Ihnen Informationen \u00fcber Mengenrabatte zu geben.<\/p>\n<p>Einige Artikel k\u00f6nnen eine l\u00e4ngere Lieferzeit in Anspruch nehmen, da sie nicht auf Lager unseres Lieferanten sind. In diesem Fall werden Sie nach Eingang Ihrer Bestellung benachrichtigt. <\/p>\n<p>Wir liefern versandkostenfrei ab einem Bestellwert von CHF. 500.-. Unterhalb dieses Betrags wird eine Pauschale von CHF. 15,90 zu entrichten. <\/p>\n<p>Bei allen Online-Bestellungen f\u00fchren wir immer einen Telefonanruf durch, um sicherzustellen, dass Sie das richtige Produkt f\u00fcr Ihre Bed\u00fcrfnisse ausgew\u00e4hlt haben. So k\u00f6nnen Sie sicher sein, dass Sie die richtige Wahl treffen. <\/p>\n","protected":false},"excerpt":{"rendered":"<p>Eine Staffelei, die f\u00fcr alle Arten von Plakatrahmen geeignet ist, wie z. B. Tafeln, Schiefertafeln.<\/p>\n<p>3 Stufen der Einstellung.<\/p>\n<p>W\u00e4hlen Sie hier Ihr gew\u00fcnschtes<a href=\"https:\/\/cdiffprom.ch\/produit\/chevalet-ardoise-tableau-ardoise\/?attribute_pa_dimensions=80-x-60-cm&amp;attribute_types=Tableau+simple+face\"> <strong>Schiefertafel<\/strong><\/a>.<\/p>\n","protected":false},"featured_media":104544,"template":"","meta":{"slim_seo":{"title":"WIRTSCHAFTLICHE STAFFELEI - Suisse - C.Diff-Prom","description":"Eine Staffelei, die f\u00fcr alle Arten von Plakatrahmen geeignet ist, wie z. B. Tafeln, Schiefertafeln. 3 Stufen der Einstellung. W\u00e4hlen Sie hier Ihr gew\u00fcnschtes Sc"}},"product_brand":[],"product_cat":[6350,6343],"product_tag":[],"class_list":{"0":"post-105395","1":"product","2":"type-product","3":"status-publish","4":"has-post-thumbnail","6":"product_cat-flipcharts-fur-konferenzen","7":"product_cat-staffeleien-gehwegstopper","9":"first","10":"instock","11":"taxable","12":"shipping-taxable","13":"purchasable","14":"product-type-simple"},"_links":{"self":[{"href":"https:\/\/cdiffprom.ch\/de\/wp-json\/wp\/v2\/product\/105395","targetHints":{"allow":["GET"]}}],"collection":[{"href":"https:\/\/cdiffprom.ch\/de\/wp-json\/wp\/v2\/product"}],"about":[{"href":"https:\/\/cdiffprom.ch\/de\/wp-json\/wp\/v2\/types\/product"}],"wp:featuredmedia":[{"embeddable":true,"href":"https:\/\/cdiffprom.ch\/de\/wp-json\/wp\/v2\/media\/104544"}],"wp:attachment":[{"href":"https:\/\/cdiffprom.ch\/de\/wp-json\/wp\/v2\/media?parent=105395"}],"wp:term":[{"taxonomy":"product_brand","embeddable":true,"href":"https:\/\/cdiffprom.ch\/de\/wp-json\/wp\/v2\/product_brand?post=105395"},{"taxonomy":"product_cat","embeddable":true,"href":"https:\/\/cdiffprom.ch\/de\/wp-json\/wp\/v2\/product_cat?post=105395"},{"taxonomy":"product_tag","embeddable":true,"href":"https:\/\/cdiffprom.ch\/de\/wp-json\/wp\/v2\/product_tag?post=105395"}],"curies":[{"name":"wp","href":"https:\/\/api.w.org\/{rel}","templated":true}]}}