{"id":105396,"date":"2022-10-30T09:53:48","date_gmt":"2022-10-30T08:53:48","guid":{"rendered":"https:\/\/cdiffprom.ch\/produit\/14-fahrradstaender\/"},"modified":"2022-10-30T09:53:48","modified_gmt":"2022-10-30T08:53:48","slug":"14-fahrradstaender","status":"publish","type":"product","link":"https:\/\/cdiffprom.ch\/de\/produit\/14-fahrradstaender\/","title":{"rendered":"14 FAHRRADST\u00c4NDER"},"content":{"rendered":"<h3><strong>Fahrradst\u00e4nder f\u00fcr 14 Fahrr\u00e4der<\/strong><\/h3>\n<p>Mit diesem Fahrradst\u00e4nder f\u00fcr 14 Fahrr\u00e4der haben Sie die M\u00f6glichkeit, eine gro\u00dfe Anzahl von Fahrr\u00e4dern zu parken.<\/p>\n<p>Dieses System ist daher ideal f\u00fcr Firmenparkpl\u00e4tze oder \u00f6ffentliche Parks.<\/p>\n<h4><strong>Merkmale<\/strong><\/h4>\n<ul>\n<li>Geeignet f\u00fcr alle Reifentypen<\/li>\n<li>Wird als Monoblock geliefert<\/li>\n<li>Vollst\u00e4ndig aus Metall<\/li>\n<li>Korrosionsschutzbehandlung<\/li>\n<li>Kann am Boden befestigt oder aufgestellt werden, Schrauben nicht im Lieferumfang enthalten<br \/>\nAbmessungen: H 30 x B 200 x T 38 cm<br \/>\nGewicht 16 kg<\/li>\n<\/ul>\n<h4><strong>Lieferbedingungen<\/strong><\/h4>\n<p>Zu Ihrer Information: Nach Eingang Ihres Auftrags sind unsere Produkte innerhalb von etwa zehn Tagen lieferbar.<\/p>\n<p>Bitte <a href=\"https:\/\/cdiffprom.ch\/elements\/contactez-nous\/\">kontaktieren Sie uns<\/a>, wenn Sie dringenderen Bedarf haben, wir haben immer schnellere L\u00f6sungen f\u00fcr Sie.<\/p>\n<p>Wir sind auch gerne bereit, Ihnen Informationen \u00fcber Mengenrabatte zu geben.<\/p>\n<p>Einige Artikel k\u00f6nnen eine l\u00e4ngere Lieferzeit in Anspruch nehmen, da sie nicht auf Lager unseres Lieferanten sind. In diesem Fall werden Sie nach Eingang Ihrer Bestellung benachrichtigt. <\/p>\n<p>Wir liefern versandkostenfrei ab einem Bestellwert von CHF. 500.-. Unterhalb dieses Betrags wird eine Pauschale von CHF. 15,90 zu entrichten. <\/p>\n<p>Bei allen Online-Bestellungen f\u00fchren wir immer einen Telefonanruf durch, um sicherzustellen, dass Sie das richtige Produkt f\u00fcr Ihre Bed\u00fcrfnisse ausgew\u00e4hlt haben. So k\u00f6nnen Sie sicher sein, dass Sie die richtige Wahl treffen. <\/p>\n<p>&nbsp;<\/p>\n","protected":false},"excerpt":{"rendered":"<p>14 Fahrradst\u00e4nder<\/p>\n<p>Ein Fahrradst\u00e4ndersystem, das sich perfekt f\u00fcr Firmenparkpl\u00e4tze oder \u00f6ffentliche Parks eignet.<\/p>\n<p>Der gr\u00f6\u00dfte in unserer Kollektion.<\/p>\n<p>Monoblock, korrosionsbest\u00e4ndig.<\/p>\n","protected":false},"featured_media":104979,"template":"","meta":{"slim_seo":{"title":"14 FAHRRADST\u00c4NDER - Suisse - C.Diff-Prom","description":"14 Fahrradst\u00e4nder Ein Fahrradst\u00e4ndersystem, das sich perfekt f\u00fcr Firmenparkpl\u00e4tze oder \u00f6ffentliche Parks eignet. Der gr\u00f6\u00dfte in unserer Kollektion. Monoblock, ko"}},"product_brand":[],"product_cat":[6347],"product_tag":[],"class_list":{"0":"post-105396","1":"product","2":"type-product","3":"status-publish","4":"has-post-thumbnail","6":"product_cat-behalter-wagen","8":"first","9":"instock","10":"taxable","11":"shipping-taxable","12":"purchasable","13":"product-type-simple"},"_links":{"self":[{"href":"https:\/\/cdiffprom.ch\/de\/wp-json\/wp\/v2\/product\/105396","targetHints":{"allow":["GET"]}}],"collection":[{"href":"https:\/\/cdiffprom.ch\/de\/wp-json\/wp\/v2\/product"}],"about":[{"href":"https:\/\/cdiffprom.ch\/de\/wp-json\/wp\/v2\/types\/product"}],"wp:featuredmedia":[{"embeddable":true,"href":"https:\/\/cdiffprom.ch\/de\/wp-json\/wp\/v2\/media\/104979"}],"wp:attachment":[{"href":"https:\/\/cdiffprom.ch\/de\/wp-json\/wp\/v2\/media?parent=105396"}],"wp:term":[{"taxonomy":"product_brand","embeddable":true,"href":"https:\/\/cdiffprom.ch\/de\/wp-json\/wp\/v2\/product_brand?post=105396"},{"taxonomy":"product_cat","embeddable":true,"href":"https:\/\/cdiffprom.ch\/de\/wp-json\/wp\/v2\/product_cat?post=105396"},{"taxonomy":"product_tag","embeddable":true,"href":"https:\/\/cdiffprom.ch\/de\/wp-json\/wp\/v2\/product_tag?post=105396"}],"curies":[{"name":"wp","href":"https:\/\/api.w.org\/{rel}","templated":true}]}}