{"id":105397,"date":"2022-10-30T10:11:38","date_gmt":"2022-10-30T09:11:38","guid":{"rendered":"https:\/\/cdiffprom.ch\/produit\/1-fahrradhalter\/"},"modified":"2022-10-30T10:11:38","modified_gmt":"2022-10-30T09:11:38","slug":"1-fahrradhalter","status":"publish","type":"product","link":"https:\/\/cdiffprom.ch\/de\/produit\/1-fahrradhalter\/","title":{"rendered":"1 FAHRRADHALTER"},"content":{"rendered":"<h3><strong>Fahrradst\u00e4nder f\u00fcr 1 Fahrrad<\/strong><\/h3>\n<p>Mit diesem St\u00e4nder f\u00fcr 1 Velo k\u00f6nnen Sie Ihr Zweirad optimal parken.<\/p>\n<p>Dar\u00fcber hinaus k\u00f6nnen Sie mehrere Module miteinander verbinden, um mehrere Fahrr\u00e4der abzustellen.<\/p>\n<h4><span style=\"font-size: 14.4px;\"><strong>Merkmale<\/strong><\/span><\/h4>\n<ul>\n<li>Blockierung aller Reifentypen<\/li>\n<li>Vollst\u00e4ndig aus Metall<\/li>\n<li>Korrosionsschutzbehandlung f\u00fcr den Au\u00dfenbereich<\/li>\n<li>Kann an der Wand oder am Boden befestigt werden, Schrauben sind nicht im Lieferumfang enthalten.<\/li>\n<\/ul>\n<h4><strong>Lieferbedingungen<\/strong><\/h4>\n<p>Zu Ihrer Information: Nach Eingang Ihres Auftrags sind unsere Produkte innerhalb von etwa zehn Tagen lieferbar.<\/p>\n<p>Bitte <a href=\"https:\/\/cdiffprom.ch\/elements\/contactez-nous\/\">kontaktieren Sie uns<\/a>, wenn Sie dringenderen Bedarf haben, wir haben immer schnellere L\u00f6sungen f\u00fcr Sie.<\/p>\n<p>Wir sind auch gerne bereit, Ihnen Informationen \u00fcber Mengenrabatte zu geben.<\/p>\n<p>Einige Artikel k\u00f6nnen eine l\u00e4ngere Lieferzeit in Anspruch nehmen, da sie nicht auf Lager unseres Lieferanten sind. In diesem Fall werden Sie nach Eingang Ihrer Bestellung benachrichtigt. <\/p>\n<p>Wir liefern versandkostenfrei ab einem Bestellwert von CHF. 500.-. Unterhalb dieses Betrags wird eine Pauschale von CHF. 15,90 zu entrichten. <\/p>\n<p>Bei allen Online-Bestellungen f\u00fchren wir immer einen Telefonanruf durch, um sicherzustellen, dass Sie das richtige Produkt f\u00fcr Ihre Bed\u00fcrfnisse ausgew\u00e4hlt haben. So k\u00f6nnen Sie sicher sein, dass Sie die richtige Wahl treffen. <\/p>\n","protected":false},"excerpt":{"rendered":"<p>Fahrradst\u00e4nder f\u00fcr 1 Fahrrad<br \/>\nVollst\u00e4ndig aus Metall, f\u00fcr alle Reifentypen geeignet.<br \/>\nM\u00f6glichkeit, mehrere Module miteinander zu verbinden.<\/p>\n<p>Kann auch an einer Wand befestigt werden.<\/p>\n","protected":false},"featured_media":104919,"template":"","meta":{"slim_seo":{"title":"1 FAHRRADHALTER - Suisse - C.Diff-Prom","description":"Fahrradst\u00e4nder f\u00fcr 1 Fahrrad Vollst\u00e4ndig aus Metall, f\u00fcr alle Reifentypen geeignet. M\u00f6glichkeit, mehrere Module miteinander zu verbinden. Kann auch an einer Wan"}},"product_brand":[],"product_cat":[6347],"product_tag":[],"class_list":{"0":"post-105397","1":"product","2":"type-product","3":"status-publish","4":"has-post-thumbnail","6":"product_cat-behalter-wagen","8":"first","9":"instock","10":"taxable","11":"shipping-taxable","12":"purchasable","13":"product-type-simple"},"_links":{"self":[{"href":"https:\/\/cdiffprom.ch\/de\/wp-json\/wp\/v2\/product\/105397","targetHints":{"allow":["GET"]}}],"collection":[{"href":"https:\/\/cdiffprom.ch\/de\/wp-json\/wp\/v2\/product"}],"about":[{"href":"https:\/\/cdiffprom.ch\/de\/wp-json\/wp\/v2\/types\/product"}],"wp:featuredmedia":[{"embeddable":true,"href":"https:\/\/cdiffprom.ch\/de\/wp-json\/wp\/v2\/media\/104919"}],"wp:attachment":[{"href":"https:\/\/cdiffprom.ch\/de\/wp-json\/wp\/v2\/media?parent=105397"}],"wp:term":[{"taxonomy":"product_brand","embeddable":true,"href":"https:\/\/cdiffprom.ch\/de\/wp-json\/wp\/v2\/product_brand?post=105397"},{"taxonomy":"product_cat","embeddable":true,"href":"https:\/\/cdiffprom.ch\/de\/wp-json\/wp\/v2\/product_cat?post=105397"},{"taxonomy":"product_tag","embeddable":true,"href":"https:\/\/cdiffprom.ch\/de\/wp-json\/wp\/v2\/product_tag?post=105397"}],"curies":[{"name":"wp","href":"https:\/\/api.w.org\/{rel}","templated":true}]}}