{"id":105398,"date":"2022-10-21T14:25:41","date_gmt":"2022-10-21T12:25:41","guid":{"rendered":"https:\/\/cdiffprom.ch\/produit\/feuerfester-plakatrahmen\/"},"modified":"2022-10-21T14:25:41","modified_gmt":"2022-10-21T12:25:41","slug":"feuerfester-plakatrahmen","status":"publish","type":"product","link":"https:\/\/cdiffprom.ch\/de\/produit\/feuerfester-plakatrahmen\/","title":{"rendered":"FEUERFESTER PLAKATRAHMEN"},"content":{"rendered":"<h3><strong>Feuerfester Display-Rahmen<\/strong><\/h3>\n<p>Dieser feuerfeste Plakatrahmen ist perfekt f\u00fcr alle \u00f6ffentlichen Bereiche. Er besteht aus eloxiertem Aluminium in der Farbe Alugrau.<\/p>\n<p>Dies ist ein sehr empfehlenswerter Rahmen f\u00fcr Installationen in Schulen, Colleges, Universit\u00e4ten oder anderen Orten, die die Brandschutznorm B1 erfordern.<\/p>\n<p>Dar\u00fcber hinaus ist das sch\u00fctzende Plexiglas entspiegelt und UV-best\u00e4ndig.<\/p>\n<h4><strong>Merkmale<\/strong><\/h4>\n<ul>\n<li>R\u00fcckseite des Rahmens verzinkt<\/li>\n<li>Nicht entflammbar (klassifiziert als B1)<\/li>\n<li>Brandschutzklasse gem\u00e4\u00df EN13501-1 Klasse B s1 d0<\/li>\n<li>25 mm breites, eloxiertes Profil mit rechtwinkligen Ecken<\/li>\n<li>Antireflex-Posterschutz nicht Feuer B1<\/li>\n<li>Alu-Grau<\/li>\n<li>D\u00fcbelschrauben nicht im Lieferumfang enthalten<\/li>\n<li>Schutzfolie, die von beiden Seiten des Plexiglases entfernt werden muss<\/li>\n<\/ul>\n<p><strong>Lieferbedingungen<\/strong><\/p>\n<p>Zu Ihrer Information: Nach Eingang Ihres Auftrags sind unsere Produkte innerhalb von etwa zehn Tagen lieferbar.<\/p>\n<p>Bitte <a href=\"https:\/\/cdiffprom.ch\/elements\/contactez-nous\/\">kontaktieren Sie uns<\/a>, wenn Sie dringenderen Bedarf haben, wir haben immer schnellere L\u00f6sungen f\u00fcr Sie.<\/p>\n<p>Wir sind auch gerne bereit, Ihnen Informationen \u00fcber Mengenrabatte zu geben.<\/p>\n<p>Einige Artikel k\u00f6nnen eine l\u00e4ngere Lieferzeit in Anspruch nehmen, da sie nicht auf Lager unseres Lieferanten sind. In diesem Fall werden Sie nach Eingang Ihrer Bestellung benachrichtigt.<\/p>\n<p>Wir liefern versandkostenfrei ab einem Bestellwert von CHF. 500.-. Unter diesem Betrag wird ein Pauschalbeitrag von CHF. 15,90 zu zahlen.<\/p>\n<p>Bei allen Online-Bestellungen f\u00fchren wir immer einen Telefonanruf durch, um sicherzustellen, dass Sie das richtige Produkt f\u00fcr Ihre Bed\u00fcrfnisse ausgew\u00e4hlt haben. So k\u00f6nnen Sie sicher sein, dass Sie die richtige Wahl treffen.<\/p>\n<p>&nbsp;<\/p>\n<p>&nbsp;<\/p>\n<p>&nbsp;<\/p>\n","protected":false},"excerpt":{"rendered":"<p>Feuerfester Plakatrahmen mit Metallstruktur auf der R\u00fcckseite.<\/p>\n<p>Geeignet f\u00fcr alle Orte, die den Feuerschutzstandard B1 erfordern.<\/p>\n","protected":false},"featured_media":104950,"template":"","meta":{"slim_seo":{"title":"FEUERFESTER PLAKATRAHMEN - Suisse - C.Diff-Prom","description":"Feuerfester Plakatrahmen mit Metallstruktur auf der R\u00fcckseite. Geeignet f\u00fcr alle Orte, die den Feuerschutzstandard B1 erfordern."}},"product_brand":[],"product_cat":[6342,6339,15],"product_tag":[],"class_list":{"0":"post-105398","1":"product","2":"type-product","3":"status-publish","4":"has-post-thumbnail","6":"product_cat-anzeige","7":"product_cat-plakatrahmen","8":"product_cat-nouveaute","10":"first","11":"instock","12":"taxable","13":"shipping-taxable","14":"purchasable","15":"product-type-variable"},"_links":{"self":[{"href":"https:\/\/cdiffprom.ch\/de\/wp-json\/wp\/v2\/product\/105398","targetHints":{"allow":["GET"]}}],"collection":[{"href":"https:\/\/cdiffprom.ch\/de\/wp-json\/wp\/v2\/product"}],"about":[{"href":"https:\/\/cdiffprom.ch\/de\/wp-json\/wp\/v2\/types\/product"}],"wp:featuredmedia":[{"embeddable":true,"href":"https:\/\/cdiffprom.ch\/de\/wp-json\/wp\/v2\/media\/104950"}],"wp:attachment":[{"href":"https:\/\/cdiffprom.ch\/de\/wp-json\/wp\/v2\/media?parent=105398"}],"wp:term":[{"taxonomy":"product_brand","embeddable":true,"href":"https:\/\/cdiffprom.ch\/de\/wp-json\/wp\/v2\/product_brand?post=105398"},{"taxonomy":"product_cat","embeddable":true,"href":"https:\/\/cdiffprom.ch\/de\/wp-json\/wp\/v2\/product_cat?post=105398"},{"taxonomy":"product_tag","embeddable":true,"href":"https:\/\/cdiffprom.ch\/de\/wp-json\/wp\/v2\/product_tag?post=105398"}],"curies":[{"name":"wp","href":"https:\/\/api.w.org\/{rel}","templated":true}]}}