{"id":105405,"date":"2022-10-30T10:24:41","date_gmt":"2022-10-30T09:24:41","guid":{"rendered":"https:\/\/cdiffprom.ch\/produit\/fahrradstaender-fuer-8-fahrraeder\/"},"modified":"2022-10-30T10:24:41","modified_gmt":"2022-10-30T09:24:41","slug":"fahrradstaender-fuer-8-fahrraeder","status":"publish","type":"product","link":"https:\/\/cdiffprom.ch\/de\/produit\/fahrradstaender-fuer-8-fahrraeder\/","title":{"rendered":"FAHRRADST\u00c4NDER F\u00dcR 8 FAHRR\u00c4DER"},"content":{"rendered":"<h3><strong>Fahrradst\u00e4nder f\u00fcr 8 Fahrr\u00e4der<\/strong><\/h3>\n<p>Mit diesem Fahrradst\u00e4nder f\u00fcr 8 Fahrr\u00e4der haben Sie die M\u00f6glichkeit, eine Anzahl von Fahrr\u00e4dern abzustellen, z.B. auf Firmenparkpl\u00e4tzen oder in \u00f6ffentlichen Parks.<\/p>\n<p>Au\u00dferdem k\u00f6nnen die Fahrr\u00e4der auf diesem St\u00e4nder gegen\u00fcber oder gegeneinander aufgestellt werden.<\/p>\n<h4><strong>Merkmale<\/strong><\/h4>\n<ul>\n<li>Geeignet f\u00fcr alle Reifentypen<\/li>\n<li>Wird als Monoblock geliefert<\/li>\n<li>Vollst\u00e4ndig aus Metall<\/li>\n<li>Korrosionsschutzbehandlung<\/li>\n<li>Kann am Boden befestigt oder aufgestellt werden<\/li>\n<li>Abmessungen: H 44 x B 150 x T 40 cm, Gewicht 12 kg<\/li>\n<\/ul>\n<h4><strong>Lieferbedingungen<\/strong><\/h4>\n<p>Zu Ihrer Information: Nach Eingang Ihres Auftrags sind unsere Produkte innerhalb von etwa zehn Tagen lieferbar.<\/p>\n<p>Bitte <a href=\"https:\/\/cdiffprom.ch\/elements\/contactez-nous\/\">kontaktieren Sie uns<\/a>, wenn Sie dringenderen Bedarf haben, wir haben immer schnellere L\u00f6sungen f\u00fcr Sie.<\/p>\n<p>Wir sind auch gerne bereit, Ihnen Informationen \u00fcber Mengenrabatte zu geben.<\/p>\n<p>Einige Artikel k\u00f6nnen eine l\u00e4ngere Lieferzeit in Anspruch nehmen, da sie nicht auf Lager unseres Lieferanten sind. In diesem Fall werden Sie nach Eingang Ihrer Bestellung benachrichtigt. <\/p>\n<p>Wir liefern versandkostenfrei ab einem Bestellwert von CHF. 500.-. Unterhalb dieses Betrags wird eine Pauschale von CHF. 15,90 zu entrichten. <\/p>\n<p>Bei allen Online-Bestellungen f\u00fchren wir immer einen Telefonanruf durch, um sicher zu gehen, dass Sie das richtige Produkt f\u00fcr Ihre Bed\u00fcrfnisse ausgew\u00e4hlt haben. So k\u00f6nnen Sie sicher sein, dass Sie die richtige Wahl treffen. <\/p>\n","protected":false},"excerpt":{"rendered":"<p>8 Fahrradst\u00e4nder<\/p>\n<p>Einteiliger, korrosionsbest\u00e4ndiger Fahrradst\u00e4nder, ideal f\u00fcr Firmenparkpl\u00e4tze oder \u00f6ffentliche Parks.<\/p>\n","protected":false},"featured_media":104994,"template":"","meta":{"slim_seo":{"title":"FAHRRADST\u00c4NDER F\u00dcR 8 FAHRR\u00c4DER - Suisse - C.Diff-Prom","description":"8 Fahrradst\u00e4nder Einteiliger, korrosionsbest\u00e4ndiger Fahrradst\u00e4nder, ideal f\u00fcr Firmenparkpl\u00e4tze oder \u00f6ffentliche Parks."}},"product_brand":[],"product_cat":[6347],"product_tag":[],"class_list":{"0":"post-105405","1":"product","2":"type-product","3":"status-publish","4":"has-post-thumbnail","6":"product_cat-behalter-wagen","8":"first","9":"instock","10":"taxable","11":"shipping-taxable","12":"purchasable","13":"product-type-simple"},"_links":{"self":[{"href":"https:\/\/cdiffprom.ch\/de\/wp-json\/wp\/v2\/product\/105405","targetHints":{"allow":["GET"]}}],"collection":[{"href":"https:\/\/cdiffprom.ch\/de\/wp-json\/wp\/v2\/product"}],"about":[{"href":"https:\/\/cdiffprom.ch\/de\/wp-json\/wp\/v2\/types\/product"}],"wp:featuredmedia":[{"embeddable":true,"href":"https:\/\/cdiffprom.ch\/de\/wp-json\/wp\/v2\/media\/104994"}],"wp:attachment":[{"href":"https:\/\/cdiffprom.ch\/de\/wp-json\/wp\/v2\/media?parent=105405"}],"wp:term":[{"taxonomy":"product_brand","embeddable":true,"href":"https:\/\/cdiffprom.ch\/de\/wp-json\/wp\/v2\/product_brand?post=105405"},{"taxonomy":"product_cat","embeddable":true,"href":"https:\/\/cdiffprom.ch\/de\/wp-json\/wp\/v2\/product_cat?post=105405"},{"taxonomy":"product_tag","embeddable":true,"href":"https:\/\/cdiffprom.ch\/de\/wp-json\/wp\/v2\/product_tag?post=105405"}],"curies":[{"name":"wp","href":"https:\/\/api.w.org\/{rel}","templated":true}]}}