{"id":105406,"date":"2022-10-21T15:54:21","date_gmt":"2022-10-21T13:54:21","guid":{"rendered":"https:\/\/cdiffprom.ch\/produit\/fahrradstaender-fuer-5-fahrraeder\/"},"modified":"2022-10-21T15:54:21","modified_gmt":"2022-10-21T13:54:21","slug":"fahrradstaender-fuer-5-fahrraeder","status":"publish","type":"product","link":"https:\/\/cdiffprom.ch\/de\/produit\/fahrradstaender-fuer-5-fahrraeder\/","title":{"rendered":"FAHRRADST\u00c4NDER F\u00dcR 5 FAHRR\u00c4DER"},"content":{"rendered":"<h3><strong>Fahrradst\u00e4nder f\u00fcr 5 Fahrr\u00e4der<\/strong><\/h3>\n<div class=\"produit-description col-xs-12 col-sm-7\">\n<div>Mit diesem Fahrradst\u00e4nder f\u00fcr 5 Fahrr\u00e4der k\u00f6nnen Sie die Zweir\u00e4der Ihrer Kunden oder Besucher optimal vor Ihrem Gesch\u00e4ft parken.<\/div>\n<\/div>\n<div><\/div>\n<div>Da die sanfte Mobilit\u00e4t einen immer gr\u00f6\u00dferen Stellenwert einnimmt, muss geeignetes Material zur Verf\u00fcgung gestellt werden.<\/div>\n<div class=\"produit-description col-xs-12 col-sm-7\">\n<div><\/div>\n<div><strong style=\"font-size: 14.4px;\">Merkmale<\/strong><\/div>\n<\/div>\n<div class=\"produit-description col-xs-12 col-sm-7\">\n<ul>\n<li>Vollst\u00e4ndig aus Metall<\/li>\n<li>Korrosionsschutzbehandlung<\/li>\n<li>Witterungsbest\u00e4ndig<\/li>\n<li>Wird als Monoblock geliefert<\/li>\n<li>Kompatibel mit allen Reifentypen<\/li>\n<li>Kann aufgestellt oder am Boden befestigt werden, Schrauben nicht inbegriffen<\/li>\n<\/ul>\n<h4><strong>Lieferbedingungen<\/strong><\/h4>\n<p>Zu Ihrer Information: Nach Eingang Ihres Auftrags sind unsere Produkte innerhalb von etwa zehn Tagen lieferbar.<\/p>\n<p>Bitte <a href=\"https:\/\/cdiffprom.ch\/elements\/contactez-nous\/\">kontaktieren Sie uns<\/a>, wenn Sie dringenderen Bedarf haben, wir haben immer schnellere L\u00f6sungen f\u00fcr Sie.<\/p>\n<p>Wir sind auch gerne bereit, Ihnen Informationen \u00fcber Mengenrabatte zu geben.<\/p>\n<p>Einige Artikel k\u00f6nnen eine l\u00e4ngere Lieferzeit in Anspruch nehmen, da sie nicht auf Lager unseres Lieferanten sind. In diesem Fall werden Sie nach Eingang Ihrer Bestellung benachrichtigt. <\/p>\n<p>Wir liefern versandkostenfrei ab einem Bestellwert von CHF. 500.-. Unterhalb dieses Betrags wird eine Pauschale von CHF. 15,90 zu entrichten. <\/p>\n<p>Bei allen Online-Bestellungen f\u00fchren wir immer einen Telefonanruf durch, um sicherzustellen, dass Sie das richtige Produkt f\u00fcr Ihre Bed\u00fcrfnisse ausgew\u00e4hlt haben. So k\u00f6nnen Sie sicher sein, dass Sie die richtige Wahl treffen. <\/p>\n<\/div>\n","protected":false},"excerpt":{"rendered":"<p>Fahrradst\u00e4nder f\u00fcr 5 Fahrr\u00e4der<\/p>\n<p>Einteiliger, korrosionsbest\u00e4ndiger Fahrradst\u00e4nder, geeignet f\u00fcr alle Reifentypen.<br \/>\nSehen Sie sich auch unsere anderen Modelle an.<\/p>\n","protected":false},"featured_media":104972,"template":"","meta":{"slim_seo":{"title":"FAHRRADST\u00c4NDER F\u00dcR 5 FAHRR\u00c4DER - Suisse - C.Diff-Prom","description":"Fahrradst\u00e4nder f\u00fcr 5 Fahrr\u00e4der Einteiliger, korrosionsbest\u00e4ndiger Fahrradst\u00e4nder, geeignet f\u00fcr alle Reifentypen. Sehen Sie sich auch unsere anderen Modelle an."}},"product_brand":[],"product_cat":[6347],"product_tag":[],"class_list":{"0":"post-105406","1":"product","2":"type-product","3":"status-publish","4":"has-post-thumbnail","6":"product_cat-behalter-wagen","8":"first","9":"instock","10":"taxable","11":"shipping-taxable","12":"purchasable","13":"product-type-simple"},"_links":{"self":[{"href":"https:\/\/cdiffprom.ch\/de\/wp-json\/wp\/v2\/product\/105406","targetHints":{"allow":["GET"]}}],"collection":[{"href":"https:\/\/cdiffprom.ch\/de\/wp-json\/wp\/v2\/product"}],"about":[{"href":"https:\/\/cdiffprom.ch\/de\/wp-json\/wp\/v2\/types\/product"}],"wp:featuredmedia":[{"embeddable":true,"href":"https:\/\/cdiffprom.ch\/de\/wp-json\/wp\/v2\/media\/104972"}],"wp:attachment":[{"href":"https:\/\/cdiffprom.ch\/de\/wp-json\/wp\/v2\/media?parent=105406"}],"wp:term":[{"taxonomy":"product_brand","embeddable":true,"href":"https:\/\/cdiffprom.ch\/de\/wp-json\/wp\/v2\/product_brand?post=105406"},{"taxonomy":"product_cat","embeddable":true,"href":"https:\/\/cdiffprom.ch\/de\/wp-json\/wp\/v2\/product_cat?post=105406"},{"taxonomy":"product_tag","embeddable":true,"href":"https:\/\/cdiffprom.ch\/de\/wp-json\/wp\/v2\/product_tag?post=105406"}],"curies":[{"name":"wp","href":"https:\/\/api.w.org\/{rel}","templated":true}]}}