{"id":105407,"date":"2022-12-13T19:23:32","date_gmt":"2022-12-13T18:23:32","guid":{"rendered":"https:\/\/cdiffprom.ch\/produit\/mobiles-rednerpult-schwarz\/"},"modified":"2022-12-13T19:23:32","modified_gmt":"2022-12-13T18:23:32","slug":"mobiles-rednerpult-schwarz","status":"publish","type":"product","link":"https:\/\/cdiffprom.ch\/de\/produit\/mobiles-rednerpult-schwarz\/","title":{"rendered":"MOBILES REDNERPULT SCHWARZ"},"content":{"rendered":"<h3><strong>Mobiles Rednerpult schwarz<\/strong><\/h3>\n<p>Mit diesem schwarzen mobilen Stehpult haben Sie einen ausgezeichneten Arbeitsplatz. Das System ist mit 4 Lenkrollen mit Bremse ausgestattet, so dass Sie Ihre Position leicht \u00e4ndern k\u00f6nnen. <\/p>\n<h4><strong>Merkmale<\/strong><\/h4>\n<ul style=\"font-weight: 400;\">\n<li>In der H\u00f6he verstellbar<\/li>\n<li>Metallprofil, mattschwarzes Finish<\/li>\n<li>60 x 40 cm gro\u00dfe obere Platte, bis zu 30 Grad neigbar<\/li>\n<li>Regal mit Rand 35 x 20 cm<\/li>\n<li>Min. H\u00f6he: 78,50 cm &#8211; Max. H\u00f6he: 123,50 cm<\/li>\n<li>Gesamtabmessungen: H 123,50 x B 63 x T 44,7 cm<\/li>\n<li>Gewicht 11,5 kg<\/li>\n<\/ul>\n<p>&nbsp;<\/p>\n<p><strong>Lieferbedingungen<\/strong><\/p>\n<p>Zu Ihrer Information: Nach Eingang Ihres Auftrags sind unsere Produkte innerhalb von etwa zehn Tagen lieferbar.<\/p>\n<p>Bitte <a href=\"https:\/\/cdiffprom.ch\/elements\/contactez-nous\/\">kontaktieren Sie uns<\/a>, wenn Sie dringenderen Bedarf haben, wir haben immer schnellere L\u00f6sungen f\u00fcr Sie.<\/p>\n<p>Wir sind auch gerne bereit, Ihnen Informationen \u00fcber Mengenrabatte zu geben.<\/p>\n<p>Einige Artikel k\u00f6nnen eine l\u00e4ngere Lieferzeit in Anspruch nehmen, da sie nicht auf Lager unseres Lieferanten sind. In diesem Fall werden Sie nach Eingang Ihrer Bestellung benachrichtigt. <\/p>\n<p>Wir liefern versandkostenfrei ab einem Bestellwert von CHF. 500.-. Unterhalb dieses Betrags wird eine Pauschale von CHF. 15,90 zu entrichten. <\/p>\n<p>Bei allen Online-Bestellungen f\u00fchren wir immer einen Telefonanruf durch, um sicher zu gehen, dass Sie das richtige Produkt f\u00fcr Ihre Bed\u00fcrfnisse ausgew\u00e4hlt haben. So k\u00f6nnen Sie sicher sein, dass Sie die richtige Wahl treffen. <\/p>\n","protected":false},"excerpt":{"rendered":"<p>Mobiles Rednerpult, schwarz, h\u00f6henverstellbar, mit 4 Rollen mit Bremse<\/p>\n","protected":false},"featured_media":104915,"template":"","meta":{"slim_seo":{"title":"MOBILES REDNERPULT SCHWARZ - Suisse - C.Diff-Prom","description":"Mobiles Rednerpult, schwarz, h\u00f6henverstellbar, mit 4 Rollen mit Bremse"}},"product_brand":[],"product_cat":[6352,15],"product_tag":[],"class_list":{"0":"post-105407","1":"product","2":"type-product","3":"status-publish","4":"has-post-thumbnail","6":"product_cat-pult-und-theken","7":"product_cat-nouveaute","9":"first","10":"instock","11":"taxable","12":"shipping-taxable","13":"purchasable","14":"product-type-simple"},"_links":{"self":[{"href":"https:\/\/cdiffprom.ch\/de\/wp-json\/wp\/v2\/product\/105407","targetHints":{"allow":["GET"]}}],"collection":[{"href":"https:\/\/cdiffprom.ch\/de\/wp-json\/wp\/v2\/product"}],"about":[{"href":"https:\/\/cdiffprom.ch\/de\/wp-json\/wp\/v2\/types\/product"}],"wp:featuredmedia":[{"embeddable":true,"href":"https:\/\/cdiffprom.ch\/de\/wp-json\/wp\/v2\/media\/104915"}],"wp:attachment":[{"href":"https:\/\/cdiffprom.ch\/de\/wp-json\/wp\/v2\/media?parent=105407"}],"wp:term":[{"taxonomy":"product_brand","embeddable":true,"href":"https:\/\/cdiffprom.ch\/de\/wp-json\/wp\/v2\/product_brand?post=105407"},{"taxonomy":"product_cat","embeddable":true,"href":"https:\/\/cdiffprom.ch\/de\/wp-json\/wp\/v2\/product_cat?post=105407"},{"taxonomy":"product_tag","embeddable":true,"href":"https:\/\/cdiffprom.ch\/de\/wp-json\/wp\/v2\/product_tag?post=105407"}],"curies":[{"name":"wp","href":"https:\/\/api.w.org\/{rel}","templated":true}]}}