{"id":105408,"date":"2023-01-23T14:03:33","date_gmt":"2023-01-23T13:03:33","guid":{"rendered":"https:\/\/cdiffprom.ch\/produit\/mobiles-pult-aus-gehaertetem-glas\/"},"modified":"2023-01-23T14:03:33","modified_gmt":"2023-01-23T13:03:33","slug":"mobiles-pult-aus-gehaertetem-glas","status":"publish","type":"product","link":"https:\/\/cdiffprom.ch\/de\/produit\/mobiles-pult-aus-gehaertetem-glas\/","title":{"rendered":"MOBILES PULT AUS GEH\u00c4RTETEM GLAS"},"content":{"rendered":"<h3><strong>Mobiles Pult aus geh\u00e4rtetem Glas<\/strong><\/h3>\n<p>Mit diesem mobilen Rednerpult aus geh\u00e4rtetem Glas haben Sie ein unverzichtbares Hilfsmittel f\u00fcr alle Ihre Pr\u00e4sentationen.<\/p>\n<p>Dar\u00fcber hinaus bietet die Stahlbasis, die von zwei Zylindern gekr\u00f6nt wird, dem Rednerpult eine hohe Stabilit\u00e4t.<\/p>\n<h4><strong>Merkmale<\/strong><\/h4>\n<ul>\n<li>Zwei Modelle zur Auswahl: grau oder schwarz, Aluminiumoptik<\/li>\n<li>4 Rollen unter der Basis<\/li>\n<li>In einem Winkel von 15\u00b0 geneigte Glasplatte mit abgerundeten Kanten zur Vermeidung von Unf\u00e4llen<\/li>\n<li>Mitgelieferte Leiste zum Festhalten der Dokumente auf der Lesefl\u00e4che<\/li>\n<li>Gesamth\u00f6he: H 111,1 x 60 x 34,5 cm<\/li>\n<li>Gewicht: 13,7 kg<\/li>\n<li>M\u00f6glichkeit, eine Frontplatte zwischen dem Sockel und der Basis hinzuzuf\u00fcgen.<\/li>\n<\/ul>\n<h4><strong>Lieferbedingungen<\/strong><\/h4>\n<p>Zu Ihrer Information: Nach Eingang Ihres Auftrags sind unsere Produkte innerhalb von etwa zehn Tagen lieferbar.<\/p>\n<p>Bitte <a href=\"https:\/\/cdiffprom.ch\/elements\/contactez-nous\/\">kontaktieren Sie uns<\/a>, wenn Sie dringenderen Bedarf haben. Wir haben immer eine schnellere L\u00f6sung f\u00fcr Sie und k\u00f6nnen Sie auch \u00fcber Rabatte bei gr\u00f6\u00dferen Bestellmengen informieren.<\/p>\n<p>Einige Artikel k\u00f6nnen eine l\u00e4ngere Lieferzeit in Anspruch nehmen, da sie nicht auf Lager unseres Lieferanten sind. In diesem Fall werden Sie nach Eingang Ihrer Bestellung benachrichtigt.<\/p>\n<p>Wir liefern versandkostenfrei ab einem Bestellwert von CHF. 500.-. Unter diesem Betrag wird ein Pauschalbeitrag von CHF. 15,90 zu zahlen.<\/p>\n<p>Bei allen Online-Bestellungen f\u00fchren wir immer einen Telefonanruf durch, um sicherzustellen, dass Sie das richtige Produkt f\u00fcr Ihre Bed\u00fcrfnisse ausgew\u00e4hlt haben. So k\u00f6nnen Sie sicher sein, dass Sie die richtige Wahl treffen.<\/p>\n","protected":false},"excerpt":{"rendered":"<p>Mobiles Rednerpult aus geh\u00e4rtetem Glas<\/p>\n<p>Rednerpult mit 4 Rollen, geeignet f\u00fcr alle Arten von Konferenzen und\/oder Empfangsb\u00fcros.<\/p>\n<p>Aluminiumoptik, grau oder schwarz.<\/p>\n<p>M\u00f6glichkeit, ein Schild an der Vorderseite anzubringen, indem Sie auf das Bild klicken. <strong><a href=\"https:\/\/cdiffprom.ch\/produit\/panneau-frontal-pour-lutrin\/\">Link<\/a><\/strong><\/p>\n","protected":false},"featured_media":105054,"template":"","meta":{"slim_seo":{"title":"MOBILES PULT AUS GEH\u00c4RTETEM GLAS - Suisse - C.Diff-Prom","description":"Mobiles Rednerpult aus geh\u00e4rtetem Glas Rednerpult mit 4 Rollen, geeignet f\u00fcr alle Arten von Konferenzen und\/oder Empfangsb\u00fcros. Aluminiumoptik, grau oder schwar"}},"product_brand":[],"product_cat":[6350,6355,6352,15],"product_tag":[],"class_list":{"0":"post-105408","1":"product","2":"type-product","3":"status-publish","4":"has-post-thumbnail","6":"product_cat-flipcharts-fur-konferenzen","7":"product_cat-konferenz","8":"product_cat-pult-und-theken","9":"product_cat-nouveaute","10":"pa_couleurs-grau","11":"pa_couleurs-schwarz","13":"first","14":"instock","15":"taxable","16":"shipping-taxable","17":"purchasable","18":"product-type-variable","19":"has-default-attributes"},"_links":{"self":[{"href":"https:\/\/cdiffprom.ch\/de\/wp-json\/wp\/v2\/product\/105408","targetHints":{"allow":["GET"]}}],"collection":[{"href":"https:\/\/cdiffprom.ch\/de\/wp-json\/wp\/v2\/product"}],"about":[{"href":"https:\/\/cdiffprom.ch\/de\/wp-json\/wp\/v2\/types\/product"}],"wp:featuredmedia":[{"embeddable":true,"href":"https:\/\/cdiffprom.ch\/de\/wp-json\/wp\/v2\/media\/105054"}],"wp:attachment":[{"href":"https:\/\/cdiffprom.ch\/de\/wp-json\/wp\/v2\/media?parent=105408"}],"wp:term":[{"taxonomy":"product_brand","embeddable":true,"href":"https:\/\/cdiffprom.ch\/de\/wp-json\/wp\/v2\/product_brand?post=105408"},{"taxonomy":"product_cat","embeddable":true,"href":"https:\/\/cdiffprom.ch\/de\/wp-json\/wp\/v2\/product_cat?post=105408"},{"taxonomy":"product_tag","embeddable":true,"href":"https:\/\/cdiffprom.ch\/de\/wp-json\/wp\/v2\/product_tag?post=105408"}],"curies":[{"name":"wp","href":"https:\/\/api.w.org\/{rel}","templated":true}]}}