{"id":105409,"date":"2025-04-11T10:13:30","date_gmt":"2025-04-11T08:13:30","guid":{"rendered":"https:\/\/cdiffprom.ch\/produit\/transportwagen\/"},"modified":"2025-04-11T10:13:30","modified_gmt":"2025-04-11T08:13:30","slug":"transportwagen","status":"publish","type":"product","link":"https:\/\/cdiffprom.ch\/de\/produit\/transportwagen\/","title":{"rendered":"Transportwagen"},"content":{"rendered":"<p>Transportwagen<\/p>\n<p>Dieser Transportwagen ist in zwei Gr\u00f6\u00dfen erh\u00e4ltlich und wird Ihnen in vielen Situationen behilflich sein, z.B. beim Umzug, beim Transport von Material oder bei der Einrichtung von Ausstellungen.<\/p>\n<p>150 kg Belastung<br \/>\nAbmessungen (L x B x H): 740 x 480 x 840 mm f\u00fcr das kleinste Modell bei einem Gewicht von 8 kg<br \/>\n300 kg Belastung<br \/>\nAbmessungen (L x B x H): 915 x 615 X H 873 mm f\u00fcr das gr\u00f6\u00dfte Modell bei einem Gewicht von 13,5 kg<\/p>\n<p>Dank seiner Lenkrollen mit Bremsen und seiner Stahlplatte mit rutschfester Beschichtung bietet dieser Wagen eine hohe Stabilit\u00e4t beim Transport. Au\u00dferdem ist er faltbar und nimmt bei Nichtgebrauch nur ein Minimum an Platz ein.<br \/>\nSein geringes Gewicht im unbenutzten Zustand macht es f\u00fcr alle Personen sehr einfach, ihn zu benutzen.  <\/p>\n","protected":false},"excerpt":{"rendered":"<p>Transportwagen Dieser Transportwagen ist in zwei Gr\u00f6\u00dfen erh\u00e4ltlich und wird Ihnen in vielen Situationen behilflich sein, z.B. beim Umzug, beim Transport von Material oder bei der Einrichtung von Ausstellungen. 150 kg Belastung Abmessungen (L x B x H): 740 x 480 x 840 mm f\u00fcr das kleinste Modell bei einem Gewicht von 8 kg 300&#8230;<\/p>\n","protected":false},"featured_media":105358,"template":"","meta":{"slim_seo":{"title":"Transportwagen - Suisse - C.Diff-Prom","description":"Transportwagen Dieser Transportwagen ist in zwei Gr\u00f6\u00dfen erh\u00e4ltlich und wird Ihnen in vielen Situationen behilflich sein, z.B. beim Umzug, beim Transport von Mat"}},"product_brand":[],"product_cat":[6347,15],"product_tag":[],"class_list":{"0":"post-105409","1":"product","2":"type-product","3":"status-publish","4":"has-post-thumbnail","6":"product_cat-behalter-wagen","7":"product_cat-nouveaute","9":"first","10":"instock","11":"taxable","12":"shipping-taxable","13":"purchasable","14":"product-type-variable"},"_links":{"self":[{"href":"https:\/\/cdiffprom.ch\/de\/wp-json\/wp\/v2\/product\/105409","targetHints":{"allow":["GET"]}}],"collection":[{"href":"https:\/\/cdiffprom.ch\/de\/wp-json\/wp\/v2\/product"}],"about":[{"href":"https:\/\/cdiffprom.ch\/de\/wp-json\/wp\/v2\/types\/product"}],"wp:featuredmedia":[{"embeddable":true,"href":"https:\/\/cdiffprom.ch\/de\/wp-json\/wp\/v2\/media\/105358"}],"wp:attachment":[{"href":"https:\/\/cdiffprom.ch\/de\/wp-json\/wp\/v2\/media?parent=105409"}],"wp:term":[{"taxonomy":"product_brand","embeddable":true,"href":"https:\/\/cdiffprom.ch\/de\/wp-json\/wp\/v2\/product_brand?post=105409"},{"taxonomy":"product_cat","embeddable":true,"href":"https:\/\/cdiffprom.ch\/de\/wp-json\/wp\/v2\/product_cat?post=105409"},{"taxonomy":"product_tag","embeddable":true,"href":"https:\/\/cdiffprom.ch\/de\/wp-json\/wp\/v2\/product_tag?post=105409"}],"curies":[{"name":"wp","href":"https:\/\/api.w.org\/{rel}","templated":true}]}}