{"id":105414,"date":"2025-04-11T15:45:17","date_gmt":"2025-04-11T13:45:17","guid":{"rendered":"https:\/\/cdiffprom.ch\/produit\/anzeige-auf-ovalem-fuss\/"},"modified":"2025-04-11T15:45:17","modified_gmt":"2025-04-11T13:45:17","slug":"anzeige-auf-ovalem-fuss","status":"publish","type":"product","link":"https:\/\/cdiffprom.ch\/de\/produit\/anzeige-auf-ovalem-fuss\/","title":{"rendered":"Anzeige auf ovalem Fu\u00df"},"content":{"rendered":"<p>Anzeige auf ovalem Fu\u00df<\/p>\n<p>Erh\u00e4ltlich in den Farben schwarz oder alugrau ist dieses Indoor-Display Ihr Verb\u00fcndeter, um Ihre Produkte in Ihrem Verkaufsraum zu pr\u00e4sentieren.<\/p>\n<p>Der gewichtete ovale Fu\u00df sorgt f\u00fcr eine ausgezeichnete Stabilit\u00e4t und die drei verschiedenen Gr\u00f6\u00dfen erm\u00f6glichen es Ihnen, Ihre Poster in den Formaten A1, A2 und B2 oben einzuf\u00fchren.<\/p>\n<p>Die vollst\u00e4ndigen Abmessungen dieser Medien sind :<\/p>\n<p>&#8211; A2 Au\u00dferhalb 1525 x 480 mm Display-Rahmen A2 420 x 892 mm Gewicht 10 kg<br \/>\n&#8211; A1 Au\u00dferhalb 1525 x 560 mm Display-Rahmen A1 594 x 841 mm Gewicht 12 kg<br \/>\n&#8211; B2 Au\u00dferhalb 1525 x 560 mm Display-Rahmen B2 500 x 707 mm Gewicht 11 kg<\/p>\n<p>Bitte beachten Sie, dass dieses Medium nur in vertikaler Ausrichtung verwendet werden kann<br \/>\nBeidseitige Anzeige, Antireflexionsschutz auf beiden Seiten<br \/>\nRahmenprofil: 25 mm<\/p>\n","protected":false},"excerpt":{"rendered":"<p>Ovaler Standfu\u00df in schwarz und alu-grau erh\u00e4ltlich<\/p>\n","protected":false},"featured_media":105362,"template":"","meta":{"slim_seo":{"title":"Anzeige auf ovalem Fu\u00df - Suisse - C.Diff-Prom","description":"Ovaler Standfu\u00df in schwarz und alu-grau erh\u00e4ltlich"}},"product_brand":[],"product_cat":[6342,6356,15],"product_tag":[],"class_list":{"0":"post-105414","1":"product","2":"type-product","3":"status-publish","4":"has-post-thumbnail","6":"product_cat-anzeige","7":"product_cat-plakatstander-auf-fuss","8":"product_cat-nouveaute","10":"first","11":"instock","12":"taxable","13":"shipping-taxable","14":"purchasable","15":"product-type-variable"},"_links":{"self":[{"href":"https:\/\/cdiffprom.ch\/de\/wp-json\/wp\/v2\/product\/105414","targetHints":{"allow":["GET"]}}],"collection":[{"href":"https:\/\/cdiffprom.ch\/de\/wp-json\/wp\/v2\/product"}],"about":[{"href":"https:\/\/cdiffprom.ch\/de\/wp-json\/wp\/v2\/types\/product"}],"wp:featuredmedia":[{"embeddable":true,"href":"https:\/\/cdiffprom.ch\/de\/wp-json\/wp\/v2\/media\/105362"}],"wp:attachment":[{"href":"https:\/\/cdiffprom.ch\/de\/wp-json\/wp\/v2\/media?parent=105414"}],"wp:term":[{"taxonomy":"product_brand","embeddable":true,"href":"https:\/\/cdiffprom.ch\/de\/wp-json\/wp\/v2\/product_brand?post=105414"},{"taxonomy":"product_cat","embeddable":true,"href":"https:\/\/cdiffprom.ch\/de\/wp-json\/wp\/v2\/product_cat?post=105414"},{"taxonomy":"product_tag","embeddable":true,"href":"https:\/\/cdiffprom.ch\/de\/wp-json\/wp\/v2\/product_tag?post=105414"}],"curies":[{"name":"wp","href":"https:\/\/api.w.org\/{rel}","templated":true}]}}