{"id":105415,"date":"2023-01-23T14:41:02","date_gmt":"2023-01-23T13:41:02","guid":{"rendered":"https:\/\/cdiffprom.ch\/produit\/frontplatte-fuer-notenstaender\/"},"modified":"2023-01-23T14:41:02","modified_gmt":"2023-01-23T13:41:02","slug":"frontplatte-fuer-notenstaender","status":"publish","type":"product","link":"https:\/\/cdiffprom.ch\/de\/produit\/frontplatte-fuer-notenstaender\/","title":{"rendered":"Frontplatte f\u00fcr Notenst\u00e4nder"},"content":{"rendered":"<p>Frontplatte f\u00fcr Notenst\u00e4nder mit Glasablage<\/p>\n","protected":false},"excerpt":{"rendered":"<p>Frontplatte f\u00fcr Rednerpult<\/p>\n<p>Erh\u00e4ltlich in den Farben Ihres Rednerpults.<\/p>\n","protected":false},"featured_media":105058,"template":"","meta":{"slim_seo":{"title":"Frontplatte f\u00fcr Notenst\u00e4nder - Suisse - C.Diff-Prom","description":"Frontplatte f\u00fcr Rednerpult Erh\u00e4ltlich in den Farben Ihres Rednerpults."}},"product_brand":[],"product_cat":[6352],"product_tag":[],"class_list":{"0":"post-105415","1":"product","2":"type-product","3":"status-publish","4":"has-post-thumbnail","6":"product_cat-pult-und-theken","8":"first","9":"instock","10":"taxable","11":"shipping-taxable","12":"purchasable","13":"product-type-variable"},"_links":{"self":[{"href":"https:\/\/cdiffprom.ch\/de\/wp-json\/wp\/v2\/product\/105415","targetHints":{"allow":["GET"]}}],"collection":[{"href":"https:\/\/cdiffprom.ch\/de\/wp-json\/wp\/v2\/product"}],"about":[{"href":"https:\/\/cdiffprom.ch\/de\/wp-json\/wp\/v2\/types\/product"}],"wp:featuredmedia":[{"embeddable":true,"href":"https:\/\/cdiffprom.ch\/de\/wp-json\/wp\/v2\/media\/105058"}],"wp:attachment":[{"href":"https:\/\/cdiffprom.ch\/de\/wp-json\/wp\/v2\/media?parent=105415"}],"wp:term":[{"taxonomy":"product_brand","embeddable":true,"href":"https:\/\/cdiffprom.ch\/de\/wp-json\/wp\/v2\/product_brand?post=105415"},{"taxonomy":"product_cat","embeddable":true,"href":"https:\/\/cdiffprom.ch\/de\/wp-json\/wp\/v2\/product_cat?post=105415"},{"taxonomy":"product_tag","embeddable":true,"href":"https:\/\/cdiffprom.ch\/de\/wp-json\/wp\/v2\/product_tag?post=105415"}],"curies":[{"name":"wp","href":"https:\/\/api.w.org\/{rel}","templated":true}]}}