{"id":105424,"date":"2023-11-05T11:05:57","date_gmt":"2023-11-05T10:05:57","guid":{"rendered":"https:\/\/cdiffprom.ch\/produit\/messetheke-durchmesser-60cm\/"},"modified":"2023-11-05T11:05:57","modified_gmt":"2023-11-05T10:05:57","slug":"messetheke-durchmesser-60cm","status":"publish","type":"product","link":"https:\/\/cdiffprom.ch\/de\/produit\/messetheke-durchmesser-60cm\/","title":{"rendered":"Messetheke Durchmesser 60cm"},"content":{"rendered":"<div><strong>Messetheke Durchmesser 60cm<\/strong><\/div>\n<div><\/div>\n<div>Auf dieser Ausstellungstheke haben Sie die M\u00f6glichkeit, ein Poster einzuf\u00fcgen und es nach Belieben zu ver\u00e4ndern.<\/div>\n<div>Die maximalen Abmessungen des Posters sind eine L\u00e4nge von 120,5 cm und eine H\u00f6he von 86,5 cm.<\/div>\n<div>Er verf\u00fcgt \u00fcber ein Innenregal f\u00fcr die Aufbewahrung Ihrer Unterlagen.<\/div>\n<div><\/div>\n<div>Die runde Konstruktion mit einem Durchmesser von 60 cm und einer H\u00f6he von 90 cm erm\u00f6glicht Ihnen angenehme Gespr\u00e4che mit Ihren Kunden.<\/div>\n<div><\/div>\n<div class=\"accroche-fiche\"><strong>Leicht zu transportierende und aufzustellende Messetheke f\u00fcr Ihre Veranstaltungen.<\/strong><\/div>\n<ul>\n<li>M\u00f6glichkeit, Ihre Botschaft auf der Thekenwand anzubringen<\/li>\n<li>Wei\u00dfe MDF-Platte mit einer Tragf\u00e4higkeit von 70 kg f\u00fcr Produkte und Unterlagen<\/li>\n<li>MDF-Innenregal mit einer Kapazit\u00e4t von bis zu 30 kg, das den Lagerraum in zwei Teile teilt.<\/li>\n<li>Transporttasche im Lieferumfang enthalten<\/li>\n<\/ul>\n<p><strong>Lieferbedingungen<\/strong><\/p>\n<p>Alle unsere Produkte sind in der Regel innerhalb von 10 Tagen nach Eingang Ihrer Bestellung lieferbar. Z\u00f6gern Sie nicht <a href=\"https:\/\/cdiffprom.ch\/elements\/contactez-nous\/\"><strong>uns zu kontaktieren.<\/strong><\/a> Wenn Sie einen dringenderen Bedarf haben, k\u00f6nnen wir Ihnen immer eine schnellere L\u00f6sung anbieten.<\/p>\n<p>Wir w\u00e4hlen diese Frist, um unsere Transporte zu optimieren und die nachhaltige Entwicklung zu respektieren. Dies ist f\u00fcr uns auch eine M\u00f6glichkeit, unsere Kosten zu senken, so dass Sie immer von niedrigen und fairen Preisen profitieren k\u00f6nnen.<\/p>\n<p>Einige Artikel k\u00f6nnen eine l\u00e4ngere Lieferzeit in Anspruch nehmen, da sie nicht auf Lager unseres Lieferanten sind. In diesem Fall werden Sie nach Eingang Ihrer Bestellung benachrichtigt.<\/p>\n<p>Wir liefern versandkostenfrei ab einem Bestellwert von CHF. 500.-. Unter diesem Betrag wird ein Pauschalbeitrag von CHF. 15,90 zu zahlen.<\/p>\n<p>Bei allen Online-Bestellungen f\u00fchren wir immer einen Telefonanruf durch, um sicherzustellen, dass Sie das richtige Produkt f\u00fcr Ihre Bed\u00fcrfnisse ausgew\u00e4hlt haben. So k\u00f6nnen Sie sicher sein, dass Sie die richtige Wahl treffen.<\/p>\n","protected":false},"excerpt":{"rendered":"<p><strong>Ausstellungstisch mit einem Durchmesser von 60 cm, einfach zu transportieren und aufzubauen f\u00fcr alle Ihre Veranstaltungen.<\/strong><\/p>\n<p>Wird mit einer Tragetasche geliefert, Aufbau in wenigen Minuten und M\u00f6glichkeit zur individuellen Gestaltung<br \/>\n, indem Sie Ihr Poster austauschen.<\/p>\n","protected":false},"featured_media":105300,"template":"","meta":{"slim_seo":{"title":"Messetheke Durchmesser 60cm - Suisse - C.Diff-Prom","description":"Ausstellungstisch mit einem Durchmesser von 60 cm, einfach zu transportieren und aufzubauen f\u00fcr alle Ihre Veranstaltungen. Wird mit einer Tragetasche geliefert,"}},"product_brand":[],"product_cat":[6357,15],"product_tag":[],"class_list":{"0":"post-105424","1":"product","2":"type-product","3":"status-publish","4":"has-post-thumbnail","6":"product_cat-standtheken","7":"product_cat-nouveaute","9":"first","10":"instock","11":"taxable","12":"shipping-taxable","13":"purchasable","14":"product-type-simple"},"_links":{"self":[{"href":"https:\/\/cdiffprom.ch\/de\/wp-json\/wp\/v2\/product\/105424","targetHints":{"allow":["GET"]}}],"collection":[{"href":"https:\/\/cdiffprom.ch\/de\/wp-json\/wp\/v2\/product"}],"about":[{"href":"https:\/\/cdiffprom.ch\/de\/wp-json\/wp\/v2\/types\/product"}],"wp:featuredmedia":[{"embeddable":true,"href":"https:\/\/cdiffprom.ch\/de\/wp-json\/wp\/v2\/media\/105300"}],"wp:attachment":[{"href":"https:\/\/cdiffprom.ch\/de\/wp-json\/wp\/v2\/media?parent=105424"}],"wp:term":[{"taxonomy":"product_brand","embeddable":true,"href":"https:\/\/cdiffprom.ch\/de\/wp-json\/wp\/v2\/product_brand?post=105424"},{"taxonomy":"product_cat","embeddable":true,"href":"https:\/\/cdiffprom.ch\/de\/wp-json\/wp\/v2\/product_cat?post=105424"},{"taxonomy":"product_tag","embeddable":true,"href":"https:\/\/cdiffprom.ch\/de\/wp-json\/wp\/v2\/product_tag?post=105424"}],"curies":[{"name":"wp","href":"https:\/\/api.w.org\/{rel}","templated":true}]}}