{"id":105425,"date":"2023-11-05T11:06:57","date_gmt":"2023-11-05T10:06:57","guid":{"rendered":"https:\/\/cdiffprom.ch\/produit\/wanddisplay-naturholz-a4\/"},"modified":"2023-11-05T11:06:57","modified_gmt":"2023-11-05T10:06:57","slug":"wanddisplay-naturholz-a4","status":"publish","type":"product","link":"https:\/\/cdiffprom.ch\/de\/produit\/wanddisplay-naturholz-a4\/","title":{"rendered":"Wanddisplay Naturholz A4"},"content":{"rendered":"<p><strong>Wanddisplay Naturholz A4<\/strong><\/p>\n<p>Mit diesem h\u00f6lzernen Brosch\u00fcrenst\u00e4nder k\u00f6nnen Ihre Kunden Ihre gesamte Dokumentation bequem nutzen.<\/p>\n<p>In diesem modernen und atypischen Display k\u00f6nnen Sie Ihre gesamte Dokumentation zur Schau stellen:<\/p>\n<ul>\n<li>Hergestellt aus nat\u00fcrlichem, lackiertem Buchenholz<\/li>\n<li>Bietet einen nat\u00fcrlichen und eleganten Look, der die Aufmerksamkeit Ihrer Besucher auf sich ziehen wird.<\/li>\n<li>Die A4 Plexiglasf\u00e4cher erm\u00f6glichen eine optimale Pr\u00e4sentation Ihrer Grafiken und stellen diese klar und professionell dar.<\/li>\n<li>Die Metallplatten an den Ecken erm\u00f6glichen eine sichere Wandmontage (Schrauben nicht im Lieferumfang enthalten) und bieten eine praktische, platzsparende L\u00f6sung.<\/li>\n<li>Sie k\u00f6nnen diese Displays endlos aneinanderreihen, um Ihren spezifischen Bed\u00fcrfnissen gerecht zu werden.<\/li>\n<li>Ob f\u00fcr den Einsatz in Wartezimmern, Gesch\u00e4ften oder Ausstellungen, dieses Wanddisplay ist die ideale Option, um Ihre Dokumentation auf elegante und funktionale Weise zu pr\u00e4sentieren.<\/li>\n<li>Kapazit\u00e4t von 4,5 cm pro Feld.<\/li>\n<\/ul>\n<div id=\"col-1111752544\" class=\"col medium-6 small-12 large-6\">\n<div class=\"col-inner\">\n<div class=\"woocommerce-tabs wc-tabs-wrapper\">\n<div id=\"tab-description\" class=\"woocommerce-Tabs-panel woocommerce-Tabs-panel--description panel entry-content wc-tab\" role=\"tabpanel\" aria-labelledby=\"tab-title-description\">\n<p><strong>Lieferbedingungen<\/strong><\/p>\n<p>Alle unsere Produkte sind in der Regel innerhalb von 10 Tagen nach Eingang Ihrer Bestellung lieferbar. Bitte z\u00f6gern Sie nicht, uns zu kontaktieren. <a href=\"https:\/\/cdiffprom.ch\/elements\/contactez-nous\/\"><strong>uns zu kontaktieren.<\/strong><\/a> Wenn Sie einen dringenderen Bedarf haben, k\u00f6nnen wir Ihnen immer eine schnellere L\u00f6sung anbieten. <\/p>\n<p>Wir w\u00e4hlen diese Frist, um unsere Transporte zu optimieren und so die nachhaltige Entwicklung zu respektieren. Dies ist f\u00fcr uns auch ein Mittel, um unsere Kosten zu senken, so dass Sie stets von niedrigen und fairen Preisen profitieren k\u00f6nnen. <\/p>\n<p>Einige Artikel k\u00f6nnen eine l\u00e4ngere Lieferzeit in Anspruch nehmen, da sie nicht auf Lager unseres Lieferanten sind. In diesem Fall werden Sie nach Eingang Ihrer Bestellung benachrichtigt. <\/p>\n<p>Wir liefern versandkostenfrei ab einem Bestellwert von CHF. 500.-. Unterhalb dieses Betrags wird eine Pauschale von CHF. 15,90 zu entrichten. <\/p>\n<p>Bei allen Online-Bestellungen f\u00fchren wir immer einen Telefonanruf durch, um sicherzustellen, dass Sie das richtige Produkt f\u00fcr Ihre Bed\u00fcrfnisse ausgew\u00e4hlt haben. So k\u00f6nnen Sie sicher sein, dass Sie die richtige Wahl treffen. <\/p>\n<p>&nbsp;<\/p>\n<\/div>\n<\/div>\n<\/div>\n<\/div>\n<p>&nbsp;<\/p>\n","protected":false},"excerpt":{"rendered":"<p>Wanddisplay Naturholz A4<\/p>\n","protected":false},"featured_media":105296,"template":"","meta":{"slim_seo":{"title":"Wanddisplay Naturholz A4 - Suisse - C.Diff-Prom","description":"Wanddisplay Naturholz A4"}},"product_brand":[],"product_cat":[6358,15],"product_tag":[],"class_list":{"0":"post-105425","1":"product","2":"type-product","3":"status-publish","4":"has-post-thumbnail","6":"product_cat-wanddisplays","7":"product_cat-nouveaute","9":"first","10":"instock","11":"taxable","12":"shipping-taxable","13":"purchasable","14":"product-type-variable"},"_links":{"self":[{"href":"https:\/\/cdiffprom.ch\/de\/wp-json\/wp\/v2\/product\/105425","targetHints":{"allow":["GET"]}}],"collection":[{"href":"https:\/\/cdiffprom.ch\/de\/wp-json\/wp\/v2\/product"}],"about":[{"href":"https:\/\/cdiffprom.ch\/de\/wp-json\/wp\/v2\/types\/product"}],"wp:featuredmedia":[{"embeddable":true,"href":"https:\/\/cdiffprom.ch\/de\/wp-json\/wp\/v2\/media\/105296"}],"wp:attachment":[{"href":"https:\/\/cdiffprom.ch\/de\/wp-json\/wp\/v2\/media?parent=105425"}],"wp:term":[{"taxonomy":"product_brand","embeddable":true,"href":"https:\/\/cdiffprom.ch\/de\/wp-json\/wp\/v2\/product_brand?post=105425"},{"taxonomy":"product_cat","embeddable":true,"href":"https:\/\/cdiffprom.ch\/de\/wp-json\/wp\/v2\/product_cat?post=105425"},{"taxonomy":"product_tag","embeddable":true,"href":"https:\/\/cdiffprom.ch\/de\/wp-json\/wp\/v2\/product_tag?post=105425"}],"curies":[{"name":"wp","href":"https:\/\/api.w.org\/{rel}","templated":true}]}}