{"id":105430,"date":"2025-04-09T18:26:23","date_gmt":"2025-04-09T16:26:23","guid":{"rendered":"https:\/\/cdiffprom.ch\/produit\/transportkarre\/"},"modified":"2025-04-09T18:26:23","modified_gmt":"2025-04-09T16:26:23","slug":"transportkarre","status":"publish","type":"product","link":"https:\/\/cdiffprom.ch\/de\/produit\/transportkarre\/","title":{"rendered":"Transportkarre"},"content":{"rendered":"<p>Transportkarre<\/p>\n<p>Um Ihnen das Leben bei Ihren regelm\u00e4\u00dfigen Transporten zu erleichtern, w\u00e4hlen Sie unsere Transportkarre.<\/p>\n<p>F\u00fcr alle Ihre Installationen von St\u00e4nden, Ausstellungen und Veranstaltungen wird Ihnen diese sehr wendige Transportkarre gute Dienste leisten.<\/p>\n<p>Diese station\u00e4re Sackkarre aus Stahl ist das ideale Werkzeug zum Bewegen von Kartons, Paketen, Kisten und sperrigen Lasten bis zu 200 kg.<br \/>\nDank ihrer robusten Struktur und der Luftbereifung ist sie auf jedem Boden, auch auf unebenem, sehr wendig.<br \/>\nSie wurde f\u00fcr professionelle Logistiker, Werkst\u00e4tten, Gesch\u00e4fte oder Lagerh\u00e4user entwickelt, ist aber auch f\u00fcr den gelegentlichen Gebrauch bei Umz\u00fcgen oder Materialtransfers bestens geeignet.<\/p>\n<p>Extrem widerstandsf\u00e4hige Stahlstruktur<br \/>\n-Ergonomische Griffe f\u00fcr einen guten Halt<br \/>\n-Breiter und stabiler fester Latz<br \/>\n-Gewicht: 9 kg<\/p>\n<p>Lieferbedingungen<\/p>\n<p>Alle unsere Produkte sind in der Regel innerhalb von 10 Tagen nach Eingang Ihrer Bestellung lieferbar. Bitte kontaktieren Sie uns, wenn Sie dringenderen Bedarf haben, wir haben immer schnellere L\u00f6sungen f\u00fcr Sie.<\/p>\n<p>Wir w\u00e4hlen diese Frist, um unsere Transporte zu optimieren und die nachhaltige Entwicklung zu respektieren. Dies ist f\u00fcr uns auch eine M\u00f6glichkeit, unsere Kosten zu senken, so dass Sie immer von niedrigen und fairen Preisen profitieren k\u00f6nnen.<\/p>\n<p>Einige Artikel k\u00f6nnen eine l\u00e4ngere Lieferzeit in Anspruch nehmen, da sie nicht auf Lager unseres Lieferanten sind. In diesem Fall werden Sie nach Eingang Ihrer Bestellung benachrichtigt.<\/p>\n<p>Wir liefern versandkostenfrei ab einem Bestellwert von CHF. 500.-. Unter diesem Betrag wird ein Pauschalbeitrag von CHF. 15,90 zu zahlen.<\/p>\n<p>Bei allen Online-Bestellungen f\u00fchren wir immer einen Telefonanruf durch, um sicherzustellen, dass Sie das richtige Produkt f\u00fcr Ihre Bed\u00fcrfnisse ausgew\u00e4hlt haben. So k\u00f6nnen Sie sicher sein, dass Sie die richtige Wahl treffen.<\/p>\n","protected":false},"excerpt":{"rendered":"<p>Transportkarre Um Ihnen das Leben bei Ihren regelm\u00e4\u00dfigen Transporten zu erleichtern, w\u00e4hlen Sie unsere Transportkarre. F\u00fcr alle Ihre Installationen von St\u00e4nden, Ausstellungen und Veranstaltungen wird Ihnen diese sehr wendige Transportkarre gute Dienste leisten. Diese station\u00e4re Sackkarre aus Stahl ist das ideale Werkzeug zum Bewegen von Kartons, Paketen, Kisten und sperrigen Lasten bis zu 200 kg&#8230;.<\/p>\n","protected":false},"featured_media":105354,"template":"","meta":{"slim_seo":{"title":"Transportkarre - Suisse - C.Diff-Prom","description":"Transportkarre Um Ihnen das Leben bei Ihren regelm\u00e4\u00dfigen Transporten zu erleichtern, w\u00e4hlen Sie unsere Transportkarre. F\u00fcr alle Ihre Installationen von St\u00e4nden,"}},"product_brand":[],"product_cat":[6347,15],"product_tag":[],"class_list":{"0":"post-105430","1":"product","2":"type-product","3":"status-publish","4":"has-post-thumbnail","6":"product_cat-behalter-wagen","7":"product_cat-nouveaute","9":"first","10":"instock","11":"taxable","12":"shipping-taxable","13":"purchasable","14":"product-type-simple"},"_links":{"self":[{"href":"https:\/\/cdiffprom.ch\/de\/wp-json\/wp\/v2\/product\/105430","targetHints":{"allow":["GET"]}}],"collection":[{"href":"https:\/\/cdiffprom.ch\/de\/wp-json\/wp\/v2\/product"}],"about":[{"href":"https:\/\/cdiffprom.ch\/de\/wp-json\/wp\/v2\/types\/product"}],"wp:featuredmedia":[{"embeddable":true,"href":"https:\/\/cdiffprom.ch\/de\/wp-json\/wp\/v2\/media\/105354"}],"wp:attachment":[{"href":"https:\/\/cdiffprom.ch\/de\/wp-json\/wp\/v2\/media?parent=105430"}],"wp:term":[{"taxonomy":"product_brand","embeddable":true,"href":"https:\/\/cdiffprom.ch\/de\/wp-json\/wp\/v2\/product_brand?post=105430"},{"taxonomy":"product_cat","embeddable":true,"href":"https:\/\/cdiffprom.ch\/de\/wp-json\/wp\/v2\/product_cat?post=105430"},{"taxonomy":"product_tag","embeddable":true,"href":"https:\/\/cdiffprom.ch\/de\/wp-json\/wp\/v2\/product_tag?post=105430"}],"curies":[{"name":"wp","href":"https:\/\/api.w.org\/{rel}","templated":true}]}}