{"id":105448,"date":"2019-07-30T13:08:26","date_gmt":"2019-07-30T11:08:26","guid":{"rendered":"https:\/\/cdiffprom.ch\/produit\/ausstellungsgitter-paravent-200x100cm\/"},"modified":"2019-07-30T13:08:26","modified_gmt":"2019-07-30T11:08:26","slug":"ausstellungsgitter-paravent-200x100cm","status":"publish","type":"product","link":"https:\/\/cdiffprom.ch\/de\/produit\/ausstellungsgitter-paravent-200x100cm\/","title":{"rendered":"AUSSTELLUNGSGITTER PARAVENT 200x100cm"},"content":{"rendered":"<h3><span style=\"color: #800000;\"><strong>Ausstellungsgitter Paravent 200x100cm<\/strong><\/span><\/h3>\n<p>Dieses Paravent-Gitter 200x100cm ist ein ideales System f\u00fcr alle Ihre verschiedenen Veranstaltungen. Dar\u00fcber hinaus verf\u00fcgt es \u00fcber eine gro\u00dfe beidseitige Pr\u00e4sentationsfl\u00e4che! <\/p>\n<p>Vergessen Sie nicht, Folgendes zu bestellen <span style=\"color: #800000;\"><a style=\"color: #800000;\" href=\"https:\/\/cdiffprom.ch\/produit\/pied-pour-grille-dexposition\/\">2 F\u00fc\u00dfe<\/a><\/span> um eine gute Stabilit\u00e4t Ihres Gitters zu gew\u00e4hrleisten. Bei gerader Montage brauchen Sie keine 2 F\u00fc\u00dfe pro Gitter zu installieren. <\/p>\n<h4><span style=\"color: #800000;\"><strong>Merkmale :<\/strong><\/span><\/h4>\n<ul>\n<li>Wird pro Einheit verkauft<\/li>\n<li>Sofortige Einrichtung ohne Werkzeug<\/li>\n<li>Sehr stabil<\/li>\n<li>F\u00fcr eine Vielzahl von Anwendungen konzipiert<\/li>\n<li>Installation als &#8222;Zick-Zack&#8220;-Windschutz mit Halterungen 216003 oder freistehend mit Universalf\u00fc\u00dfen 216002<\/li>\n<li>Robuste Metallkonstruktion, gl\u00e4nzend verzinkt<\/li>\n<li>\u00d8 10 mm G\u00fcrteldraht und \u00d8 5 mm Maschendraht<\/li>\n<li>Rechteckige Masche 10x30cm<\/li>\n<\/ul>\n<p><span style=\"color: #800000;\"><strong>Lieferbedingungen :<br \/>\n<\/strong><\/span><\/p>\n<p>Alle unsere Produkte sind innerhalb von 10 Tagen nach Eingang Ihrer Bestellung lieferbar. Bitte z\u00f6gern Sie nicht, uns zu kontaktieren. <u><a href=\"https:\/\/cdiffprom.ch\/elements\/contactez-nous\/\"><span style=\"color: #800000;\">uns zu kontaktieren.<\/span><\/a><\/u> Wenn Sie einen dringenderen Bedarf haben, k\u00f6nnen wir Ihnen immer eine schnellere L\u00f6sung anbieten. <\/p>\n<p>Einige Artikel k\u00f6nnen eine l\u00e4ngere Lieferzeit in Anspruch nehmen, da sie nicht auf Lager unseres Lieferanten sind. In diesem Fall werden Sie nach Eingang Ihrer Bestellung benachrichtigt. <\/p>\n<p>Wir liefern versandkostenfrei ab einem Bestellwert von CHF. 500.-. Unterhalb dieses Betrags wird eine Pauschale von CHF. 15,90 zu entrichten. <\/p>\n<p>Bei allen Online-Bestellungen f\u00fchren wir immer einen Telefonanruf durch, um sicherzustellen, dass Sie das richtige Produkt f\u00fcr Ihre Bed\u00fcrfnisse ausgew\u00e4hlt haben. So k\u00f6nnen Sie sicher sein, dass Sie die richtige Wahl treffen. <\/p>\n<p>Bitte beachten Sie, dass die Promo-Codes nicht kumulierbar sind und der Rabatt auf Ihrer Bestellung sichtbar ist.<\/p>\n<p>&nbsp;<\/p>\n","protected":false},"excerpt":{"rendered":"<p>F\u00fcr alle Ihre Ausstellungen geeignet! Einfach zu montieren mit vielen zus\u00e4tzlichen Zubeh\u00f6rteilen, darunter auch dieser <strong><span style=\"color: #800000;\"><a style=\"color: #800000;\" href=\"https:\/\/cdiffprom.ch\/produit\/tablette-inclinee-pour-grille\/\">Fachboden<\/a><\/span><\/strong> zum Beispiel f\u00fcr Ihre Brosch\u00fcren. <\/p>\n<p>F\u00fcr eine Dreiecks- oder Zick-Zack-Montage, ben\u00f6tigt keine zus\u00e4tzlichen F\u00fc\u00dfe.<\/p>\n<p>Sehen Sie sich auch unsere <span style=\"color: #800000;\"><strong><a style=\"color: #800000;\" href=\"https:\/\/cdiffprom.ch\/produit\/grilles-exposition-economiques-noires-h-200-x-l-100-cm\/\">unsere preisg\u00fcnstigen schwarzen Gitter<\/a><\/strong><\/span>Diese sind g\u00fcnstiger, aber genauso stabil.<\/p>\n","protected":false},"featured_media":103816,"template":"","meta":{"slim_seo":{"title":"AUSSTELLUNGSGITTER PARAVENT 200x100cm - Suisse - C.Diff-Prom","description":"F\u00fcr alle Ihre Ausstellungen geeignet! Einfach zu montieren mit vielen zus\u00e4tzlichen Zubeh\u00f6rteilen, darunter auch dieser Fachboden zum Beispiel f\u00fcr Ihre Brosch\u00fcre"}},"product_brand":[],"product_cat":[6362,6363],"product_tag":[6364],"class_list":{"0":"post-105448","1":"product","2":"type-product","3":"status-publish","4":"has-post-thumbnail","6":"product_cat-ausstellungen","7":"product_cat-ausstellungsgitter","8":"product_tag-pos-materialien","10":"first","11":"instock","12":"taxable","13":"shipping-taxable","14":"purchasable","15":"product-type-simple"},"_links":{"self":[{"href":"https:\/\/cdiffprom.ch\/de\/wp-json\/wp\/v2\/product\/105448","targetHints":{"allow":["GET"]}}],"collection":[{"href":"https:\/\/cdiffprom.ch\/de\/wp-json\/wp\/v2\/product"}],"about":[{"href":"https:\/\/cdiffprom.ch\/de\/wp-json\/wp\/v2\/types\/product"}],"wp:featuredmedia":[{"embeddable":true,"href":"https:\/\/cdiffprom.ch\/de\/wp-json\/wp\/v2\/media\/103816"}],"wp:attachment":[{"href":"https:\/\/cdiffprom.ch\/de\/wp-json\/wp\/v2\/media?parent=105448"}],"wp:term":[{"taxonomy":"product_brand","embeddable":true,"href":"https:\/\/cdiffprom.ch\/de\/wp-json\/wp\/v2\/product_brand?post=105448"},{"taxonomy":"product_cat","embeddable":true,"href":"https:\/\/cdiffprom.ch\/de\/wp-json\/wp\/v2\/product_cat?post=105448"},{"taxonomy":"product_tag","embeddable":true,"href":"https:\/\/cdiffprom.ch\/de\/wp-json\/wp\/v2\/product_tag?post=105448"}],"curies":[{"name":"wp","href":"https:\/\/api.w.org\/{rel}","templated":true}]}}