{"id":105451,"date":"2019-07-30T13:08:27","date_gmt":"2019-07-30T11:08:27","guid":{"rendered":"https:\/\/cdiffprom.ch\/produit\/freistehender-rahmen-mit-display\/"},"modified":"2019-07-30T13:08:27","modified_gmt":"2019-07-30T11:08:27","slug":"freistehender-rahmen-mit-display","status":"publish","type":"product","link":"https:\/\/cdiffprom.ch\/de\/produit\/freistehender-rahmen-mit-display\/","title":{"rendered":"FREISTEHENDER RAHMEN MIT DISPLAY"},"content":{"rendered":"<h3><span style=\"color: #800000;\"><strong>Freistehender Rahmen mit Anzeige<\/strong><\/span><\/h3>\n<p>Sie haben nicht die M\u00f6glichkeit, eine Boden-Decke- oder Wandinstallation vorzunehmen? Dieser freistehende Rahmen mit Display ist der richtige Visitenkartenhalter f\u00fcr Sie. <\/p>\n<p>Sie k\u00f6nnen an verschiedenen Orten aush\u00e4ngen und kommunizieren, wie z.B. :<\/p>\n<ul>\n<li>Empfangshallen<\/li>\n<li>Agenturen<\/li>\n<li>Ausstellungsr\u00e4ume<\/li>\n<li>Vitrinen<\/li>\n<\/ul>\n<h4><strong><span style=\"color: #800000;\">Merkmale :<\/span><\/strong><\/h4>\n<ul>\n<li>Bestehend aus dem selbsttragenden Rahmen: 2 Kabelsets, 1 Plexiglasplatte 9 Visitenkartenf\u00e4cher, 6 einfache Klemmen<\/li>\n<li>Struktur aus naturfarbenem eloxiertem Aluminium, sehr stabil und robust 45 x 20 mm 2 Sockel 30 x 42 cm, beschwert<\/li>\n<li>Gesamtfl\u00e4che H 182 x B 106 cm<\/li>\n<\/ul>\n<h4><span style=\"color: #800000;\"><strong>Lieferbedingungen :<br \/>\n<\/strong><\/span><\/h4>\n<p>Zu Ihrer Information: Nach Eingang Ihres Auftrags sind unsere Produkte innerhalb von etwa zehn Tagen lieferbar.<\/p>\n<p>Z\u00f6gern Sie nicht <u><a href=\"https:\/\/cdiffprom.ch\/elements\/contactez-nous\/\"><span style=\"color: #800000;\">kontaktieren Sie uns bitte.<\/span><\/a><\/u> Wenn Sie einen dringenderen Bedarf haben, haben wir immer eine schnellere L\u00f6sung f\u00fcr Sie und k\u00f6nnen Sie auch \u00fcber Rabatte bei Mengenbestellungen informieren.<\/p>\n<p>Einige Artikel k\u00f6nnen eine l\u00e4ngere Lieferzeit in Anspruch nehmen, da sie nicht auf Lager unseres Lieferanten sind. In diesem Fall werden Sie nach Eingang Ihrer Bestellung benachrichtigt. <\/p>\n<p>Wir liefern versandkostenfrei ab einem Bestellwert von CHF. 500.-. Unterhalb dieses Betrags wird eine Pauschale von CHF. 15,90 zu entrichten. <\/p>\n<p>Bei allen Online-Bestellungen f\u00fchren wir immer einen Telefonanruf durch, um sicherzustellen, dass Sie das richtige Produkt f\u00fcr Ihre Bed\u00fcrfnisse ausgew\u00e4hlt haben. So k\u00f6nnen Sie sicher sein, dass Sie die richtige Wahl treffen. <\/p>\n<p>Bitte beachten Sie, dass die Promo-Codes nicht kumulierbar sind und der Rabatt auf Ihrer Bestellung sichtbar ist.<\/p>\n<p>&nbsp;<\/p>\n","protected":false},"excerpt":{"rendered":"<p>Freistehender Rahmen mit Anzeige Sie haben nicht die M\u00f6glichkeit, eine Boden-Decke- oder Wandinstallation vorzunehmen? Dieser freistehende Rahmen mit Display ist der richtige Visitenkartenhalter f\u00fcr Sie. Sie k\u00f6nnen an verschiedenen Orten aush\u00e4ngen und kommunizieren, wie z.B. : Empfangshallen Agenturen Ausstellungsr\u00e4ume Vitrinen Merkmale : Bestehend aus dem selbsttragenden Rahmen: 2 Kabelsets, 1 Plexiglasplatte 9 Visitenkartenf\u00e4cher, 6 einfache&#8230;<\/p>\n","protected":false},"featured_media":103306,"template":"","meta":{"slim_seo":{"title":"FREISTEHENDER RAHMEN MIT DISPLAY - Suisse - C.Diff-Prom","description":"Freistehender Rahmen mit Anzeige Sie haben nicht die M\u00f6glichkeit, eine Boden-Decke- oder Wandinstallation vorzunehmen? Dieser freistehende Rahmen mit Display is"}},"product_brand":[],"product_cat":[6342,6365,6366],"product_tag":[6367,6364],"class_list":{"0":"post-105451","1":"product","2":"type-product","3":"status-publish","4":"has-post-thumbnail","6":"product_cat-anzeige","7":"product_cat-kabelaufhangung","8":"product_cat-pos-supports","9":"product_tag-kabelaufhangung","10":"product_tag-pos-materialien","12":"first","13":"instock","14":"taxable","15":"shipping-taxable","16":"purchasable","17":"product-type-variable"},"_links":{"self":[{"href":"https:\/\/cdiffprom.ch\/de\/wp-json\/wp\/v2\/product\/105451","targetHints":{"allow":["GET"]}}],"collection":[{"href":"https:\/\/cdiffprom.ch\/de\/wp-json\/wp\/v2\/product"}],"about":[{"href":"https:\/\/cdiffprom.ch\/de\/wp-json\/wp\/v2\/types\/product"}],"wp:featuredmedia":[{"embeddable":true,"href":"https:\/\/cdiffprom.ch\/de\/wp-json\/wp\/v2\/media\/103306"}],"wp:attachment":[{"href":"https:\/\/cdiffprom.ch\/de\/wp-json\/wp\/v2\/media?parent=105451"}],"wp:term":[{"taxonomy":"product_brand","embeddable":true,"href":"https:\/\/cdiffprom.ch\/de\/wp-json\/wp\/v2\/product_brand?post=105451"},{"taxonomy":"product_cat","embeddable":true,"href":"https:\/\/cdiffprom.ch\/de\/wp-json\/wp\/v2\/product_cat?post=105451"},{"taxonomy":"product_tag","embeddable":true,"href":"https:\/\/cdiffprom.ch\/de\/wp-json\/wp\/v2\/product_tag?post=105451"}],"curies":[{"name":"wp","href":"https:\/\/api.w.org\/{rel}","templated":true}]}}