{"id":105456,"date":"2019-07-26T15:38:51","date_gmt":"2019-07-26T13:38:51","guid":{"rendered":"https:\/\/cdiffprom.ch\/produit\/musirack-ii-t-8-cm\/"},"modified":"2019-07-26T15:38:51","modified_gmt":"2019-07-26T13:38:51","slug":"musirack-ii-t-8-cm","status":"publish","type":"product","link":"https:\/\/cdiffprom.ch\/de\/produit\/musirack-ii-t-8-cm\/","title":{"rendered":"MUSIRACK II\u00ae T 8 CM"},"content":{"rendered":"<ul>\n<li>Verwendung in Mediatheken, Gesch\u00e4ften oder B\u00fcros zur Pr\u00e4sentation und Aufbewahrung Ihrer C D<\/li>\n<li>Passt auf Ober- und Unterschr\u00e4nke<\/li>\n<li>Musirack\u00ae.<\/li>\n<li>Alle 3 cm in der H\u00f6he verstellbar<\/li>\n<li>Stahlblech 8\/10e hellgrau epoxiert<\/li>\n<\/ul>\n","protected":false},"excerpt":{"rendered":"<p>Verwendung in Mediatheken, Gesch\u00e4ften oder B\u00fcros zur Pr\u00e4sentation und Aufbewahrung Ihrer C D Passt auf Ober- und Unterschr\u00e4nke Musirack\u00ae. Alle 3 cm in der H\u00f6he verstellbar Stahlblech 8\/10e hellgrau epoxiert<\/p>\n","protected":false},"featured_media":103266,"template":"","meta":{"slim_seo":{"title":"MUSIRACK II\u00ae T 8 CM - Suisse - C.Diff-Prom","description":"Verwendung in Mediatheken, Gesch\u00e4ften oder B\u00fcros zur Pr\u00e4sentation und Aufbewahrung Ihrer C D Passt auf Ober- und Unterschr\u00e4nke Musirack\u00ae. Alle 3 cm in der H\u00f6he"}},"product_brand":[],"product_cat":[6359,6360],"product_tag":[6361],"class_list":{"0":"post-105456","1":"product","2":"type-product","3":"status-publish","4":"has-post-thumbnail","6":"product_cat-multimedia-de","7":"product_cat-multimedia-zubehor","8":"product_tag-multimedia-zubehor","10":"first","11":"instock","12":"taxable","13":"shipping-taxable","14":"purchasable","15":"product-type-simple"},"_links":{"self":[{"href":"https:\/\/cdiffprom.ch\/de\/wp-json\/wp\/v2\/product\/105456","targetHints":{"allow":["GET"]}}],"collection":[{"href":"https:\/\/cdiffprom.ch\/de\/wp-json\/wp\/v2\/product"}],"about":[{"href":"https:\/\/cdiffprom.ch\/de\/wp-json\/wp\/v2\/types\/product"}],"wp:featuredmedia":[{"embeddable":true,"href":"https:\/\/cdiffprom.ch\/de\/wp-json\/wp\/v2\/media\/103266"}],"wp:attachment":[{"href":"https:\/\/cdiffprom.ch\/de\/wp-json\/wp\/v2\/media?parent=105456"}],"wp:term":[{"taxonomy":"product_brand","embeddable":true,"href":"https:\/\/cdiffprom.ch\/de\/wp-json\/wp\/v2\/product_brand?post=105456"},{"taxonomy":"product_cat","embeddable":true,"href":"https:\/\/cdiffprom.ch\/de\/wp-json\/wp\/v2\/product_cat?post=105456"},{"taxonomy":"product_tag","embeddable":true,"href":"https:\/\/cdiffprom.ch\/de\/wp-json\/wp\/v2\/product_tag?post=105456"}],"curies":[{"name":"wp","href":"https:\/\/api.w.org\/{rel}","templated":true}]}}