{"id":105458,"date":"2019-07-30T13:08:25","date_gmt":"2019-07-30T11:08:25","guid":{"rendered":"https:\/\/cdiffprom.ch\/produit\/vis-click-flagge\/"},"modified":"2019-07-30T13:08:25","modified_gmt":"2019-07-30T11:08:25","slug":"vis-click-flagge","status":"publish","type":"product","link":"https:\/\/cdiffprom.ch\/de\/produit\/vis-click-flagge\/","title":{"rendered":"VIS-CLICK-FLAGGE"},"content":{"rendered":"<h3><span style=\"color: #800000;\"><strong>Vis-click Signalflagge<\/strong><\/span><\/h3>\n<p>Diese Visual-Klick-Fahne ist ein ideales Medium, um Ihre Informationen auf eine andere und originelle Art und Weise zu pr\u00e4sentieren.<\/p>\n<p>Es handelt sich um eine Beschilderung, die f\u00fcr die Befestigung quer zur Fahrtrichtung vorgesehen ist.<\/p>\n<p>Perfekte Sicht in beide Richtungen Ihres Korridors oder Ganges.<\/p>\n<p><strong><span style=\"color: #800000;\">Merkmale :<\/span><\/strong><\/p>\n<ul>\n<li>doppelseitig, feste, nicht abklappbare Profile<\/li>\n<li>Gesamtdicke 15 mm 2 antireflektierende Plexiglasplatten zum Schutz des Dokuments, das durch die Kante eingef\u00fchrt werden soll<\/li>\n<li>5 cm breite Wandhalterung wird mit doppelseitigem Klebeband sowie 4 Schrauben und 4 D\u00fcbeln geliefert.<\/li>\n<li>naturfarbenes eloxiertes Aluminium, montagefertig<\/li>\n<\/ul>\n<p><span style=\"color: #800000;\"><strong>Lieferbedingungen :<br \/>\n<\/strong><\/span><\/p>\n<p>Alle unsere Produkte sind innerhalb von 10 Tagen nach Eingang Ihrer Bestellung lieferbar. Bitte z\u00f6gern Sie nicht, uns zu kontaktieren. <u><a href=\"https:\/\/cdiffprom.ch\/elements\/contactez-nous\/\"><span style=\"color: #800000;\">uns zu kontaktieren.<\/span><\/a><\/u> Wenn Sie einen dringenderen Bedarf haben, k\u00f6nnen wir Ihnen immer eine schnellere L\u00f6sung anbieten. <\/p>\n<p>Einige Artikel k\u00f6nnen eine l\u00e4ngere Lieferzeit in Anspruch nehmen, da sie nicht auf Lager unseres Lieferanten sind. In diesem Fall werden Sie nach Eingang Ihrer Bestellung benachrichtigt. <\/p>\n<p>Wir liefern versandkostenfrei ab einem Bestellwert von CHF. 500.-. Unterhalb dieses Betrags wird eine Pauschale von CHF. 15,90 zu entrichten. <\/p>\n<p>Bei allen Online-Bestellungen f\u00fchren wir immer einen Telefonanruf durch, um sicherzustellen, dass Sie das richtige Produkt f\u00fcr Ihre Bed\u00fcrfnisse ausgew\u00e4hlt haben. So k\u00f6nnen Sie sicher sein, dass Sie die richtige Wahl treffen. <\/p>\n<p>Bitte beachten Sie, dass die Promo-Codes nicht kumulierbar sind und der Rabatt auf Ihrer Bestellung sichtbar ist.<\/p>\n","protected":false},"excerpt":{"rendered":"<p>Zeichen f\u00fcr eine Befestigung quer zur Fahrtrichtung<\/p>\n","protected":false},"featured_media":103286,"template":"","meta":{"slim_seo":{"title":"VIS-CLICK-FLAGGE - Suisse - C.Diff-Prom","description":"Zeichen f\u00fcr eine Befestigung quer zur Fahrtrichtung"}},"product_brand":[],"product_cat":[6342,6339],"product_tag":[6364],"class_list":{"0":"post-105458","1":"product","2":"type-product","3":"status-publish","4":"has-post-thumbnail","6":"product_cat-anzeige","7":"product_cat-plakatrahmen","8":"product_tag-pos-materialien","9":"pa_dimensions-a3-sockel-315-mm","10":"pa_dimensions-a3-sockel-435-mm","11":"pa_dimensions-a4-sockel-230-mm","12":"pa_dimensions-a4-sockel-315-mm","13":"pa_dimensions-a5-sockel-165-mm","14":"pa_dimensions-a5-sockel-230-mm","15":"pa_dimensions-h-200-x-b-100-cm","16":"pa_dimensions-h-200-x-b-150-cm","17":"pa_dimensions-h-200-x-b-200-cm","18":"pa_dimensions-h-200-x-b-80-cm","19":"pa_dimensions-h-200-x-b-85-cm","21":"first","22":"instock","23":"taxable","24":"shipping-taxable","25":"purchasable","26":"product-type-variable"},"_links":{"self":[{"href":"https:\/\/cdiffprom.ch\/de\/wp-json\/wp\/v2\/product\/105458","targetHints":{"allow":["GET"]}}],"collection":[{"href":"https:\/\/cdiffprom.ch\/de\/wp-json\/wp\/v2\/product"}],"about":[{"href":"https:\/\/cdiffprom.ch\/de\/wp-json\/wp\/v2\/types\/product"}],"wp:featuredmedia":[{"embeddable":true,"href":"https:\/\/cdiffprom.ch\/de\/wp-json\/wp\/v2\/media\/103286"}],"wp:attachment":[{"href":"https:\/\/cdiffprom.ch\/de\/wp-json\/wp\/v2\/media?parent=105458"}],"wp:term":[{"taxonomy":"product_brand","embeddable":true,"href":"https:\/\/cdiffprom.ch\/de\/wp-json\/wp\/v2\/product_brand?post=105458"},{"taxonomy":"product_cat","embeddable":true,"href":"https:\/\/cdiffprom.ch\/de\/wp-json\/wp\/v2\/product_cat?post=105458"},{"taxonomy":"product_tag","embeddable":true,"href":"https:\/\/cdiffprom.ch\/de\/wp-json\/wp\/v2\/product_tag?post=105458"}],"curies":[{"name":"wp","href":"https:\/\/api.w.org\/{rel}","templated":true}]}}