{"id":105463,"date":"2019-10-03T18:13:30","date_gmt":"2019-10-03T16:13:30","guid":{"rendered":"https:\/\/cdiffprom.ch\/produit\/zubehoer-fuer-leuchtplakate\/"},"modified":"2019-10-03T18:13:30","modified_gmt":"2019-10-03T16:13:30","slug":"zubehoer-fuer-leuchtplakate","status":"publish","type":"product","link":"https:\/\/cdiffprom.ch\/de\/produit\/zubehoer-fuer-leuchtplakate\/","title":{"rendered":"ZUBEH\u00d6R F\u00dcR LEUCHTPLAKATE"},"content":{"rendered":"<h3><strong><span style=\"color: #800000;\">Zubeh\u00f6r f\u00fcr Leuchtplakate<\/span><\/strong><\/h3>\n<p>Entdecken Sie auf dieser Seite das gesamte Zubeh\u00f6r f\u00fcr Leuchtdisplays. Von Spannkabeln \u00fcber Montageschienen und Transformatoren f\u00fcr die Stromversorgung bis hin zu Ballastgewichten k\u00f6nnen Sie hier Ihre gesamte Installation zusammenstellen.<\/p>\n<p>Achten Sie auf die Anzahl der Leuchtrahmen, die Sie in einer S\u00e4ule installieren. Sowohl bei A4 als auch bei A3 sind maximal 5 Rahmen pro S\u00e4ule f\u00fcr einseitige und 4 f\u00fcr doppelseitige Plakate erlaubt. <\/p>\n<p>Wenn Sie keine Bodenschiene anbringen k\u00f6nnen oder wollen, sorgen Ballastgewichte daf\u00fcr, dass die Kabel perfekt gespannt sind.<\/p>\n<p>Bei der Montage Ihrer Schiene an der Decke darf die Schiene nicht mit Metall in Ber\u00fchrung kommen. Dies w\u00fcrde zu einem elektrischen Kurzschluss f\u00fchren und Ihre Rahmen w\u00fcrden nicht leuchten. Bevorzugen Sie immer eine Installation auf einer Holzschiene, so vermeiden Sie schlechte Kontakte.  <\/p>\n<p>Denken Sie daran, dass wir gerne Ihre Installation zu einem \u00e4u\u00dferst wettbewerbsf\u00e4higen Preis durchf\u00fchren. <strong><span style=\"color: #800000;\"><a style=\"color: #800000;\" href=\"https:\/\/cdiffprom.ch\/elements\/contactez-nous\/\">Nehmen Sie Kontakt mit uns auf!!!<\/a><\/span><\/strong> Wir kommen gerne zu Ihnen, ohne Kosten und ohne Verpflichtung Ihrerseits.<\/p>\n<p>Zu Ihrer Information m\u00f6chten wir Sie daran erinnern, dass unser Zubeh\u00f6r f\u00fcr Leuchtdisplays eine Garantie von 2 Jahren ab Rechnungsdatum hat, ebenso wie die Displayrahmen.<\/p>\n<h4><span style=\"color: #800000;\"><strong>Lieferbedingungen<\/strong><\/span><\/h4>\n<p>Alle unsere Produkte sind innerhalb von 10 Tagen nach Eingang Ihrer Bestellung lieferbar. Bitte z\u00f6gern Sie nicht, uns zu kontaktieren. <strong><a href=\"https:\/\/cdiffprom.ch\/elements\/contactez-nous\/\"><span style=\"color: #800000;\">uns zu kontaktieren.<\/span><\/a> <\/strong>Wenn Sie einen dringenderen Bedarf haben, k\u00f6nnen wir Ihnen immer eine schnellere L\u00f6sung anbieten. <\/p>\n<p>Einige Artikel k\u00f6nnen eine l\u00e4ngere Lieferzeit in Anspruch nehmen, da sie nicht auf Lager unseres Lieferanten sind. In diesem Fall werden Sie nach Eingang Ihrer Bestellung benachrichtigt. <\/p>\n<p>Wir liefern versandkostenfrei ab einem Bestellwert von CHF. 500.-. Unterhalb dieses Betrags wird eine Pauschale von CHF. 15,90 zu entrichten. <\/p>\n<p>Bei allen Online-Bestellungen f\u00fchren wir immer einen Telefonanruf durch, um sicherzustellen, dass Sie das richtige Produkt f\u00fcr Ihre Bed\u00fcrfnisse ausgew\u00e4hlt haben. So k\u00f6nnen Sie sicher sein, dass Sie die richtige Wahl treffen. <\/p>\n","protected":false},"excerpt":{"rendered":"<p>Von Kabeln bis zu Transformatoren finden Sie hier alles, was Sie f\u00fcr eine erfolgreiche Installation ben\u00f6tigen.<\/p>\n<p>Brauchen Sie Rat oder m\u00f6chten Sie uns einfach die Ausstattung Ihres Schaufensters anvertrauen? <strong><span style=\"color: #800000;\"><a style=\"color: #800000;\" href=\"https:\/\/cdiffprom.ch\/elements\/contactez-nous\/\">Sie uns einfach eine Nachricht,<\/a><\/span><\/strong> Sie erhalten innerhalb von 24 Stunden eine Antwort.<\/p>\n","protected":false},"featured_media":100100,"template":"","meta":{"slim_seo":{"title":"ZUBEH\u00d6R F\u00dcR LEUCHTPLAKATE - Suisse - C.Diff-Prom","description":"Von Kabeln bis zu Transformatoren finden Sie hier alles, was Sie f\u00fcr eine erfolgreiche Installation ben\u00f6tigen. Brauchen Sie Rat oder m\u00f6chten Sie uns einfach die"}},"product_brand":[],"product_cat":[6373,6374],"product_tag":[],"class_list":{"0":"post-105463","1":"product","2":"type-product","3":"status-publish","4":"has-post-thumbnail","6":"product_cat-leuchtanzeige","7":"product_cat-zubehor-fur-leuchtanzeigen","9":"first","10":"instock","11":"taxable","12":"shipping-taxable","13":"purchasable","14":"product-type-variable"},"_links":{"self":[{"href":"https:\/\/cdiffprom.ch\/de\/wp-json\/wp\/v2\/product\/105463","targetHints":{"allow":["GET"]}}],"collection":[{"href":"https:\/\/cdiffprom.ch\/de\/wp-json\/wp\/v2\/product"}],"about":[{"href":"https:\/\/cdiffprom.ch\/de\/wp-json\/wp\/v2\/types\/product"}],"wp:featuredmedia":[{"embeddable":true,"href":"https:\/\/cdiffprom.ch\/de\/wp-json\/wp\/v2\/media\/100100"}],"wp:attachment":[{"href":"https:\/\/cdiffprom.ch\/de\/wp-json\/wp\/v2\/media?parent=105463"}],"wp:term":[{"taxonomy":"product_brand","embeddable":true,"href":"https:\/\/cdiffprom.ch\/de\/wp-json\/wp\/v2\/product_brand?post=105463"},{"taxonomy":"product_cat","embeddable":true,"href":"https:\/\/cdiffprom.ch\/de\/wp-json\/wp\/v2\/product_cat?post=105463"},{"taxonomy":"product_tag","embeddable":true,"href":"https:\/\/cdiffprom.ch\/de\/wp-json\/wp\/v2\/product_tag?post=105463"}],"curies":[{"name":"wp","href":"https:\/\/api.w.org\/{rel}","templated":true}]}}