{"id":105465,"date":"2019-07-30T13:08:36","date_gmt":"2019-07-30T11:08:36","guid":{"rendered":"https:\/\/cdiffprom.ch\/produit\/standfuss-fuer-regalbretter\/"},"modified":"2019-07-30T13:08:36","modified_gmt":"2019-07-30T11:08:36","slug":"standfuss-fuer-regalbretter","status":"publish","type":"product","link":"https:\/\/cdiffprom.ch\/de\/produit\/standfuss-fuer-regalbretter\/","title":{"rendered":"STANDFUSS F\u00dcR REGALBRETTER"},"content":{"rendered":"<h4><strong><span style=\"color: #800000;\">Standfu\u00df f\u00fcr Regalbretter<\/span><\/strong><\/h4>\n<p>Mit diesem freistehenden Tablet-PC-Halter k\u00f6nnen Sie Ihre Kunden direkt bei Ihnen zu Hause mit Ihren Angeboten verbinden.<\/p>\n<p>Er ist f\u00fcr alle Arten von Tablet-PCs wie I&#8217;Pad, Samsung, Asus und viele andere verf\u00fcgbar und verf\u00fcgt \u00fcber eine Diebstahlsicherung sowie ein System, das die Eingabetaste sperrt. So bleibt Ihr Besucher auf den Seiten, die er besuchen soll. <\/p>\n<p>Die nicht mitgelieferte Verkabelung kann in den Mast eingef\u00fcgt werden. Au\u00dferdem ist eine Ausrichtung des Tablets m\u00f6glich, entweder im Quer- oder Hochformat. <\/p>\n<p>Schauen Sie sich auch unser Modell des Tablet-St\u00e4nders an. <span style=\"color: #800000;\"><a style=\"color: #800000;\" href=\"https:\/\/cdiffprom.ch\/produit\/support-de-tablette-sur-pied\/\">gebogenen Standfu\u00df<\/a><\/span> sowie unsere Modelle f\u00fcr den Tisch.<span style=\"color: #800000;\"><a style=\"color: #800000;\" href=\"https:\/\/cdiffprom.ch\/produit\/support-de-table-base-metal-avec-antivol-pour-tablettes\/\"> Theke.<\/a><\/span><\/p>\n<p><strong><span style=\"color: #800000;\">Technische Spezifikationen<\/span> <\/strong>:<\/p>\n<ul>\n<li>Sichtbarkeit des Bildschirms 220 x 160 mm, Ausrichtung &#8222;Hochformat&#8220; oder &#8222;Querformat&#8220;.<\/li>\n<li>Feste H\u00f6he 114 cm, fester Betrachtungswinkel 45\u00b0.<\/li>\n<li>Gesch\u00fctzte, unsichtbare Home-Taste des Tablets<\/li>\n<li>Abschlie\u00dfbares Geh\u00e4use mit Sicherheitsschloss (2 Schl\u00fcssel)<\/li>\n<li>Unsichtbare Kabelf\u00fchrung im Untergestell.<\/li>\n<li>Kabel sind nicht im Lieferumfang enthalten.<\/li>\n<li>Fu\u00df aus naturfarbenem eloxiertem Aluminium, Sockel 28&#215;37 cm, der am Boden befestigt werden kann, Schrauben und D\u00fcbel werden mitgeliefert.<\/li>\n<li>Abmessungen: 114 x 28 x 37 cm &#8211; Gewicht 3 kg<\/li>\n<li>Alle Tablets :<\/li>\n<li>Maximale Abmessungen: 255 x 188 x 10 mm<\/li>\n<li>Mindestabmessungen: 225 x 165 x 5 mm<\/li>\n<\/ul>\n<p><a href=\"https:\/\/cdiffprom.ch\/elements\/contactez-nous\/\"><span style=\"color: #800000;\">Fragen Sie uns<\/span><\/a> unsere Angebote f\u00fcr einen Mengenrabatt, der bereits ab einer Bestellung von 3 St\u00fcck m\u00f6glich ist.<\/p>\n<h4><strong><span style=\"color: #800000;\">Vorschl\u00e4ge f\u00fcr die Verwendung :<\/span><\/strong><\/h4>\n<p>Dieser Tablet-PC-St\u00e4nder ist auch ideal f\u00fcr Messen und Ausstellungen, um die Aufmerksamkeit der Besucher auf sich zu ziehen.<\/p>\n<p>Alle unsere Materialien sind in der Regel innerhalb von 10 Tagen nach Eingang Ihrer Bestellung verf\u00fcgbar.<\/p>\n<p>&nbsp;<\/p>\n","protected":false},"excerpt":{"rendered":"<p>\u00c4sthetische, praktische und diebstahlsichere Halterung<\/p>\n","protected":false},"featured_media":103368,"template":"","meta":{"slim_seo":{"title":"STANDFUSS F\u00dcR REGALBRETTER - Suisse - C.Diff-Prom","description":"\u00c4sthetische, praktische und diebstahlsichere Halterung"}},"product_brand":[],"product_cat":[6359,6376],"product_tag":[6364,6378],"class_list":{"0":"post-105465","1":"product","2":"type-product","3":"status-publish","4":"has-post-thumbnail","6":"product_cat-multimedia-de","7":"product_cat-tablethalter","8":"product_tag-pos-materialien","9":"product_tag-tablet-stander","11":"first","12":"instock","13":"taxable","14":"shipping-taxable","15":"purchasable","16":"product-type-simple"},"_links":{"self":[{"href":"https:\/\/cdiffprom.ch\/de\/wp-json\/wp\/v2\/product\/105465","targetHints":{"allow":["GET"]}}],"collection":[{"href":"https:\/\/cdiffprom.ch\/de\/wp-json\/wp\/v2\/product"}],"about":[{"href":"https:\/\/cdiffprom.ch\/de\/wp-json\/wp\/v2\/types\/product"}],"wp:featuredmedia":[{"embeddable":true,"href":"https:\/\/cdiffprom.ch\/de\/wp-json\/wp\/v2\/media\/103368"}],"wp:attachment":[{"href":"https:\/\/cdiffprom.ch\/de\/wp-json\/wp\/v2\/media?parent=105465"}],"wp:term":[{"taxonomy":"product_brand","embeddable":true,"href":"https:\/\/cdiffprom.ch\/de\/wp-json\/wp\/v2\/product_brand?post=105465"},{"taxonomy":"product_cat","embeddable":true,"href":"https:\/\/cdiffprom.ch\/de\/wp-json\/wp\/v2\/product_cat?post=105465"},{"taxonomy":"product_tag","embeddable":true,"href":"https:\/\/cdiffprom.ch\/de\/wp-json\/wp\/v2\/product_tag?post=105465"}],"curies":[{"name":"wp","href":"https:\/\/api.w.org\/{rel}","templated":true}]}}