{"id":105470,"date":"2019-07-30T13:08:34","date_gmt":"2019-07-30T11:08:34","guid":{"rendered":"https:\/\/cdiffprom.ch\/produit\/broschuerendisplay-theke\/"},"modified":"2019-07-30T13:08:34","modified_gmt":"2019-07-30T11:08:34","slug":"broschuerendisplay-theke","status":"publish","type":"product","link":"https:\/\/cdiffprom.ch\/de\/produit\/broschuerendisplay-theke\/","title":{"rendered":"BROSCH\u00dcRENDISPLAY THEKE"},"content":{"rendered":"<h3><span style=\"color: #800000;\"><strong>Thekenaufsteller f\u00fcr Brosch\u00fcren<\/strong><\/span><\/h3>\n<p>Dieser Brosch\u00fcrenst\u00e4nder f\u00fcr die Theke bringt Ihre gesamte Dokumentation f\u00fcr Ihre Kunden zur Geltung.<\/p>\n<p>Er eignet sich f\u00fcr verschiedene Bereiche, z.B. :<\/p>\n<ul>\n<li>Reiseb\u00fcro, f\u00fcr alle Ihre Reisen zu den verschiedenen Jahreszeiten<\/li>\n<li>Tourismusb\u00fcro, Vorschl\u00e4ge f\u00fcr Entdeckungen und Ausfl\u00fcge<\/li>\n<li>Garage, Markenauswahl oder Preislisten<\/li>\n<li>Institut, in Ihren R\u00e4umlichkeiten angebotene Behandlungen<\/li>\n<\/ul>\n<p>um Ihre Angebote oder Flyer anzubieten.<\/p>\n<p>Dar\u00fcber hinaus k\u00f6nnen Sie sich die <span style=\"color: #800000;\"><a style=\"color: #800000;\" href=\"https:\/\/cdiffprom.ch\/produit\/presentoirs-de-comptoir-multi-cases\/\">Prospektst\u00e4nder mit mehreren F\u00e4chern<\/a><\/span> bei Bedarf zur Verf\u00fcgung.<\/p>\n<h4><strong><span style=\"color: #800000;\">Merkmale :<\/span><\/strong><\/h4>\n<ul>\n<li>Kunststoffprodukte aus eingespritztem Kristallpolystyrol 100 % transparent<\/li>\n<li>3 Arten von Formaten verf\u00fcgbar: 1\/3 A4, Hochformat &#8211; A5, Hoch- oder Querformat &#8211; A4, Hoch- oder Querformat<\/li>\n<li>Einfaches Feld<\/li>\n<\/ul>\n<p><span style=\"color: #800000;\"><strong>Lieferbedingungen<\/strong><\/span><\/p>\n<p>Alle unsere Produkte sind innerhalb von 10 Tagen nach Eingang Ihrer Bestellung lieferbar. Bitte z\u00f6gern Sie nicht, uns zu kontaktieren. <u><a href=\"https:\/\/cdiffprom.ch\/elements\/contactez-nous\/\"><span style=\"color: #800000;\">uns zu kontaktieren.<\/span><\/a><\/u> Wenn Sie einen dringenderen Bedarf haben, k\u00f6nnen wir Ihnen immer eine schnellere L\u00f6sung anbieten. <\/p>\n<p>Einige Artikel k\u00f6nnen eine l\u00e4ngere Lieferzeit in Anspruch nehmen, da sie nicht auf Lager unseres Lieferanten sind. In diesem Fall werden Sie nach Eingang Ihrer Bestellung benachrichtigt. <\/p>\n<p>Wir liefern versandkostenfrei ab einem Bestellwert von CHF. 500.-. Unterhalb dieses Betrags wird eine Pauschale von CHF. 15,90 zu entrichten. <\/p>\n<p>Bei allen Online-Bestellungen f\u00fchren wir immer einen Telefonanruf durch, um sicherzustellen, dass Sie das richtige Produkt f\u00fcr Ihre Bed\u00fcrfnisse ausgew\u00e4hlt haben. So k\u00f6nnen Sie sicher sein, dass Sie die richtige Wahl treffen. <\/p>\n<p>Bitte beachten Sie, dass die Promo-Codes nicht kumulierbar sind und der Rabatt auf Ihrer Bestellung sichtbar ist.<\/p>\n","protected":false},"excerpt":{"rendered":"<p>Optimieren Sie die Pr\u00e4sentation Ihrer Dokumente mit diesem qualitativ hochwertigen Produkt, das perfekt verarbeitet und elegant gestaltet ist.<\/p>\n","protected":false},"featured_media":103352,"template":"","meta":{"slim_seo":{"title":"BROSCH\u00dcRENDISPLAY THEKE - Suisse - C.Diff-Prom","description":"Optimieren Sie die Pr\u00e4sentation Ihrer Dokumente mit diesem qualitativ hochwertigen Produkt, das perfekt verarbeitet und elegant gestaltet ist."}},"product_brand":[],"product_cat":[6388,6348],"product_tag":[6364,6389],"class_list":{"0":"post-105470","1":"product","2":"type-product","3":"status-publish","4":"has-post-thumbnail","6":"product_cat-presentoirs","7":"product_cat-thekenaufsteller","8":"product_tag-pos-materialien","9":"product_tag-theken-displays","10":"pa_dimensions-1-3-a4-h-205-x-b-12-x-t-93-cm","11":"pa_dimensions-a4-21-x-297-cm-de","12":"pa_dimensions-a5-14-8-x-21-cm-de","13":"pa_orientation-landschaft","14":"pa_orientation-portrat","16":"first","17":"instock","18":"taxable","19":"shipping-taxable","20":"purchasable","21":"product-type-variable"},"_links":{"self":[{"href":"https:\/\/cdiffprom.ch\/de\/wp-json\/wp\/v2\/product\/105470","targetHints":{"allow":["GET"]}}],"collection":[{"href":"https:\/\/cdiffprom.ch\/de\/wp-json\/wp\/v2\/product"}],"about":[{"href":"https:\/\/cdiffprom.ch\/de\/wp-json\/wp\/v2\/types\/product"}],"wp:featuredmedia":[{"embeddable":true,"href":"https:\/\/cdiffprom.ch\/de\/wp-json\/wp\/v2\/media\/103352"}],"wp:attachment":[{"href":"https:\/\/cdiffprom.ch\/de\/wp-json\/wp\/v2\/media?parent=105470"}],"wp:term":[{"taxonomy":"product_brand","embeddable":true,"href":"https:\/\/cdiffprom.ch\/de\/wp-json\/wp\/v2\/product_brand?post=105470"},{"taxonomy":"product_cat","embeddable":true,"href":"https:\/\/cdiffprom.ch\/de\/wp-json\/wp\/v2\/product_cat?post=105470"},{"taxonomy":"product_tag","embeddable":true,"href":"https:\/\/cdiffprom.ch\/de\/wp-json\/wp\/v2\/product_tag?post=105470"}],"curies":[{"name":"wp","href":"https:\/\/api.w.org\/{rel}","templated":true}]}}