{"id":105476,"date":"2019-07-30T13:08:36","date_gmt":"2019-07-30T11:08:36","guid":{"rendered":"https:\/\/cdiffprom.ch\/produit\/tasche-fuer-den-transport-des-rohres-mit-schulterriemen\/"},"modified":"2019-07-30T13:08:36","modified_gmt":"2019-07-30T11:08:36","slug":"tasche-fuer-den-transport-des-rohres-mit-schulterriemen","status":"publish","type":"product","link":"https:\/\/cdiffprom.ch\/de\/produit\/tasche-fuer-den-transport-des-rohres-mit-schulterriemen\/","title":{"rendered":"TASCHE F\u00dcR DEN TRANSPORT DES ROHRES MIT SCHULTERRIEMEN"},"content":{"rendered":"<h3><span style=\"color: #800000;\"><strong>Tasche f\u00fcr den Transport des Rohres mit Schulterriemen<\/strong><\/span><\/h3>\n<p>Mit dieser Schultertasche k\u00f6nnen Sie Ihre verschiedenen Produkte mit einer maximalen Gr\u00f6\u00dfe von 82 cm x 11 cm leicht aufbewahren und transportieren.<\/p>\n<p>So werden Ihre Bannerhalter, Poster oder Kakemonos auf praktische Weise gesch\u00fctzt, wenn Sie unterwegs sind.<\/p>\n<h4><span style=\"color: #800000;\"><strong>Merkmale :<\/strong><\/span><\/h4>\n<ul>\n<li>Schwarze Hartschalentasche mit Rei\u00dfverschluss<\/li>\n<li>Verstellbarer Schulterriemen f\u00fcr den Transport<\/li>\n<li>Gewicht leer: 1 kg<\/li>\n<\/ul>\n<h4><span style=\"color: #800000;\"><strong>Lieferbedingungen :<br \/>\n<\/strong><\/span><\/h4>\n<p>Zu Ihrer Information: Nach Eingang Ihres Auftrags sind unsere Produkte innerhalb von etwa zehn Tagen lieferbar.<\/p>\n<p>Z\u00f6gern Sie nicht <u><a href=\"https:\/\/cdiffprom.ch\/elements\/contactez-nous\/\"><strong><span style=\"color: #800000;\">uns zu kontaktieren.<\/span><\/strong><\/a><\/u> Wenn Sie einen dringenderen Bedarf haben, k\u00f6nnen wir Ihnen immer eine schnellere L\u00f6sung anbieten.<\/p>\n<p>Wir sind auch gerne bereit, Ihnen Informationen \u00fcber Mengenrabatte zu geben.<\/p>\n<p>Einige Artikel k\u00f6nnen eine l\u00e4ngere Lieferzeit in Anspruch nehmen, da sie nicht auf Lager unseres Lieferanten sind. In diesem Fall werden Sie nach Eingang Ihrer Bestellung benachrichtigt. <\/p>\n<p>Wir liefern versandkostenfrei ab einem Bestellwert von CHF. 500.-. Unterhalb dieses Betrags wird eine Pauschale von CHF. 15,90 zu entrichten. <\/p>\n<p>Bei allen Online-Bestellungen f\u00fchren wir immer einen Telefonanruf durch, um sicherzustellen, dass Sie das richtige Produkt f\u00fcr Ihre Bed\u00fcrfnisse ausgew\u00e4hlt haben. So k\u00f6nnen Sie sicher sein, dass Sie die richtige Wahl treffen. <\/p>\n<p>Bitte beachten Sie, dass die Promo-Codes nicht kumulierbar sind und der Rabatt auf Ihrer Bestellung sichtbar ist.<\/p>\n","protected":false},"excerpt":{"rendered":"<p>In dieser Tasche mit festem Schultergurt sind Ihre Dokumente gut gesch\u00fctzt. L\u00e4nge 82 cm. <\/p>\n","protected":false},"featured_media":103366,"template":"","meta":{"slim_seo":{"title":"TASCHE F\u00dcR DEN TRANSPORT DES ROHRES MIT SCHULTERRIEMEN - Suisse - C.Diff-Prom","description":"In dieser Tasche mit festem Schultergurt sind Ihre Dokumente gut gesch\u00fctzt. L\u00e4nge 82 cm."}},"product_brand":[],"product_cat":[6391,6390],"product_tag":[6392,6364],"class_list":{"0":"post-105476","1":"product","2":"type-product","3":"status-publish","4":"has-post-thumbnail","6":"product_cat-burozubehor","7":"product_cat-ranking","8":"product_tag-burozubehor","9":"product_tag-pos-materialien","11":"first","12":"instock","13":"taxable","14":"shipping-taxable","15":"purchasable","16":"product-type-simple"},"_links":{"self":[{"href":"https:\/\/cdiffprom.ch\/de\/wp-json\/wp\/v2\/product\/105476","targetHints":{"allow":["GET"]}}],"collection":[{"href":"https:\/\/cdiffprom.ch\/de\/wp-json\/wp\/v2\/product"}],"about":[{"href":"https:\/\/cdiffprom.ch\/de\/wp-json\/wp\/v2\/types\/product"}],"wp:featuredmedia":[{"embeddable":true,"href":"https:\/\/cdiffprom.ch\/de\/wp-json\/wp\/v2\/media\/103366"}],"wp:attachment":[{"href":"https:\/\/cdiffprom.ch\/de\/wp-json\/wp\/v2\/media?parent=105476"}],"wp:term":[{"taxonomy":"product_brand","embeddable":true,"href":"https:\/\/cdiffprom.ch\/de\/wp-json\/wp\/v2\/product_brand?post=105476"},{"taxonomy":"product_cat","embeddable":true,"href":"https:\/\/cdiffprom.ch\/de\/wp-json\/wp\/v2\/product_cat?post=105476"},{"taxonomy":"product_tag","embeddable":true,"href":"https:\/\/cdiffprom.ch\/de\/wp-json\/wp\/v2\/product_tag?post=105476"}],"curies":[{"name":"wp","href":"https:\/\/api.w.org\/{rel}","templated":true}]}}