{"id":105482,"date":"2019-10-06T11:39:23","date_gmt":"2019-10-06T09:39:23","guid":{"rendered":"https:\/\/cdiffprom.ch\/produit\/bank-modularer-empfangstresen\/"},"modified":"2019-10-06T11:39:23","modified_gmt":"2019-10-06T09:39:23","slug":"bank-modularer-empfangstresen","status":"publish","type":"product","link":"https:\/\/cdiffprom.ch\/de\/produit\/bank-modularer-empfangstresen\/","title":{"rendered":"BANK MODULARER EMPFANGSTRESEN"},"content":{"rendered":"<h3><span style=\"color: #800000;\"><strong>Modularer Empfangstresen<\/strong><\/span><\/h3>\n<p>W\u00e4hlen Sie aus unseren verschiedenen Optionen f\u00fcr modulare Thekenb\u00e4nke, um Ihren Empfangsbereich an Ihren Platz und Ihre Bed\u00fcrfnisse anzupassen. Da alle unsere Elemente miteinander verbunden werden k\u00f6nnen, k\u00f6nnen Sie Ihren Empfang nach Belieben zusammenstellen und weiterentwickeln. <\/p>\n<p>Ob mit 45\u00b0-Rundung oder in gerader Ausf\u00fchrung, wir liefern und montieren alle Ihre M\u00f6bel. So k\u00f6nnen Sie an einem einzigen Tag alles in Betrieb nehmen. <\/p>\n<ul>\n<li>Ausgezeichnete Qualit\u00e4t, hohe Robustheit<\/li>\n<li>Metallrahmen, Rohr \u00f8 40 mm, Boden und Seitenw\u00e4nde aus Blech, hochfest pulverbeschichtet alugrau<\/li>\n<li>Platten, Aufs\u00e4tze und Arbeitsplatten aus 2 cm starken Laminatplatten in heller Buche. <\/li>\n<li>Alle hohen oder niedrigen, gebogenen oder geraden Theken sind kompatibel und k\u00f6nnen miteinander verbunden werden.<\/li>\n<li>Zerlegte Lieferung mit Montageanleitung<\/li>\n<\/ul>\n<h4><strong><span style=\"color: #800000;\">Abmessungen<\/span><\/strong><\/h4>\n<p>Geschwungene Hochschr\u00e4nke: Aufsatzplatte T 33 x 118 cm, Arbeitsplatte T 65 x 118 cm, Gesamtfl\u00e4che: H 115 x B 118 x T 70 cm<br \/>\nMobiliar rechts oben : Tischplatte T 33 x 116 cm, Arbeitsplatte T 65 x 116 cm, Gesamt: H 115 x B 116 x T 70 cm<br \/>\nNiedrige Theken: Gesamt: H 72 x B 126 x T 80 cm<\/p>\n<h4><span style=\"color: #800000;\"><strong>Lieferbedingungen<\/strong><\/span><\/h4>\n<p>Alle unsere Produkte sind innerhalb von 10 Tagen nach Eingang Ihrer Bestellung lieferbar. Bitte z\u00f6gern Sie nicht, <a href=\"https:\/\/cdiffprom.ch\/elements\/contactez-nous\/\">uns zu kontaktieren<\/a>, wenn Sie dringenderen Bedarf haben. <\/p>\n<p>Einige Artikel k\u00f6nnen eine l\u00e4ngere Lieferzeit in Anspruch nehmen, da sie nicht auf Lager unseres Lieferanten sind. In diesem Fall werden Sie nach Eingang Ihrer Bestellung benachrichtigt. <\/p>\n<p>Wir liefern versandkostenfrei ab einem Bestellwert von CHF. 500.-. Unterhalb dieses Betrags wird eine Pauschale von CHF. 15,90 zu entrichten. <\/p>\n<p>Bei allen Online-Bestellungen f\u00fchren wir immer einen Telefonanruf durch, um sicherzustellen, dass Sie das richtige Produkt f\u00fcr Ihre Bed\u00fcrfnisse ausgew\u00e4hlt haben. So k\u00f6nnen Sie sicher sein, dass Sie die richtige Wahl treffen. <\/p>\n<p>Bitte beachten Sie, dass die Promo-Codes nicht kumulierbar sind und der Rabatt auf Ihrer Bestellung sichtbar ist.<\/p>\n","protected":false},"excerpt":{"rendered":"<p>Attraktives, modulares, erweiterbares, evolutives Sortiment!<\/p>\n","protected":false},"featured_media":102734,"template":"","meta":{"slim_seo":{"title":"BANK MODULARER EMPFANGSTRESEN - Suisse - C.Diff-Prom","description":"Attraktives, modulares, erweiterbares, evolutives Sortiment!"}},"product_brand":[],"product_cat":[6355,6352],"product_tag":[6393],"class_list":{"0":"post-105482","1":"product","2":"type-product","3":"status-publish","4":"has-post-thumbnail","6":"product_cat-konferenz","7":"product_cat-pult-und-theken","8":"product_tag-pulte-und-theken","10":"first","11":"instock","12":"taxable","13":"shipping-taxable","14":"purchasable","15":"product-type-variable"},"_links":{"self":[{"href":"https:\/\/cdiffprom.ch\/de\/wp-json\/wp\/v2\/product\/105482","targetHints":{"allow":["GET"]}}],"collection":[{"href":"https:\/\/cdiffprom.ch\/de\/wp-json\/wp\/v2\/product"}],"about":[{"href":"https:\/\/cdiffprom.ch\/de\/wp-json\/wp\/v2\/types\/product"}],"wp:featuredmedia":[{"embeddable":true,"href":"https:\/\/cdiffprom.ch\/de\/wp-json\/wp\/v2\/media\/102734"}],"wp:attachment":[{"href":"https:\/\/cdiffprom.ch\/de\/wp-json\/wp\/v2\/media?parent=105482"}],"wp:term":[{"taxonomy":"product_brand","embeddable":true,"href":"https:\/\/cdiffprom.ch\/de\/wp-json\/wp\/v2\/product_brand?post=105482"},{"taxonomy":"product_cat","embeddable":true,"href":"https:\/\/cdiffprom.ch\/de\/wp-json\/wp\/v2\/product_cat?post=105482"},{"taxonomy":"product_tag","embeddable":true,"href":"https:\/\/cdiffprom.ch\/de\/wp-json\/wp\/v2\/product_tag?post=105482"}],"curies":[{"name":"wp","href":"https:\/\/api.w.org\/{rel}","templated":true}]}}