{"id":105489,"date":"2019-07-30T13:08:38","date_gmt":"2019-07-30T11:08:38","guid":{"rendered":"https:\/\/cdiffprom.ch\/produit\/standurne-fuer-animationen\/"},"modified":"2019-07-30T13:08:38","modified_gmt":"2019-07-30T11:08:38","slug":"standurne-fuer-animationen","status":"publish","type":"product","link":"https:\/\/cdiffprom.ch\/de\/produit\/standurne-fuer-animationen\/","title":{"rendered":"STANDURNE F\u00dcR ANIMATIONEN"},"content":{"rendered":"<h3><strong><span style=\"color: #800000;\">Standurne f\u00fcr Animationen<br \/>\n<\/span><\/strong><\/h3>\n<p>Diese hochwertige, transparente Standurne f\u00fcr Animationen ist ideal f\u00fcr Ihre Verkaufsanimationen, Gewinnspiele, Tombolas, Kundenbefragungen, Wahlen.<\/p>\n<p>Diese Standurne ist leicht zu transportieren, so dass Sie sie auch au\u00dferhalb Ihres Verkaufsraums an Ihre St\u00e4nde mitnehmen k\u00f6nnen.<\/p>\n<p>Das transparente Plexiglas, aus dem diese Standurne hergestellt ist, hat eine St\u00e4rke von 4 mm. Die Urne hat auch einen Einwurfschlitz. <\/p>\n<p>Mit einer Kapazit\u00e4t von ca. 500 Bulletins k\u00f6nnen Sie z.B. viele Kontaktinformationen sammeln.<\/p>\n<p>Sie kann an vielen Orten, wie z.B. Theken, Regalen oder Verkaufsst\u00e4ndern, leicht integriert werden.<\/p>\n<p>Dar\u00fcber hinaus verf\u00fcgt die Urne \u00fcber ein Metallschloss mit 2 Schl\u00fcsseln und der Deckel ist an Scharnieren befestigt.<\/p>\n<h4><strong><span style=\"color: #800000;\">Abmessungen<\/span><\/strong><\/h4>\n<p>Sie haben die Wahl zwischen 3 Urnengr\u00f6\u00dfen: 20 x 20 cm, 25 x 25 cm und 25 x 29 cm, von denen 2 Gr\u00f6\u00dfen auch mit Display erh\u00e4ltlich sind.<\/p>\n<p>Aluminiumfu\u00df mit gewichteter Basis, 4 kg.<\/p>\n<p>Die Gesamth\u00f6he mit Fu\u00df variiert zwischen 106 und 116 cm.<\/p>\n<p><span style=\"color: #800000;\"><strong>Lieferbedingungen<\/strong><\/span><\/p>\n<p>Alle unsere Produkte sind innerhalb von 10 Tagen nach Eingang Ihrer Bestellung lieferbar. Bitte z\u00f6gern Sie nicht, uns zu kontaktieren. <u><a href=\"https:\/\/cdiffprom.ch\/elements\/contactez-nous\/\"><span style=\"color: #800000;\">uns zu kontaktieren.<\/span><\/a><\/u> Wenn Sie einen dringenderen Bedarf haben, k\u00f6nnen wir Ihnen immer eine schnellere L\u00f6sung anbieten. <\/p>\n<p>Einige Artikel k\u00f6nnen eine l\u00e4ngere Lieferzeit in Anspruch nehmen, da sie nicht auf Lager unseres Lieferanten sind. In diesem Fall werden Sie nach Eingang Ihrer Bestellung benachrichtigt. <\/p>\n<p>Wir liefern versandkostenfrei ab einem Bestellwert von CHF. 500.-. Unterhalb dieses Betrags wird eine Pauschale von CHF. 14,90 zu entrichten. <\/p>\n<p>Bei allen Online-Bestellungen f\u00fchren wir immer einen Telefonanruf durch, um sicherzustellen, dass Sie das richtige Produkt f\u00fcr Ihre Bed\u00fcrfnisse ausgew\u00e4hlt haben. So k\u00f6nnen Sie sicher sein, dass Sie die richtige Wahl treffen. <\/p>\n<p>Bitte beachten Sie, dass die Promo-Codes nicht kumulierbar sind und der Rabatt auf Ihrer Bestellung sichtbar ist.<\/p>\n<p>&nbsp;<\/p>\n<p>&nbsp;<\/p>\n<p>&nbsp;<\/p>\n","protected":false},"excerpt":{"rendered":"<p>Ideale Urne f\u00fcr alle Ihre Wettbewerbe<\/p>\n","protected":false},"featured_media":103380,"template":"","meta":{"slim_seo":{"title":"STANDURNE F\u00dcR ANIMATIONEN - Suisse - C.Diff-Prom","description":"Ideale Urne f\u00fcr alle Ihre Wettbewerbe"}},"product_brand":[],"product_cat":[6342,6355,6366,6394],"product_tag":[6364,6395],"class_list":{"0":"post-105489","1":"product","2":"type-product","3":"status-publish","4":"has-post-thumbnail","6":"product_cat-anzeige","7":"product_cat-konferenz","8":"product_cat-pos-supports","9":"product_cat-wahlurnen-und-wahlkabinen","10":"product_tag-pos-materialien","11":"product_tag-urnen-und-wahlkabinen","13":"first","14":"instock","15":"taxable","16":"shipping-taxable","17":"purchasable","18":"product-type-variable"},"_links":{"self":[{"href":"https:\/\/cdiffprom.ch\/de\/wp-json\/wp\/v2\/product\/105489","targetHints":{"allow":["GET"]}}],"collection":[{"href":"https:\/\/cdiffprom.ch\/de\/wp-json\/wp\/v2\/product"}],"about":[{"href":"https:\/\/cdiffprom.ch\/de\/wp-json\/wp\/v2\/types\/product"}],"wp:featuredmedia":[{"embeddable":true,"href":"https:\/\/cdiffprom.ch\/de\/wp-json\/wp\/v2\/media\/103380"}],"wp:attachment":[{"href":"https:\/\/cdiffprom.ch\/de\/wp-json\/wp\/v2\/media?parent=105489"}],"wp:term":[{"taxonomy":"product_brand","embeddable":true,"href":"https:\/\/cdiffprom.ch\/de\/wp-json\/wp\/v2\/product_brand?post=105489"},{"taxonomy":"product_cat","embeddable":true,"href":"https:\/\/cdiffprom.ch\/de\/wp-json\/wp\/v2\/product_cat?post=105489"},{"taxonomy":"product_tag","embeddable":true,"href":"https:\/\/cdiffprom.ch\/de\/wp-json\/wp\/v2\/product_tag?post=105489"}],"curies":[{"name":"wp","href":"https:\/\/api.w.org\/{rel}","templated":true}]}}