{"id":105496,"date":"2019-07-30T13:08:36","date_gmt":"2019-07-30T11:08:36","guid":{"rendered":"https:\/\/cdiffprom.ch\/produit\/schieferstaffelei-schiefertafel\/"},"modified":"2019-07-30T13:08:36","modified_gmt":"2019-07-30T11:08:36","slug":"schieferstaffelei-schiefertafel","status":"publish","type":"product","link":"https:\/\/cdiffprom.ch\/de\/produit\/schieferstaffelei-schiefertafel\/","title":{"rendered":"SCHIEFERSTAFFELEI\/SCHIEFERTAFEL"},"content":{"rendered":"<h3><span style=\"color: #800000;\"><strong>Schieferstaffelei\/Schiefertafel<\/strong><\/span><\/h3>\n<p>Die Schieferstaffelei ist ein unverzichtbares Werbemittel f\u00fcr Ihr Restaurant, um Ihre Werbebotschaft zu pr\u00e4sentieren. Die Schiefertafel ist aus hochdichtem Holz gefertigt. Das doppelseitige Display der Schiefertafel erm\u00f6glicht es Ihnen, die Richtung Ihres Gesch\u00e4fts anzuzeigen oder Ihre Speisekarte handschriftlich aufzuschreiben.  <\/p>\n<p>Dieses preisg\u00fcnstige Kommunikationsmittel wird Sie begeistern und die Blicke Ihrer Kunden auf sich ziehen. Sowohl im Auto als auch zu Fu\u00df sichtbar, wird diese \u00e4sthetische Schiefertafel mit Ihrer pers\u00f6nlichen Botschaft die Aufmerksamkeit der Passanten auf sich ziehen. Daher ist es ein einfaches und effektives Kommunikationsmittel. Die relativ gro\u00dfe Anzeigefl\u00e4che ist perfekt f\u00fcr Ihre Werbebotschaft.<\/p>\n<p>Dar\u00fcber hinaus sind die Paneele und Rahmen aus Massivholz mit mattschwarzer Laminatbeschichtung.<\/p>\n<h4><strong><span style=\"color: #800000;\">Informationen \u00fcber die Bodenstaffelei :<\/span><\/strong><\/h4>\n<ul>\n<li>Gr\u00f6\u00dfe: 78 x 60 cm, 120 x 60 doppelseitig<\/li>\n<li>Zusammenklappbar f\u00fcr Transport und Aufbewahrung<\/li>\n<li>M\u00f6glichkeit, mit Kreidefilzstiften oder Naturkreide zu schreiben (nicht im Lieferumfang enthalten)<\/li>\n<li>Kann bei leichtem Regen, aber nicht bei Gewitter im Freien verwendet werden.<\/li>\n<li>Wird gebrauchsfertig geliefert<\/li>\n<\/ul>\n<h4><span style=\"color: #800000;\"><strong>Informationen \u00fcber das Wandbild:<\/strong><\/span><\/h4>\n<ul>\n<li>Verschiedene Formate verf\u00fcgbar<\/li>\n<li>Einseitiges Gem\u00e4lde mit unsichtbaren Befestigungselementen<\/li>\n<li>Hoch- oder Querformat m\u00f6glich<\/li>\n<li>Zum Schreiben mit Kreidemarkern oder Naturkreide (nicht im Lieferumfang enthalten)<\/li>\n<\/ul>\n<h4><strong><span style=\"color: #800000;\">Vergessen Sie nicht, die Kreidemarker zu bestellen!<\/span><\/strong><\/h4>\n<p>Die<span style=\"color: #800000;\"><a style=\"color: #800000;\" href=\"https:\/\/cdiffprom.ch\/produit\/feutre-blanc\/\"> Kreidefilzstifte<\/a><\/span> (fl\u00fcssige Tinte), wei\u00df oder in fluoreszierenden Farben, lichtbest\u00e4ndig, mit einem feuchten Tuch oder Schwamm abwischbar, auch zum Beschriften von Glas und Kunststoffen geeignet.<\/p>\n<p>Rabattm\u00f6glichkeiten je nach Anzahl der bestellten Artikel. Die Lieferung erfolgt ca. 10 Tage nach Best\u00e4tigung Ihres Auftrags. <\/p>\n<p>Z\u00f6gern Sie nicht <span style=\"color: #800000;\"><a style=\"color: #800000;\" href=\"https:\/\/cdiffprom.ch\/elements\/contactez-nous\/\">kontaktieren Sie uns bitte.<\/a><\/span> f\u00fcr weitere Informationen!<\/p>\n<p>&nbsp;<\/p>\n","protected":false},"excerpt":{"rendered":"<p>Lassen Sie Ihrer Phantasie freien Lauf auf diesen Schiefertafeln und -bildern, die mit einem wetterfesten und langlebigen Massivholzrahmen erh\u00e4ltlich sind.<\/p>\n<p>Vergessen Sie nicht, die Schieferstifte zu bestellen. <strong><span style=\"color: #800000;\"><a style=\"color: #800000;\" href=\"https:\/\/cdiffprom.ch\/produit\/feutre-craie-blanc-et-couleurs\/\">wei\u00dfe und farbige Filzstifte<\/a><\/span><\/strong> um die Fernwirkung Ihrer Botschaften noch zu verst\u00e4rken.<\/p>\n<p>Achtung, nur die Staffeleien sind doppelseitig, die Bilder m\u00fcssen an einer Wand aufgestellt werden.<\/p>\n","protected":false},"featured_media":103370,"template":"","meta":{"slim_seo":{"title":"SCHIEFERSTAFFELEI\/SCHIEFERTAFEL - Suisse - C.Diff-Prom","description":"Lassen Sie Ihrer Phantasie freien Lauf auf diesen Schiefertafeln und -bildern, die mit einem wetterfesten und langlebigen Massivholzrahmen erh\u00e4ltlich sind. Verg"}},"product_brand":[],"product_cat":[6342,6343],"product_tag":[6364],"class_list":{"0":"post-105496","1":"product","2":"type-product","3":"status-publish","4":"has-post-thumbnail","6":"product_cat-anzeige","7":"product_cat-staffeleien-gehwegstopper","8":"product_tag-pos-materialien","9":"pa_dimensions-120-x-60-cm-de","10":"pa_dimensions-40-x-60-cm-de","11":"pa_dimensions-78-x-60-cm-de","12":"pa_dimensions-80-x-60-cm-de","13":"pa_dimensions-90-x-40-cm-de","14":"pa_dimensions-h-200-x-b-100-cm","15":"pa_dimensions-h-200-x-b-150-cm","16":"pa_dimensions-h-200-x-b-200-cm","17":"pa_dimensions-h-200-x-b-80-cm","18":"pa_dimensions-h-200-x-b-85-cm","20":"first","21":"instock","22":"taxable","23":"shipping-taxable","24":"purchasable","25":"product-type-variable"},"_links":{"self":[{"href":"https:\/\/cdiffprom.ch\/de\/wp-json\/wp\/v2\/product\/105496","targetHints":{"allow":["GET"]}}],"collection":[{"href":"https:\/\/cdiffprom.ch\/de\/wp-json\/wp\/v2\/product"}],"about":[{"href":"https:\/\/cdiffprom.ch\/de\/wp-json\/wp\/v2\/types\/product"}],"wp:featuredmedia":[{"embeddable":true,"href":"https:\/\/cdiffprom.ch\/de\/wp-json\/wp\/v2\/media\/103370"}],"wp:attachment":[{"href":"https:\/\/cdiffprom.ch\/de\/wp-json\/wp\/v2\/media?parent=105496"}],"wp:term":[{"taxonomy":"product_brand","embeddable":true,"href":"https:\/\/cdiffprom.ch\/de\/wp-json\/wp\/v2\/product_brand?post=105496"},{"taxonomy":"product_cat","embeddable":true,"href":"https:\/\/cdiffprom.ch\/de\/wp-json\/wp\/v2\/product_cat?post=105496"},{"taxonomy":"product_tag","embeddable":true,"href":"https:\/\/cdiffprom.ch\/de\/wp-json\/wp\/v2\/product_tag?post=105496"}],"curies":[{"name":"wp","href":"https:\/\/api.w.org\/{rel}","templated":true}]}}