{"id":105504,"date":"2019-09-25T09:25:27","date_gmt":"2019-09-25T07:25:27","guid":{"rendered":"https:\/\/cdiffprom.ch\/produit\/magnetische-namensschilder-karten\/"},"modified":"2019-09-25T09:25:27","modified_gmt":"2019-09-25T07:25:27","slug":"magnetische-namensschilder-karten","status":"publish","type":"product","link":"https:\/\/cdiffprom.ch\/de\/produit\/magnetische-namensschilder-karten\/","title":{"rendered":"MAGNETISCHE NAMENSSCHILDER KARTEN"},"content":{"rendered":"<ul>\n<li>Verwendung in B\u00fcros, Gesch\u00e4ften oder \u00f6ffentlichen Einrichtungen bei Konferenzen, Ausstellungen, Kongressen, Messen, Veranstaltungen<\/li>\n<li>F\u00fcr Karten bis zu einem maximalen Format von 60 x 86 cm<\/li>\n<li>Schwarzer Kunststoff mit transparenter Tasche + Klappen mit integrierten starken Magneten<\/li>\n<\/ul>\n","protected":false},"excerpt":{"rendered":"<p><strong>Damit Ihre Kleidung nicht mehr besch\u00e4digt wird!<\/strong><\/p>\n","protected":false},"featured_media":101606,"template":"","meta":{"slim_seo":{"title":"MAGNETISCHE NAMENSSCHILDER KARTEN - Suisse - C.Diff-Prom","description":"Damit Ihre Kleidung nicht mehr besch\u00e4digt wird!"}},"product_brand":[],"product_cat":[6355,6405],"product_tag":[6406],"class_list":{"0":"post-105504","1":"product","2":"type-product","3":"status-publish","4":"has-post-thumbnail","6":"product_cat-konferenz","7":"product_cat-namensschilder","8":"product_tag-namensschilder","9":"pa_dimensions-h-60-x-b-86-mm","10":"pa_dimensions-h-86-x-b-60-mm","12":"first","13":"outofstock","14":"taxable","15":"shipping-taxable","16":"purchasable","17":"product-type-variable"},"_links":{"self":[{"href":"https:\/\/cdiffprom.ch\/de\/wp-json\/wp\/v2\/product\/105504","targetHints":{"allow":["GET"]}}],"collection":[{"href":"https:\/\/cdiffprom.ch\/de\/wp-json\/wp\/v2\/product"}],"about":[{"href":"https:\/\/cdiffprom.ch\/de\/wp-json\/wp\/v2\/types\/product"}],"wp:featuredmedia":[{"embeddable":true,"href":"https:\/\/cdiffprom.ch\/de\/wp-json\/wp\/v2\/media\/101606"}],"wp:attachment":[{"href":"https:\/\/cdiffprom.ch\/de\/wp-json\/wp\/v2\/media?parent=105504"}],"wp:term":[{"taxonomy":"product_brand","embeddable":true,"href":"https:\/\/cdiffprom.ch\/de\/wp-json\/wp\/v2\/product_brand?post=105504"},{"taxonomy":"product_cat","embeddable":true,"href":"https:\/\/cdiffprom.ch\/de\/wp-json\/wp\/v2\/product_cat?post=105504"},{"taxonomy":"product_tag","embeddable":true,"href":"https:\/\/cdiffprom.ch\/de\/wp-json\/wp\/v2\/product_tag?post=105504"}],"curies":[{"name":"wp","href":"https:\/\/api.w.org\/{rel}","templated":true}]}}