{"id":105517,"date":"2019-09-25T09:57:08","date_gmt":"2019-09-25T07:57:08","guid":{"rendered":"https:\/\/cdiffprom.ch\/produit\/flexibles-namensschild-mit-clip\/"},"modified":"2019-09-25T09:57:08","modified_gmt":"2019-09-25T07:57:08","slug":"flexibles-namensschild-mit-clip","status":"publish","type":"product","link":"https:\/\/cdiffprom.ch\/de\/produit\/flexibles-namensschild-mit-clip\/","title":{"rendered":"FLEXIBLES NAMENSSCHILD MIT CLIP"},"content":{"rendered":"<ul>\n<li>Verwendung in B\u00fcros, Gesch\u00e4ften oder \u00f6ffentlichen Einrichtungen bei Konferenzen, Ausstellungen, Kongressen, Messen, Veranstaltungen<\/li>\n<li>Nutzformat H.60 x B.87 mm<\/li>\n<li>Transparente, halbweiche PVC-H\u00fclle + Clip<\/li>\n<li>Bristol nicht im Lieferumfang enthalten<\/li>\n<\/ul>\n","protected":false},"excerpt":{"rendered":"<p><strong>Ideal, um eine Visitenkarte direkt einzuf\u00fcgen!<\/strong><\/p>\n","protected":false},"featured_media":103766,"template":"","meta":{"slim_seo":{"title":"FLEXIBLES NAMENSSCHILD MIT CLIP - Suisse - C.Diff-Prom","description":"Ideal, um eine Visitenkarte direkt einzuf\u00fcgen!"}},"product_brand":[],"product_cat":[6355,6405],"product_tag":[6406],"class_list":{"0":"post-105517","1":"product","2":"type-product","3":"status-publish","4":"has-post-thumbnail","6":"product_cat-konferenz","7":"product_cat-namensschilder","8":"product_tag-namensschilder","10":"first","11":"instock","12":"taxable","13":"shipping-taxable","14":"purchasable","15":"product-type-simple"},"_links":{"self":[{"href":"https:\/\/cdiffprom.ch\/de\/wp-json\/wp\/v2\/product\/105517","targetHints":{"allow":["GET"]}}],"collection":[{"href":"https:\/\/cdiffprom.ch\/de\/wp-json\/wp\/v2\/product"}],"about":[{"href":"https:\/\/cdiffprom.ch\/de\/wp-json\/wp\/v2\/types\/product"}],"wp:featuredmedia":[{"embeddable":true,"href":"https:\/\/cdiffprom.ch\/de\/wp-json\/wp\/v2\/media\/103766"}],"wp:attachment":[{"href":"https:\/\/cdiffprom.ch\/de\/wp-json\/wp\/v2\/media?parent=105517"}],"wp:term":[{"taxonomy":"product_brand","embeddable":true,"href":"https:\/\/cdiffprom.ch\/de\/wp-json\/wp\/v2\/product_brand?post=105517"},{"taxonomy":"product_cat","embeddable":true,"href":"https:\/\/cdiffprom.ch\/de\/wp-json\/wp\/v2\/product_cat?post=105517"},{"taxonomy":"product_tag","embeddable":true,"href":"https:\/\/cdiffprom.ch\/de\/wp-json\/wp\/v2\/product_tag?post=105517"}],"curies":[{"name":"wp","href":"https:\/\/api.w.org\/{rel}","templated":true}]}}