{"id":105518,"date":"2019-10-16T23:03:07","date_gmt":"2019-10-16T21:03:07","guid":{"rendered":"https:\/\/cdiffprom.ch\/produit\/expostand-bauzubehoer\/"},"modified":"2019-10-16T23:03:07","modified_gmt":"2019-10-16T21:03:07","slug":"expostand-bauzubehoer","status":"publish","type":"product","link":"https:\/\/cdiffprom.ch\/de\/produit\/expostand-bauzubehoer\/","title":{"rendered":"EXPOSTAND BAUZUBEH\u00d6R"},"content":{"rendered":"<h3><span style=\"color: #800000;\"><strong>Expostand Bauzubeh\u00f6r<\/strong><\/span><\/h3>\n<p>Tr\u00e4umen Sie davon, Ihren Stand f\u00fcr Ihre n\u00e4chste Veranstaltung zu gestalten? Mit unserem Expostand-Bauzubeh\u00f6r ist das m\u00f6glich und das zu geringen Kosten. <\/p>\n<p>Au\u00dferdem lassen sich unsere Expost\u00e4nde sehr leicht auf- und abbauen. So nehmen sie nach dem Abbau kaum Platz in Ihrem Lagerraum ein. <\/p>\n<p>Wir helfen Ihnen gerne bei der Zusammenstellung Ihres Standes und empfehlen Ihnen unsere Partner f\u00fcr den Druck der Verkleidungsplanen.<\/p>\n<p>Um eine perfekte Sichtbarkeit zu gew\u00e4hrleisten, k\u00f6nnen Sie eine oder mehrere Seiten Ihrer Anlage unterschiedlich verkleiden, dank der M\u00f6glichkeit einer doppelseitigen Verkleidung.<\/p>\n<p>Lassen Sie Ihrer Phantasie und Vorstellungskraft freien Lauf, um bei Ihrer n\u00e4chsten Ausstellung m\u00f6glichst viele Besucher zu begeistern.<\/p>\n<p>Sie finden auf <strong><span style=\"color: #800000;\"><a style=\"color: #800000;\" href=\"https:\/\/cdiffprom.ch\/produit\/kits-expostand\/\">diesen Link<\/a><\/span><\/strong> einige Beispiele f\u00fcr einen schl\u00fcsselfertigen Tarif<\/p>\n<p>Entdecken Sie in diesem Artikel das gesamte Bauzubeh\u00f6r von Expostand, um Ihren Stand nach Ihren W\u00fcnschen aufzubauen.<\/p>\n<ul>\n<li>Kreuzmodule 7 L\u00e4ngen von 15 cm x 15 Seitenl\u00e4nge<\/li>\n<li>Verbinder, um die Module zu verbinden.<\/li>\n<li>Der W\u00fcrfelblock f\u00fcr die Ecken<\/li>\n<li>Dreidimensionale Basissockel f\u00fcr eine perfekte Stabilit\u00e4t Ihres Standes<\/li>\n<li>Prospektst\u00e4nder und Spots, um aus der Ferne gesehen zu werden<\/li>\n<\/ul>\n<h4><span style=\"color: #800000;\"><strong>Lieferbedingungen<\/strong><\/span><\/h4>\n<p>Alle unsere Produkte sind innerhalb von 10 Tagen nach Eingang Ihrer Bestellung lieferbar. Bitte z\u00f6gern Sie nicht, uns zu kontaktieren.<span style=\"color: #800000;\"> <a style=\"color: #800000;\" href=\"https:\/\/cdiffprom.ch\/elements\/contactez-nous\/\">uns zu kontaktieren.<\/a><\/span> Wenn Sie einen dringenderen Bedarf haben, k\u00f6nnen wir Ihnen immer eine schnellere L\u00f6sung anbieten. <\/p>\n<p>Einige Artikel k\u00f6nnen eine l\u00e4ngere Lieferzeit in Anspruch nehmen, da sie nicht auf Lager unseres Lieferanten sind. In diesem Fall werden Sie nach Eingang Ihrer Bestellung benachrichtigt. <\/p>\n<p>Wir liefern versandkostenfrei ab einem Bestellwert von CHF. 500.-. Unterhalb dieses Betrags wird eine Pauschale von CHF. 15,90 zu entrichten. <\/p>\n<p>Bei allen Online-Bestellungen f\u00fchren wir immer einen Telefonanruf durch, um sicherzustellen, dass Sie das richtige Produkt f\u00fcr Ihre Bed\u00fcrfnisse ausgew\u00e4hlt haben. So k\u00f6nnen Sie sicher sein, dass Sie die richtige Wahl treffen. <\/p>\n<p>Die Promo-Codes sind nicht kumulierbar und der Rabatt wird auf Ihrer Bestellung angezeigt.<br \/>\nHaben Sie Ihren Promo-Code noch nicht? <strong><span style=\"color: #800000;\"><a style=\"color: #800000;\" href=\"https:\/\/cdiffprom.ch\/elements\/contactez-nous\/\">Fordern Sie ihn hier an<\/a> <\/span><\/strong> <\/p>\n","protected":false},"excerpt":{"rendered":"<p>Entdecken Sie hier das gesamte Zubeh\u00f6r f\u00fcr die Zusammenstellung Ihres Standes. Ben\u00f6tigen Sie weitere Informationen? Wir stehen Ihnen gerne zur Verf\u00fcgung, indem Sie<strong><span style=\"color: #800000;\"><a style=\"color: #800000;\" href=\"https:\/\/cdiffprom.ch\/elements\/contactez-nous\/\"> Klicken Sie hier<\/a><\/span><\/strong>  <\/p>\n","protected":false},"featured_media":102488,"template":"","meta":{"slim_seo":{"title":"EXPOSTAND BAUZUBEH\u00d6R - Suisse - C.Diff-Prom","description":"Entdecken Sie hier das gesamte Zubeh\u00f6r f\u00fcr die Zusammenstellung Ihres Standes. Ben\u00f6tigen Sie weitere Informationen? Wir stehen Ihnen gerne zur Verf\u00fcgung, indem"}},"product_brand":[],"product_cat":[6362,6407],"product_tag":[],"class_list":{"0":"post-105518","1":"product","2":"type-product","3":"status-publish","4":"has-post-thumbnail","6":"product_cat-ausstellungen","7":"product_cat-modulare-bauten","9":"first","10":"instock","11":"taxable","12":"shipping-taxable","13":"purchasable","14":"product-type-variable"},"_links":{"self":[{"href":"https:\/\/cdiffprom.ch\/de\/wp-json\/wp\/v2\/product\/105518","targetHints":{"allow":["GET"]}}],"collection":[{"href":"https:\/\/cdiffprom.ch\/de\/wp-json\/wp\/v2\/product"}],"about":[{"href":"https:\/\/cdiffprom.ch\/de\/wp-json\/wp\/v2\/types\/product"}],"wp:featuredmedia":[{"embeddable":true,"href":"https:\/\/cdiffprom.ch\/de\/wp-json\/wp\/v2\/media\/102488"}],"wp:attachment":[{"href":"https:\/\/cdiffprom.ch\/de\/wp-json\/wp\/v2\/media?parent=105518"}],"wp:term":[{"taxonomy":"product_brand","embeddable":true,"href":"https:\/\/cdiffprom.ch\/de\/wp-json\/wp\/v2\/product_brand?post=105518"},{"taxonomy":"product_cat","embeddable":true,"href":"https:\/\/cdiffprom.ch\/de\/wp-json\/wp\/v2\/product_cat?post=105518"},{"taxonomy":"product_tag","embeddable":true,"href":"https:\/\/cdiffprom.ch\/de\/wp-json\/wp\/v2\/product_tag?post=105518"}],"curies":[{"name":"wp","href":"https:\/\/api.w.org\/{rel}","templated":true}]}}