{"id":105536,"date":"2019-10-19T12:09:08","date_gmt":"2019-10-19T10:09:08","guid":{"rendered":"https:\/\/cdiffprom.ch\/produit\/fuesse-fuer-economy-roste\/"},"modified":"2019-10-19T12:09:08","modified_gmt":"2019-10-19T10:09:08","slug":"fuesse-fuer-economy-roste","status":"publish","type":"product","link":"https:\/\/cdiffprom.ch\/de\/produit\/fuesse-fuer-economy-roste\/","title":{"rendered":"F\u00dcSSE F\u00dcR ECONOMY-ROSTE"},"content":{"rendered":"<h3><span style=\"color: #800000;\"><strong>F\u00fc\u00dfe f\u00fcr preiswerte Gitter<\/strong><\/span><\/h3>\n<p>Vergessen Sie nicht, die F\u00fc\u00dfe f\u00fcr die Sparroste zu bestellen, wenn Sie diese einzeln installieren m\u00f6chten.<\/p>\n<p>Wenn Sie Ihre Gitter in einer Reihe aufstellen, sorgen sie f\u00fcr eine perfekte Stabilit\u00e4t Ihrer gesamten Ausstellung.<\/p>\n<p>Rechnen Sie mit 4 F\u00fc\u00dfen pro Gitter, beidseitig f\u00fcr ein Gitter, aber auch f\u00fcr 3 Gitter, die mit Ecken angeordnet sind.<\/p>\n<h4><span style=\"color: #800000;\"><strong>Produktgarantie<\/strong><\/span><\/h4>\n<p>Alle auf dieser Website angebotenen Artikel haben eine Garantie von 2 Jahren ab Rechnungsdatum.<\/p>\n<p>F\u00fcr alle unsere Zahlungsarten wird Ihnen sp\u00e4testens bei der Lieferung Ihrer Bestellung eine Rechnung ausgestellt. Sie k\u00f6nnen jedoch auf Wunsch eine Rechnung per E-Mail erhalten, sobald Ihr Auftrag eingegangen ist. <\/p>\n<p>Alle unsere Produkte werden von unseren Lieferanten und uns selbst individuell gepr\u00fcft, bevor sie an Sie ausgeliefert werden.<\/p>\n<p>Im Falle eines Mangels, der nicht vor der Lieferung festgestellt wurde, wird der Artikel bis zu 20 Tage nach der Lieferung auf einfachen Anruf hin umgetauscht. Nach Ablauf dieser Frist muss ein Gutachten erstellt werden, um einen eventuellen Ersatz zu erhalten. <\/p>\n<h4><span style=\"color: #800000;\"><strong>Lieferbedingungen<\/strong><\/span><\/h4>\n<p>Alle unsere Produkte sind innerhalb von 10 Tagen nach Eingang Ihrer Bestellung lieferbar. Bitte z\u00f6gern Sie nicht, uns zu kontaktieren. <a href=\"https:\/\/cdiffprom.ch\/elements\/contactez-nous\/\"><span style=\"color: #800000;\">uns zu kontaktieren.<\/span><\/a> Wenn Sie einen dringenderen Bedarf haben, k\u00f6nnen wir Ihnen immer eine schnellere L\u00f6sung anbieten. <\/p>\n<p>Einige Artikel k\u00f6nnen eine l\u00e4ngere Lieferzeit in Anspruch nehmen, da sie nicht auf Lager unseres Lieferanten sind. In diesem Fall werden Sie nach Eingang Ihrer Bestellung benachrichtigt. <\/p>\n<p>Wir liefern versandkostenfrei ab einem Bestellwert von CHF. 500.-. Unterhalb dieses Betrags wird eine Pauschale von CHF. 15,90 zu entrichten. <\/p>\n<p>Bei allen Online-Bestellungen f\u00fchren wir immer einen Telefonanruf durch, um sicherzustellen, dass Sie das richtige Produkt f\u00fcr Ihre Bed\u00fcrfnisse ausgew\u00e4hlt haben. So k\u00f6nnen Sie sicher sein, dass Sie die richtige Wahl treffen. <\/p>\n<p>Bitte beachten Sie, dass die Promo-Codes nicht kumulierbar sind und der Rabatt auf Ihrer Bestellung sichtbar ist.<\/p>\n","protected":false},"excerpt":{"rendered":"<p>Sichern Sie die Stabilit\u00e4t Ihrer Roste mit diesen einfach zu installierenden F\u00fc\u00dfen.<\/p>\n","protected":false},"featured_media":103844,"template":"","meta":{"slim_seo":{"title":"F\u00dcSSE F\u00dcR ECONOMY-ROSTE - Suisse - C.Diff-Prom","description":"Sichern Sie die Stabilit\u00e4t Ihrer Roste mit diesen einfach zu installierenden F\u00fc\u00dfen."}},"product_brand":[],"product_cat":[6362,6408],"product_tag":[],"class_list":{"0":"post-105536","1":"product","2":"type-product","3":"status-publish","4":"has-post-thumbnail","6":"product_cat-ausstellungen","7":"product_cat-zubehor-fur-gitter","9":"first","10":"instock","11":"taxable","12":"shipping-taxable","13":"purchasable","14":"product-type-simple"},"_links":{"self":[{"href":"https:\/\/cdiffprom.ch\/de\/wp-json\/wp\/v2\/product\/105536","targetHints":{"allow":["GET"]}}],"collection":[{"href":"https:\/\/cdiffprom.ch\/de\/wp-json\/wp\/v2\/product"}],"about":[{"href":"https:\/\/cdiffprom.ch\/de\/wp-json\/wp\/v2\/types\/product"}],"wp:featuredmedia":[{"embeddable":true,"href":"https:\/\/cdiffprom.ch\/de\/wp-json\/wp\/v2\/media\/103844"}],"wp:attachment":[{"href":"https:\/\/cdiffprom.ch\/de\/wp-json\/wp\/v2\/media?parent=105536"}],"wp:term":[{"taxonomy":"product_brand","embeddable":true,"href":"https:\/\/cdiffprom.ch\/de\/wp-json\/wp\/v2\/product_brand?post=105536"},{"taxonomy":"product_cat","embeddable":true,"href":"https:\/\/cdiffprom.ch\/de\/wp-json\/wp\/v2\/product_cat?post=105536"},{"taxonomy":"product_tag","embeddable":true,"href":"https:\/\/cdiffprom.ch\/de\/wp-json\/wp\/v2\/product_tag?post=105536"}],"curies":[{"name":"wp","href":"https:\/\/api.w.org\/{rel}","templated":true}]}}