{"id":105537,"date":"2019-07-26T15:36:39","date_gmt":"2019-07-26T13:36:39","guid":{"rendered":"https:\/\/cdiffprom.ch\/produit\/tablethalter-fuer-die-theke\/"},"modified":"2019-07-26T15:36:39","modified_gmt":"2019-07-26T13:36:39","slug":"tablethalter-fuer-die-theke","status":"publish","type":"product","link":"https:\/\/cdiffprom.ch\/de\/produit\/tablethalter-fuer-die-theke\/","title":{"rendered":"TABLETHALTER F\u00dcR DIE THEKE"},"content":{"rendered":"<h3><strong><span style=\"color: #800000;\">Tablet-Halter f\u00fcr die Theke<\/span><br \/>\n<\/strong><\/h3>\n<p>Dieser Theken-Tablethalter ist f\u00fcr alle Tablets mit den maximalen Abmessungen von 255 x 188 x 10 mm vorgesehen. Daher ist er kompatibel mit I&#8217;Pad, Samsung, Asus, Archos, etc. <\/p>\n<p>Auf diese Weise k\u00f6nnen Sie Ihre verschiedenen Werbeangebote auf originelle Weise auf Ihren Schreibtischen und Theken pr\u00e4sentieren.<\/p>\n<p>Was die Ausrichtung dieses Tablet-Halters betrifft, so kann er durch Drehen um 360 Grad im Hoch- oder Querformat ausgerichtet werden. Der Home-Button ist verdeckt und somit f\u00fcr die \u00d6ffentlichkeit unsichtbar. <\/p>\n<p>Dank des abschlie\u00dfbaren Geh\u00e4uses, das mit 2 Schl\u00fcsseln geliefert wird, sind Sie vor Diebstahl gesch\u00fctzt.<\/p>\n<p>Fragen Sie nach unseren Rabattbedingungen f\u00fcr Mengenbestellungen. Unsere Preise sind ab 5 bestellten Medien degressiv. <\/p>\n<p>Dieser Tablet-Halter ist innerhalb von 10 Tagen nach Eingang Ihrer Bestellung lieferbar.<\/p>\n<p>Z\u00f6gern Sie nicht, uns zu kontaktieren.<span style=\"color: #800000;\"> <a style=\"color: #800000;\" href=\"https:\/\/cdiffprom.ch\/elements\/contactez-nous\/\">zu kontaktieren.<\/a><\/span> wenn Sie spezielle Fragen haben.<\/p>\n<h4><strong><span style=\"color: #800000;\">Technische Spezifikationen<\/span>:<br \/>\n<\/strong><\/h4>\n<p>Das Gesamtgewicht ohne das Regal betr\u00e4gt 1,25 kg.<\/p>\n<p>Die Gesamtabmessungen sind wie folgt: H\u00f6he 28 cm, L\u00e4nge 28 cm und Tiefe 18 cm.<\/p>\n<p>Mindestgr\u00f6\u00dfe 225 x 165 x 5 mm. Maximale Gr\u00f6\u00dfe 255 x 188 x 10 mm. <\/p>\n<p>Der feste Betrachtungswinkel betr\u00e4gt 45 Grad.<\/p>\n<p>Die Basis ist aus sehr steifem, rauchfarbenem Plexiglas.<\/p>\n<p>Das Kabel ist nicht im Lieferumfang enthalten.<\/p>\n<p>Sehen Sie sich auch unsere St\u00e4nder f\u00fcr<span style=\"color: #800000;\"><a style=\"color: #800000;\" href=\"https:\/\/cdiffprom.ch\/produit\/support-tablettes-sur-pied\/\"> Standregale<\/a><\/span> um unser gesamtes Sortiment zu sehen.<\/p>\n<h4><span style=\"color: #800000;\"><strong>Vorschl\u00e4ge f\u00fcr die Nutzung<\/strong><\/span> :<\/h4>\n<ul>\n<li>Hotelgewerbe, um Ihren Kunden die verschiedenen Unterbringungsm\u00f6glichkeiten, Zimmer usw. zu zeigen<\/li>\n<li>Reiseb\u00fcros, um Ihre potenziellen oder neuen Kunden von Ihren verschiedenen aktuellen oder speziellen Urlaubsangeboten tr\u00e4umen zu lassen.<\/li>\n<li>Fremdenverkehrsb\u00fcros, um alle M\u00f6glichkeiten Ihres Besuchsprogramms zu pr\u00e4sentieren.<\/li>\n<li>Garagen, um alle Vorteile Ihrer verschiedenen neuen oder gebrauchten Fahrzeugmodelle zu sehen.<\/li>\n<\/ul>\n<p>&nbsp;<\/p>\n<p>&nbsp;<\/p>\n","protected":false},"excerpt":{"rendered":"<p>\u00c4sthetische, praktische und diebstahlsichere Halterung<\/p>\n","protected":false},"featured_media":103218,"template":"","meta":{"slim_seo":{"title":"TABLETHALTER F\u00dcR DIE THEKE - Suisse - C.Diff-Prom","description":"\u00c4sthetische, praktische und diebstahlsichere Halterung"}},"product_brand":[],"product_cat":[6359,6376],"product_tag":[6378],"class_list":{"0":"post-105537","1":"product","2":"type-product","3":"status-publish","4":"has-post-thumbnail","6":"product_cat-multimedia-de","7":"product_cat-tablethalter","8":"product_tag-tablet-stander","10":"first","11":"instock","12":"taxable","13":"shipping-taxable","14":"purchasable","15":"product-type-simple"},"_links":{"self":[{"href":"https:\/\/cdiffprom.ch\/de\/wp-json\/wp\/v2\/product\/105537","targetHints":{"allow":["GET"]}}],"collection":[{"href":"https:\/\/cdiffprom.ch\/de\/wp-json\/wp\/v2\/product"}],"about":[{"href":"https:\/\/cdiffprom.ch\/de\/wp-json\/wp\/v2\/types\/product"}],"wp:featuredmedia":[{"embeddable":true,"href":"https:\/\/cdiffprom.ch\/de\/wp-json\/wp\/v2\/media\/103218"}],"wp:attachment":[{"href":"https:\/\/cdiffprom.ch\/de\/wp-json\/wp\/v2\/media?parent=105537"}],"wp:term":[{"taxonomy":"product_brand","embeddable":true,"href":"https:\/\/cdiffprom.ch\/de\/wp-json\/wp\/v2\/product_brand?post=105537"},{"taxonomy":"product_cat","embeddable":true,"href":"https:\/\/cdiffprom.ch\/de\/wp-json\/wp\/v2\/product_cat?post=105537"},{"taxonomy":"product_tag","embeddable":true,"href":"https:\/\/cdiffprom.ch\/de\/wp-json\/wp\/v2\/product_tag?post=105537"}],"curies":[{"name":"wp","href":"https:\/\/api.w.org\/{rel}","templated":true}]}}