{"id":105538,"date":"2019-07-26T15:37:47","date_gmt":"2019-07-26T13:37:47","guid":{"rendered":"https:\/\/cdiffprom.ch\/produit\/bodendrehkreuz-fuer-video-und-dvd\/"},"modified":"2019-07-26T15:37:47","modified_gmt":"2019-07-26T13:37:47","slug":"bodendrehkreuz-fuer-video-und-dvd","status":"publish","type":"product","link":"https:\/\/cdiffprom.ch\/de\/produit\/bodendrehkreuz-fuer-video-und-dvd\/","title":{"rendered":"BODENDREHKREUZ F\u00dcR VIDEO UND DVD"},"content":{"rendered":"<ul>\n<li>Verwendung in Mediatheken oder Gesch\u00e4ften zur Pr\u00e4sentation und Verteilung von C D oder D V D 6 Ebenen mit 8 Feldern<\/li>\n<li>Sehr robust<\/li>\n<li>Der Abstand zwischen den Schalen ist einstellbar.<\/li>\n<li>Kugelgelagert um die Mittelachse schwenkbar.<\/li>\n<li>Frontplatte f\u00fcr Personalisierung \/ Identifizierung<\/li>\n<li>Transparente, geformte Platten, die sich um eine zentrale Achse drehen, die auf einem Metallsockel mit 4 Rollen, davon 2 mit Bremsen, befestigt ist.<\/li>\n<\/ul>\n","protected":false},"excerpt":{"rendered":"<p>Verwendung in Mediatheken oder Gesch\u00e4ften zur Pr\u00e4sentation und Verteilung von C D oder D V D 6 Ebenen mit 8 Feldern Sehr robust Der Abstand zwischen den Schalen ist einstellbar. Kugelgelagert um die Mittelachse schwenkbar. Frontplatte f\u00fcr Personalisierung \/ Identifizierung Transparente, geformte Platten, die sich um eine zentrale Achse drehen, die auf einem Metallsockel mit&#8230;<\/p>\n","protected":false},"featured_media":103236,"template":"","meta":{"slim_seo":{"title":"BODENDREHKREUZ F\u00dcR VIDEO UND DVD - Suisse - C.Diff-Prom","description":"Verwendung in Mediatheken oder Gesch\u00e4ften zur Pr\u00e4sentation und Verteilung von C D oder D V D 6 Ebenen mit 8 Feldern Sehr robust Der Abstand zwischen den Schalen"}},"product_brand":[],"product_cat":[6359,6409],"product_tag":[6410],"class_list":{"0":"post-105538","1":"product","2":"type-product","3":"status-publish","4":"has-post-thumbnail","6":"product_cat-multimedia-de","7":"product_cat-multimedia-mobel","8":"product_tag-drehkreuze-fur-presse-und-zeitungen","10":"first","11":"instock","12":"taxable","13":"shipping-taxable","14":"purchasable","15":"product-type-simple"},"_links":{"self":[{"href":"https:\/\/cdiffprom.ch\/de\/wp-json\/wp\/v2\/product\/105538","targetHints":{"allow":["GET"]}}],"collection":[{"href":"https:\/\/cdiffprom.ch\/de\/wp-json\/wp\/v2\/product"}],"about":[{"href":"https:\/\/cdiffprom.ch\/de\/wp-json\/wp\/v2\/types\/product"}],"wp:featuredmedia":[{"embeddable":true,"href":"https:\/\/cdiffprom.ch\/de\/wp-json\/wp\/v2\/media\/103236"}],"wp:attachment":[{"href":"https:\/\/cdiffprom.ch\/de\/wp-json\/wp\/v2\/media?parent=105538"}],"wp:term":[{"taxonomy":"product_brand","embeddable":true,"href":"https:\/\/cdiffprom.ch\/de\/wp-json\/wp\/v2\/product_brand?post=105538"},{"taxonomy":"product_cat","embeddable":true,"href":"https:\/\/cdiffprom.ch\/de\/wp-json\/wp\/v2\/product_cat?post=105538"},{"taxonomy":"product_tag","embeddable":true,"href":"https:\/\/cdiffprom.ch\/de\/wp-json\/wp\/v2\/product_tag?post=105538"}],"curies":[{"name":"wp","href":"https:\/\/api.w.org\/{rel}","templated":true}]}}