{"id":105541,"date":"2019-07-26T15:37:48","date_gmt":"2019-07-26T13:37:48","guid":{"rendered":"https:\/\/cdiffprom.ch\/produit\/4-seitiges-multimedia-pressedrehkreuz\/"},"modified":"2019-07-26T15:37:48","modified_gmt":"2019-07-26T13:37:48","slug":"4-seitiges-multimedia-pressedrehkreuz","status":"publish","type":"product","link":"https:\/\/cdiffprom.ch\/de\/produit\/4-seitiges-multimedia-pressedrehkreuz\/","title":{"rendered":"4-SEITIGES MULTIMEDIA-\/PRESSEDREHKREUZ"},"content":{"rendered":"<h3><strong><span style=\"color: #800000;\">4-seitige Multimedia-\/Pressedrehs\u00e4ule<\/span><\/strong><\/h3>\n<p>Dieses 4-seitige Multimedia-\/Pressedrehkreuz ist das ideale System f\u00fcr die Pr\u00e4sentation und Aufbewahrung Ihrer verschiedenen Zeitungen und Zeitschriften in Gesch\u00e4ften und Mediatheken.<\/p>\n<p>Sie haben die M\u00f6glichkeit, auch CDs, DVDs und Videospiele zu pr\u00e4sentieren.<\/p>\n<p>So wird Ihre Fl\u00e4che optimal genutzt!<\/p>\n<ul>\n<li>4-seitiger Drehrahmen mit 5 x 4 Etagen und 5 Rollen, davon 2 mit Bremse.<\/li>\n<li>Metallische Ausf\u00fchrung, verchromt<\/li>\n<li>Gesamtkapazit\u00e4t der Produkte: 600 DVDs\/CDs oder 300 Videos\/Spiele<\/li>\n<\/ul>\n<h4><span style=\"color: #800000;\"><strong>Lieferbedingungen :<br \/>\n<\/strong><\/span><\/h4>\n<p>Zu Ihrer Information: Nach Eingang Ihres Auftrags sind unsere Produkte innerhalb von etwa zehn Tagen lieferbar.<\/p>\n<p>Z\u00f6gern Sie nicht <u><a href=\"https:\/\/cdiffprom.ch\/elements\/contactez-nous\/\"><span style=\"color: #800000;\"><strong>kontaktieren Sie uns bitte.<\/strong><\/span><\/a><\/u> Wenn Sie einen dringenderen Bedarf haben, haben wir immer eine schnellere L\u00f6sung f\u00fcr Sie und k\u00f6nnen Sie auch \u00fcber Rabatte bei Mengenbestellungen informieren.<\/p>\n<p>Einige Artikel k\u00f6nnen eine l\u00e4ngere Lieferzeit in Anspruch nehmen, da sie nicht auf Lager unseres Lieferanten sind. In diesem Fall werden Sie nach Eingang Ihrer Bestellung benachrichtigt. <\/p>\n<p>Wir liefern versandkostenfrei ab einem Bestellwert von CHF. 500.-. Unterhalb dieses Betrags wird eine Pauschale von CHF. 15,90 zu entrichten. <\/p>\n<p>Bei allen Online-Bestellungen f\u00fchren wir immer einen Telefonanruf durch, um sicherzustellen, dass Sie das richtige Produkt f\u00fcr Ihre Bed\u00fcrfnisse ausgew\u00e4hlt haben. So k\u00f6nnen Sie sicher sein, dass Sie die richtige Wahl treffen. <\/p>\n<p>Bitte beachten Sie, dass die Promo-Codes nicht kumulierbar sind und der Rabatt auf Ihrer Bestellung sichtbar ist.<\/p>\n","protected":false},"excerpt":{"rendered":"<p>4-seitige Multimedia-\/Pressedrehs\u00e4ule Dieses 4-seitige Multimedia-\/Pressedrehkreuz ist das ideale System f\u00fcr die Pr\u00e4sentation und Aufbewahrung Ihrer verschiedenen Zeitungen und Zeitschriften in Gesch\u00e4ften und Mediatheken. Sie haben die M\u00f6glichkeit, auch CDs, DVDs und Videospiele zu pr\u00e4sentieren. So wird Ihre Fl\u00e4che optimal genutzt! 4-seitiger Drehrahmen mit 5 x 4 Etagen und 5 Rollen, davon 2 mit Bremse. Metallische&#8230;<\/p>\n","protected":false},"featured_media":103240,"template":"","meta":{"slim_seo":{"title":"4-SEITIGES MULTIMEDIA-\/PRESSEDREHKREUZ - Suisse - C.Diff-Prom","description":"4-seitige Multimedia-\/Pressedrehs\u00e4ule Dieses 4-seitige Multimedia-\/Pressedrehkreuz ist das ideale System f\u00fcr die Pr\u00e4sentation und Aufbewahrung Ihrer verschieden"}},"product_brand":[],"product_cat":[6351,6401],"product_tag":[6410],"class_list":{"0":"post-105541","1":"product","2":"type-product","3":"status-publish","4":"has-post-thumbnail","6":"product_cat-drehkreuze-fur-presse-und-zeitungen","7":"product_cat-zeitungsstander","8":"product_tag-drehkreuze-fur-presse-und-zeitungen","10":"first","11":"instock","12":"taxable","13":"shipping-taxable","14":"purchasable","15":"product-type-simple"},"_links":{"self":[{"href":"https:\/\/cdiffprom.ch\/de\/wp-json\/wp\/v2\/product\/105541","targetHints":{"allow":["GET"]}}],"collection":[{"href":"https:\/\/cdiffprom.ch\/de\/wp-json\/wp\/v2\/product"}],"about":[{"href":"https:\/\/cdiffprom.ch\/de\/wp-json\/wp\/v2\/types\/product"}],"wp:featuredmedia":[{"embeddable":true,"href":"https:\/\/cdiffprom.ch\/de\/wp-json\/wp\/v2\/media\/103240"}],"wp:attachment":[{"href":"https:\/\/cdiffprom.ch\/de\/wp-json\/wp\/v2\/media?parent=105541"}],"wp:term":[{"taxonomy":"product_brand","embeddable":true,"href":"https:\/\/cdiffprom.ch\/de\/wp-json\/wp\/v2\/product_brand?post=105541"},{"taxonomy":"product_cat","embeddable":true,"href":"https:\/\/cdiffprom.ch\/de\/wp-json\/wp\/v2\/product_cat?post=105541"},{"taxonomy":"product_tag","embeddable":true,"href":"https:\/\/cdiffprom.ch\/de\/wp-json\/wp\/v2\/product_tag?post=105541"}],"curies":[{"name":"wp","href":"https:\/\/api.w.org\/{rel}","templated":true}]}}