{"id":105542,"date":"2019-07-26T15:36:40","date_gmt":"2019-07-26T13:36:40","guid":{"rendered":"https:\/\/cdiffprom.ch\/produit\/universalhalter-fuer-tablets\/"},"modified":"2019-07-26T15:36:40","modified_gmt":"2019-07-26T13:36:40","slug":"universalhalter-fuer-tablets","status":"publish","type":"product","link":"https:\/\/cdiffprom.ch\/de\/produit\/universalhalter-fuer-tablets\/","title":{"rendered":"UNIVERSALHALTER F\u00dcR TABLETS"},"content":{"rendered":"<h3><strong><span style=\"color: #800000;\">Universalst\u00e4nder f\u00fcr Tablets<\/span><br \/>\n<\/strong><\/h3>\n<p>Mit diesem universellen Tablet-St\u00e4nder k\u00f6nnen Sie Ihre Kunden direkt in Ihren R\u00e4umlichkeiten oder an der Verkaufsstelle mit Ihren Angeboten verbinden.<\/p>\n<p>Es ist f\u00fcr alle Arten von Tablet-PCs verf\u00fcgbar, z.B. I&#8217;Pad, Samsung, Asus und viele andere.<\/p>\n<p>Dar\u00fcber hinaus ist eine Ausrichtung des Tablets m\u00f6glich, entweder im Quer- oder im Hochformat.<\/p>\n<p>Bitte beachten Sie auch unser Modell des <a href=\"https:\/\/cdiffprom.ch\/produit\/support-de-tablette-sur-pied\/\">gebogenen Standfu\u00dfes<\/a> f\u00fcr Tablets und unsere<a href=\"https:\/\/cdiffprom.ch\/produit\/support-de-table-base-metal-avec-antivol-pour-tablettes\/\"> Thekenmodelle<\/a>.<\/p>\n<h4><span style=\"color: #800000;\"><strong>Technische Spezifikationen <\/strong><\/span>:<\/h4>\n<ul>\n<li>Vollst\u00e4ndige Sichtbarkeit des Bildschirms<\/li>\n<li>H\u00f6henverstellbar von 90 cm bis 155 cm, mit einstellbarem Blickwinkel, auf einem flexiblen Schlauch montiert<\/li>\n<li>Gesch\u00fctzte, unsichtbare Home-Taste des Tablets<\/li>\n<li>Anpassung an das Regal durch R\u00e4ndelschrauben, &#8222;nicht diebstahlsicheres&#8220; System<\/li>\n<li>Kabel nicht im Lieferumfang enthalten<\/li>\n<li>Gestell aus mattschwarz eloxiertem Aluminium, gewichteter &#8222;Bogen&#8220;-Sockel 46 x 28 cm<\/li>\n<li>Stellfl\u00e4che: 90\/155 x 46 x 28 cm<\/li>\n<li>Maximale Abmessungen: 275 x 200 x 11 mm<\/li>\n<li>Mindestabmessungen: 230 x 160 x 5 mm<\/li>\n<li>Gewicht 4.5 kg<\/li>\n<\/ul>\n<p><a href=\"https:\/\/cdiffprom.ch\/elements\/contactez-nous\/\">Fragen Sie uns nach<\/a> unseren Rabattangeboten f\u00fcr eine Mengenbestellung, die bereits ab 3 St\u00fcck m\u00f6glich ist.<\/p>\n<h4><strong><span style=\"color: #800000;\">Vorschl\u00e4ge f\u00fcr die Verwendung<\/span>:<\/strong><\/h4>\n<p>In der Automobilbranche, um Ihren Gebrauchtwagenbestand beim ersten Kontakt mit einem potenziellen Kunden zu pr\u00e4sentieren und in der Immobilienbranche, um Ihre verschiedenen Angebote zur Verf\u00fcgung zu stellen, damit Ihre Kunden bei gro\u00dfem Andrang warten k\u00f6nnen.Dieser Tablet-St\u00e4nder ist auch ideal f\u00fcr Messen und Ausstellungen, um die Aufmerksamkeit der Besucher auf sich zu ziehen. Er kann auch f\u00fcr Reiseb\u00fcros interessant sein, um z.B. alle Urlaubsangebote zu pr\u00e4sentieren. Dieser St\u00e4nder kann eine praktische L\u00f6sung f\u00fcr alle Arten von Musikern oder Sportlern sein.  <\/p>\n<p>Alle unsere Materialien sind in der Regel innerhalb von 10 Tagen nach Eingang Ihrer Bestellung verf\u00fcgbar.<\/p>\n<p>Selbstverst\u00e4ndlich stehen wir Ihnen f\u00fcr weitere Informationen \u00fcber unsere verschiedenen Materialien zur Verf\u00fcgung.<\/p>\n<p>&nbsp;<\/p>\n","protected":false},"excerpt":{"rendered":"<p>Geeignet f\u00fcr alle Tablets mit einer maximalen Gr\u00f6\u00dfe von 275 x 200 x 11 mm und einer Mindestgr\u00f6\u00dfe von 230 x 160 x 5 mm, mit voller Sicht auf den Bildschirm.<\/p>\n","protected":false},"featured_media":103222,"template":"","meta":{"slim_seo":{"title":"UNIVERSALHALTER F\u00dcR TABLETS - Suisse - C.Diff-Prom","description":"Geeignet f\u00fcr alle Tablets mit einer maximalen Gr\u00f6\u00dfe von 275 x 200 x 11 mm und einer Mindestgr\u00f6\u00dfe von 230 x 160 x 5 mm, mit voller Sicht auf den Bildschirm."}},"product_brand":[],"product_cat":[6359,6376],"product_tag":[6378],"class_list":{"0":"post-105542","1":"product","2":"type-product","3":"status-publish","4":"has-post-thumbnail","6":"product_cat-multimedia-de","7":"product_cat-tablethalter","8":"product_tag-tablet-stander","10":"first","11":"instock","12":"taxable","13":"shipping-taxable","14":"purchasable","15":"product-type-simple"},"_links":{"self":[{"href":"https:\/\/cdiffprom.ch\/de\/wp-json\/wp\/v2\/product\/105542","targetHints":{"allow":["GET"]}}],"collection":[{"href":"https:\/\/cdiffprom.ch\/de\/wp-json\/wp\/v2\/product"}],"about":[{"href":"https:\/\/cdiffprom.ch\/de\/wp-json\/wp\/v2\/types\/product"}],"wp:featuredmedia":[{"embeddable":true,"href":"https:\/\/cdiffprom.ch\/de\/wp-json\/wp\/v2\/media\/103222"}],"wp:attachment":[{"href":"https:\/\/cdiffprom.ch\/de\/wp-json\/wp\/v2\/media?parent=105542"}],"wp:term":[{"taxonomy":"product_brand","embeddable":true,"href":"https:\/\/cdiffprom.ch\/de\/wp-json\/wp\/v2\/product_brand?post=105542"},{"taxonomy":"product_cat","embeddable":true,"href":"https:\/\/cdiffprom.ch\/de\/wp-json\/wp\/v2\/product_cat?post=105542"},{"taxonomy":"product_tag","embeddable":true,"href":"https:\/\/cdiffprom.ch\/de\/wp-json\/wp\/v2\/product_tag?post=105542"}],"curies":[{"name":"wp","href":"https:\/\/api.w.org\/{rel}","templated":true}]}}