{"id":105543,"date":"2019-07-26T15:37:48","date_gmt":"2019-07-26T13:37:48","guid":{"rendered":"https:\/\/cdiffprom.ch\/produit\/multimedia-presse-turniquette-2-seiten\/"},"modified":"2019-07-26T15:37:48","modified_gmt":"2019-07-26T13:37:48","slug":"multimedia-presse-turniquette-2-seiten","status":"publish","type":"product","link":"https:\/\/cdiffprom.ch\/de\/produit\/multimedia-presse-turniquette-2-seiten\/","title":{"rendered":"MULTIMEDIA-\/PRESSE-TURNIQUETTE 2 Seiten"},"content":{"rendered":"<h3><span style=\"color: #800000;\"><strong>Multimedia-\/Pressedrehkreuz 2-seitig<br \/>\n<\/strong><\/span><\/h3>\n<p>Dieses zweiseitige Multimedia-\/Pressedrehkreuz ist das ideale System f\u00fcr die Pr\u00e4sentation und Aufbewahrung Ihrer verschiedenen Zeitungen und Zeitschriften, sowohl in Gesch\u00e4ften als auch in Mediatheken. Sie haben die M\u00f6glichkeit, auch CDs, DVDs und Videospiele zu pr\u00e4sentieren. <\/p>\n<p>So wird Ihre Fl\u00e4che optimal genutzt!<\/p>\n<ul>\n<li>Doppelseitiger Drehrahmen aus 5 x 2 Etagen mit 5 Rollen, davon 2 mit Bremsen.<\/li>\n<li>Metallische Ausf\u00fchrung, verchromt<\/li>\n<li>Gesamtkapazit\u00e4t: 300 DVDs oder CDs \/ 150 Videos oder Spiele<\/li>\n<\/ul>\n<h4><span style=\"color: #800000;\"><strong>Lieferbedingungen :<br \/>\n<\/strong><\/span><\/h4>\n<p>Alle unsere Produkte sind innerhalb von 10 Tagen nach Eingang Ihrer Bestellung lieferbar. Bitte z\u00f6gern Sie nicht, uns zu kontaktieren. <u><a href=\"https:\/\/cdiffprom.ch\/elements\/contactez-nous\/\"><span style=\"color: #800000;\">uns zu kontaktieren.<\/span><\/a><\/u> Wenn Sie einen dringenderen Bedarf haben, k\u00f6nnen wir Ihnen immer eine schnellere L\u00f6sung anbieten. <\/p>\n<p>Einige Artikel k\u00f6nnen eine l\u00e4ngere Lieferzeit in Anspruch nehmen, da sie nicht auf Lager unseres Lieferanten sind. In diesem Fall werden Sie nach Eingang Ihrer Bestellung benachrichtigt. <\/p>\n<p>Wir liefern versandkostenfrei ab einem Bestellwert von CHF. 500.-. Unterhalb dieses Betrags wird eine Pauschale von CHF. 15,90 zu entrichten. <\/p>\n<p>Bei allen Online-Bestellungen f\u00fchren wir immer einen Telefonanruf durch, um sicherzustellen, dass Sie das richtige Produkt f\u00fcr Ihre Bed\u00fcrfnisse ausgew\u00e4hlt haben. So k\u00f6nnen Sie sicher sein, dass Sie die richtige Wahl treffen. <\/p>\n<p>Bitte beachten Sie, dass die Promo-Codes nicht kumulierbar sind und der Rabatt auf Ihrer Bestellung sichtbar ist.<\/p>\n","protected":false},"excerpt":{"rendered":"<p>Multimedia-\/Pressedrehkreuz 2-seitig Dieses zweiseitige Multimedia-\/Pressedrehkreuz ist das ideale System f\u00fcr die Pr\u00e4sentation und Aufbewahrung Ihrer verschiedenen Zeitungen und Zeitschriften, sowohl in Gesch\u00e4ften als auch in Mediatheken. Sie haben die M\u00f6glichkeit, auch CDs, DVDs und Videospiele zu pr\u00e4sentieren. So wird Ihre Fl\u00e4che optimal genutzt! Doppelseitiger Drehrahmen aus 5 x 2 Etagen mit 5 Rollen, davon 2&#8230;<\/p>\n","protected":false},"featured_media":103238,"template":"","meta":{"slim_seo":{"title":"MULTIMEDIA-\/PRESSE-TURNIQUETTE 2 Seiten - Suisse - C.Diff-Prom","description":"Multimedia-\/Pressedrehkreuz 2-seitig Dieses zweiseitige Multimedia-\/Pressedrehkreuz ist das ideale System f\u00fcr die Pr\u00e4sentation und Aufbewahrung Ihrer verschiede"}},"product_brand":[],"product_cat":[6351,6401],"product_tag":[6410],"class_list":{"0":"post-105543","1":"product","2":"type-product","3":"status-publish","4":"has-post-thumbnail","6":"product_cat-drehkreuze-fur-presse-und-zeitungen","7":"product_cat-zeitungsstander","8":"product_tag-drehkreuze-fur-presse-und-zeitungen","10":"first","11":"instock","12":"taxable","13":"shipping-taxable","14":"purchasable","15":"product-type-simple"},"_links":{"self":[{"href":"https:\/\/cdiffprom.ch\/de\/wp-json\/wp\/v2\/product\/105543","targetHints":{"allow":["GET"]}}],"collection":[{"href":"https:\/\/cdiffprom.ch\/de\/wp-json\/wp\/v2\/product"}],"about":[{"href":"https:\/\/cdiffprom.ch\/de\/wp-json\/wp\/v2\/types\/product"}],"wp:featuredmedia":[{"embeddable":true,"href":"https:\/\/cdiffprom.ch\/de\/wp-json\/wp\/v2\/media\/103238"}],"wp:attachment":[{"href":"https:\/\/cdiffprom.ch\/de\/wp-json\/wp\/v2\/media?parent=105543"}],"wp:term":[{"taxonomy":"product_brand","embeddable":true,"href":"https:\/\/cdiffprom.ch\/de\/wp-json\/wp\/v2\/product_brand?post=105543"},{"taxonomy":"product_cat","embeddable":true,"href":"https:\/\/cdiffprom.ch\/de\/wp-json\/wp\/v2\/product_cat?post=105543"},{"taxonomy":"product_tag","embeddable":true,"href":"https:\/\/cdiffprom.ch\/de\/wp-json\/wp\/v2\/product_tag?post=105543"}],"curies":[{"name":"wp","href":"https:\/\/api.w.org\/{rel}","templated":true}]}}