{"id":105546,"date":"2019-07-26T15:36:41","date_gmt":"2019-07-26T13:36:41","guid":{"rendered":"https:\/\/cdiffprom.ch\/produit\/tablet-halter-2\/"},"modified":"2019-07-26T15:36:41","modified_gmt":"2019-07-26T13:36:41","slug":"tablet-halter-2","status":"publish","type":"product","link":"https:\/\/cdiffprom.ch\/de\/produit\/tablet-halter-2\/","title":{"rendered":"TABLET-HALTER"},"content":{"rendered":"<h3><strong><span style=\"color: #800000;\">Der Tablet-Halter<\/span><br \/>\n<\/strong><\/h3>\n<p>Diese Halterung f\u00fcr Thekenablagen ist f\u00fcr alle Ablagen mit den maximalen Abmessungen 255 x 188 x 10 mm vorgesehen. Die Mindestabmessungen betragen 225 x 165 x 5 mm. <\/p>\n<p>Es ist kompatibel mit I&#8217;Pad, Samsung, Asus, Archos, etc.<\/p>\n<p>Auf diese Weise k\u00f6nnen Sie Ihre verschiedenen Werbeangebote auf originelle Weise auf Ihren Schreibtischen und Theken pr\u00e4sentieren.<\/p>\n<p>Die Ausrichtung ist durch Drehung im Hoch- oder Querformat m\u00f6glich, mit einem festen Betrachtungswinkel von 45 Grad. Die Sichtweite des Bildschirms betr\u00e4gt 220 x 160 mm. <\/p>\n<p>Dar\u00fcber hinaus ist die Begr\u00fc\u00dfungsschaltfl\u00e4che gesch\u00fctzt und somit f\u00fcr Ihre Kunden unsichtbar.<\/p>\n<p>Dank des abschlie\u00dfbaren Geh\u00e4uses, das mit 2 Schl\u00fcsseln geliefert wird, sind Sie vor Diebstahl gesch\u00fctzt.<\/p>\n<p>Fragen Sie nach unseren Bedingungen f\u00fcr Mengenrabatte.<\/p>\n<p>Dieser Tablet-Halter ist innerhalb von 10 Tagen nach Eingang Ihrer Bestellung verf\u00fcgbar.<\/p>\n<p>Z\u00f6gern Sie nicht, uns zu kontaktieren. <span style=\"color: #800000;\"><a style=\"color: #800000;\" href=\"https:\/\/cdiffprom.ch\/elements\/contactez-nous\/\">zu kontaktieren.<\/a><\/span> wenn Sie spezielle Fragen haben.<\/p>\n<h4><strong><span style=\"color: #800000;\">Technische Spezifikationen :<\/span><br \/>\n<\/strong><\/h4>\n<p>Das Gesamtgewicht ohne das Tablett betr\u00e4gt 2 kg.<\/p>\n<p>Der 28 x 37 cm gro\u00dfe Alusockel kann mit einer Schraube an Ihrer Theke oder Arbeitsplatte befestigt werden.<\/p>\n<p>Gesamte Gr\u00f6\u00dfe: H 48 x B 37 x T 28 cm.<\/p>\n<p>Degressiver Preis auf Anfrage ab 5 bestellten Medien.<\/p>\n<p>Das Kabel ist nicht im Lieferumfang enthalten. Es besteht die M\u00f6glichkeit, die Kabel unsichtbar im Fu\u00dfgestell zu verlegen. <\/p>\n<p>Sehen Sie sich auch unsere St\u00e4nder f\u00fcr<span style=\"color: #800000;\"><a style=\"color: #800000;\" href=\"https:\/\/cdiffprom.ch\/produit\/support-tablettes-sur-pied\/\"> Standregale<\/a><\/span> um unser gesamtes Sortiment zu sehen.<\/p>\n<h4><span style=\"color: #800000;\"><strong>Vorschl\u00e4ge f\u00fcr die Verwendung <\/strong>:<\/span><\/h4>\n<ul>\n<li>Hotelgewerbe, um Ihren Kunden die verschiedenen Unterbringungsm\u00f6glichkeiten, Zimmer usw. zu zeigen<\/li>\n<li>Reiseb\u00fcros, um Ihre potenziellen oder neuen Kunden von Ihren verschiedenen aktuellen oder speziellen Urlaubsangeboten tr\u00e4umen zu lassen.<\/li>\n<li>Fremdenverkehrsb\u00fcros, um alle M\u00f6glichkeiten Ihres Besuchsprogramms zu pr\u00e4sentieren.<\/li>\n<li>Garagen, um alle Vorteile Ihrer verschiedenen neuen oder gebrauchten Fahrzeugmodelle zu sehen.<\/li>\n<\/ul>\n<p>&nbsp;<\/p>\n<p>&nbsp;<\/p>\n<p>&nbsp;<\/p>\n<p>&nbsp;<\/p>\n<p>&nbsp;<\/p>\n<p>&nbsp;<\/p>\n","protected":false},"excerpt":{"rendered":"<p>Praktischer Tablet-Halter mit Diebstahlsicherung<\/p>\n","protected":false},"featured_media":103758,"template":"","meta":{"slim_seo":{"title":"TABLET-HALTER - Suisse - C.Diff-Prom","description":"Praktischer Tablet-Halter mit Diebstahlsicherung"}},"product_brand":[],"product_cat":[6359,6376],"product_tag":[6378],"class_list":{"0":"post-105546","1":"product","2":"type-product","3":"status-publish","4":"has-post-thumbnail","6":"product_cat-multimedia-de","7":"product_cat-tablethalter","8":"product_tag-tablet-stander","10":"first","11":"instock","12":"taxable","13":"shipping-taxable","14":"purchasable","15":"product-type-simple"},"_links":{"self":[{"href":"https:\/\/cdiffprom.ch\/de\/wp-json\/wp\/v2\/product\/105546","targetHints":{"allow":["GET"]}}],"collection":[{"href":"https:\/\/cdiffprom.ch\/de\/wp-json\/wp\/v2\/product"}],"about":[{"href":"https:\/\/cdiffprom.ch\/de\/wp-json\/wp\/v2\/types\/product"}],"wp:featuredmedia":[{"embeddable":true,"href":"https:\/\/cdiffprom.ch\/de\/wp-json\/wp\/v2\/media\/103758"}],"wp:attachment":[{"href":"https:\/\/cdiffprom.ch\/de\/wp-json\/wp\/v2\/media?parent=105546"}],"wp:term":[{"taxonomy":"product_brand","embeddable":true,"href":"https:\/\/cdiffprom.ch\/de\/wp-json\/wp\/v2\/product_brand?post=105546"},{"taxonomy":"product_cat","embeddable":true,"href":"https:\/\/cdiffprom.ch\/de\/wp-json\/wp\/v2\/product_cat?post=105546"},{"taxonomy":"product_tag","embeddable":true,"href":"https:\/\/cdiffprom.ch\/de\/wp-json\/wp\/v2\/product_tag?post=105546"}],"curies":[{"name":"wp","href":"https:\/\/api.w.org\/{rel}","templated":true}]}}