{"id":105547,"date":"2019-07-26T15:38:48","date_gmt":"2019-07-26T13:38:48","guid":{"rendered":"https:\/\/cdiffprom.ch\/produit\/aufsatz-musirack-66-cm-fuer-mediathek-magazin\/"},"modified":"2019-07-26T15:38:48","modified_gmt":"2019-07-26T13:38:48","slug":"aufsatz-musirack-66-cm-fuer-mediathek-magazin","status":"publish","type":"product","link":"https:\/\/cdiffprom.ch\/de\/produit\/aufsatz-musirack-66-cm-fuer-mediathek-magazin\/","title":{"rendered":"AUFSATZ MUSIRACK 66 CM F\u00dcR MEDIATHEK\/MAGAZIN"},"content":{"rendered":"<ul>\n<li>Verwendung in Mediatheken, Gesch\u00e4ften oder B\u00fcros zur Pr\u00e4sentation und Aufbewahrung Ihrer C D<\/li>\n<li>Erm\u00f6glicht die Umgestaltung eines M\u00f6belst\u00fccks<\/li>\n<li>Musirack I<\/li>\n<li>I\u00ae Unterschrank 140 cm in Oberschrank 206 cm<\/li>\n<li>Rechteckige Stahlrohre mit einem Querschnitt von 6 x 3 cm, epoxidharzbeschichtet, grau geh\u00e4mmert.<\/li>\n<li>H\u00f6he 66 cm<\/li>\n<\/ul>\n","protected":false},"excerpt":{"rendered":"<p>Verwendung in Mediatheken, Gesch\u00e4ften oder B\u00fcros zur Pr\u00e4sentation und Aufbewahrung Ihrer C D Erm\u00f6glicht die Umgestaltung eines M\u00f6belst\u00fccks Musirack I I\u00ae Unterschrank 140 cm in Oberschrank 206 cm Rechteckige Stahlrohre mit einem Querschnitt von 6 x 3 cm, epoxidharzbeschichtet, grau geh\u00e4mmert. H\u00f6he 66 cm<\/p>\n","protected":false},"featured_media":103254,"template":"","meta":{"slim_seo":{"title":"AUFSATZ MUSIRACK 66 CM F\u00dcR MEDIATHEK\/MAGAZIN - Suisse - C.Diff-Prom","description":"Verwendung in Mediatheken, Gesch\u00e4ften oder B\u00fcros zur Pr\u00e4sentation und Aufbewahrung Ihrer C D Erm\u00f6glicht die Umgestaltung eines M\u00f6belst\u00fccks Musirack I I\u00ae Untersc"}},"product_brand":[],"product_cat":[6359,6360],"product_tag":[6361],"class_list":{"0":"post-105547","1":"product","2":"type-product","3":"status-publish","4":"has-post-thumbnail","6":"product_cat-multimedia-de","7":"product_cat-multimedia-zubehor","8":"product_tag-multimedia-zubehor","10":"first","11":"instock","12":"taxable","13":"shipping-taxable","14":"purchasable","15":"product-type-simple"},"_links":{"self":[{"href":"https:\/\/cdiffprom.ch\/de\/wp-json\/wp\/v2\/product\/105547","targetHints":{"allow":["GET"]}}],"collection":[{"href":"https:\/\/cdiffprom.ch\/de\/wp-json\/wp\/v2\/product"}],"about":[{"href":"https:\/\/cdiffprom.ch\/de\/wp-json\/wp\/v2\/types\/product"}],"wp:featuredmedia":[{"embeddable":true,"href":"https:\/\/cdiffprom.ch\/de\/wp-json\/wp\/v2\/media\/103254"}],"wp:attachment":[{"href":"https:\/\/cdiffprom.ch\/de\/wp-json\/wp\/v2\/media?parent=105547"}],"wp:term":[{"taxonomy":"product_brand","embeddable":true,"href":"https:\/\/cdiffprom.ch\/de\/wp-json\/wp\/v2\/product_brand?post=105547"},{"taxonomy":"product_cat","embeddable":true,"href":"https:\/\/cdiffprom.ch\/de\/wp-json\/wp\/v2\/product_cat?post=105547"},{"taxonomy":"product_tag","embeddable":true,"href":"https:\/\/cdiffprom.ch\/de\/wp-json\/wp\/v2\/product_tag?post=105547"}],"curies":[{"name":"wp","href":"https:\/\/api.w.org\/{rel}","templated":true}]}}