{"id":105548,"date":"2019-10-11T20:04:50","date_gmt":"2019-10-11T18:04:50","guid":{"rendered":"https:\/\/cdiffprom.ch\/produit\/pfosten-fuer-presseregale\/"},"modified":"2019-10-11T20:04:50","modified_gmt":"2019-10-11T18:04:50","slug":"pfosten-fuer-presseregale","status":"publish","type":"product","link":"https:\/\/cdiffprom.ch\/de\/produit\/pfosten-fuer-presseregale\/","title":{"rendered":"PFOSTEN F\u00dcR PRESSEREGALE"},"content":{"rendered":"<h3><strong><span style=\"color: #800000;\">Pfosten f\u00fcr Presseregale<\/span><\/strong><\/h3>\n<p>Diese Pfosten f\u00fcr Presseregale sind f\u00fcr die Verwendung mit unseren Teleskopregalen geeignet. <span style=\"color: #800000;\"><a style=\"color: #800000;\" href=\"https:\/\/cdiffprom.ch\/produit\/etagere-inclinee-grand-modele\/\">Teleskopregalen, die ausziehbar sind.<\/a> <\/span>von 60 bis 100 cm.<\/p>\n<p>Besuchen Sie auch unsere <span style=\"color: #800000;\"><a style=\"color: #800000;\" href=\"https:\/\/cdiffprom.ch\/produit\/accessoires-pour-etageres-inclinees\/\">Zubeh\u00f6r-Seiten<\/a><\/span> Hier finden Sie Rollen, Streben und Aufs\u00e4tze f\u00fcr Regale mit einer H\u00f6he von 210 cm.<\/p>\n<p>Dieses \u00e4u\u00dferst vielseitige und anpassungsf\u00e4hige System erm\u00f6glicht es Ihnen, Ihre Regale einfach und vor allem kosteng\u00fcnstig zu erweitern. Alle unsere Regale und St\u00e4nder k\u00f6nnen ohne Werkzeug montiert werden. <\/p>\n<p>Wenn Sie es w\u00fcnschen, k\u00f6nnen wir die Montage ohne zus\u00e4tzliche Kosten f\u00fcr Sie durchf\u00fchren.<\/p>\n<p>Zur Erinnerung: Alle unsere Teleskopregale k\u00f6nnen auf St\u00e4nder mit einer 3 mm dicken Nut montiert werden.<\/p>\n<p>Haben Sie Fragen oder sind Sie unsicher? Wir kommen gerne zu Ihnen, um uns ein Bild von Ihrer Situation zu machen und Sie zu beraten.   <span style=\"color: #800000;\"><a style=\"color: #800000;\" href=\"https:\/\/cdiffprom.ch\/elements\/contactez-nous\/\">Kontaktieren Sie uns, indem Sie hier eine Nachricht hinterlassen.<\/a><\/span><\/p>\n<h4><strong><span style=\"color: #800000;\">Lieferbedingungen<\/span><\/strong><\/h4>\n<p>Alle unsere Produkte sind innerhalb von 10 Tagen nach Eingang Ihrer Bestellung lieferbar. Bitte kontaktieren Sie uns, wenn Sie dringenderen Bedarf haben, wir k\u00f6nnen Ihnen immer eine schnellere L\u00f6sung anbieten. <\/p>\n<p>Einige Artikel k\u00f6nnen eine l\u00e4ngere Lieferzeit haben, weil sie nicht auf Lager unseres Lieferanten sind, aber Sie werden in jedem Fall benachrichtigt.<\/p>\n<p>Bei allen Online-Bestellungen f\u00fchren wir immer einen Telefonanruf durch, um sicherzustellen, dass Sie das richtige Produkt f\u00fcr Ihre Bed\u00fcrfnisse gew\u00e4hlt haben. So k\u00f6nnen Sie sicher sein, dass Sie die richtige Wahl treffen. <\/p>\n","protected":false},"excerpt":{"rendered":"<p>Mit diesen verf\u00fcgbaren Pfosten und 4 H\u00f6hen k\u00f6nnen Sie Ihre Pressenregale kosteng\u00fcnstig gestalten.<\/p>\n","protected":false},"featured_media":102934,"template":"","meta":{"slim_seo":{"title":"PFOSTEN F\u00dcR PRESSEREGALE - Suisse - C.Diff-Prom","description":"Mit diesen verf\u00fcgbaren Pfosten und 4 H\u00f6hen k\u00f6nnen Sie Ihre Pressenregale kosteng\u00fcnstig gestalten."}},"product_brand":[],"product_cat":[6402,6401],"product_tag":[],"class_list":{"0":"post-105548","1":"product","2":"type-product","3":"status-publish","4":"has-post-thumbnail","6":"product_cat-regale-fur-presse-und-zeitungen","7":"product_cat-zeitungsstander","9":"first","10":"instock","11":"taxable","12":"shipping-taxable","13":"purchasable","14":"product-type-variable"},"_links":{"self":[{"href":"https:\/\/cdiffprom.ch\/de\/wp-json\/wp\/v2\/product\/105548","targetHints":{"allow":["GET"]}}],"collection":[{"href":"https:\/\/cdiffprom.ch\/de\/wp-json\/wp\/v2\/product"}],"about":[{"href":"https:\/\/cdiffprom.ch\/de\/wp-json\/wp\/v2\/types\/product"}],"wp:featuredmedia":[{"embeddable":true,"href":"https:\/\/cdiffprom.ch\/de\/wp-json\/wp\/v2\/media\/102934"}],"wp:attachment":[{"href":"https:\/\/cdiffprom.ch\/de\/wp-json\/wp\/v2\/media?parent=105548"}],"wp:term":[{"taxonomy":"product_brand","embeddable":true,"href":"https:\/\/cdiffprom.ch\/de\/wp-json\/wp\/v2\/product_brand?post=105548"},{"taxonomy":"product_cat","embeddable":true,"href":"https:\/\/cdiffprom.ch\/de\/wp-json\/wp\/v2\/product_cat?post=105548"},{"taxonomy":"product_tag","embeddable":true,"href":"https:\/\/cdiffprom.ch\/de\/wp-json\/wp\/v2\/product_tag?post=105548"}],"curies":[{"name":"wp","href":"https:\/\/api.w.org\/{rel}","templated":true}]}}