{"id":105555,"date":"2019-07-26T15:38:48","date_gmt":"2019-07-26T13:38:48","guid":{"rendered":"https:\/\/cdiffprom.ch\/produit\/querbalken-musirack-125-cm\/"},"modified":"2019-07-26T15:38:48","modified_gmt":"2019-07-26T13:38:48","slug":"querbalken-musirack-125-cm","status":"publish","type":"product","link":"https:\/\/cdiffprom.ch\/de\/produit\/querbalken-musirack-125-cm\/","title":{"rendered":"QUERBALKEN MUSIRACK 125 CM"},"content":{"rendered":"<ul>\n<li>Verwendung in Mediatheken, Gesch\u00e4ften oder B\u00fcros zur Pr\u00e4sentation und Aufbewahrung Ihrer C D<\/li>\n<li>Um die F\u00fc\u00dfe zusammenzusetzen<\/li>\n<li>Musirack\u00ae Art.-Nr. 100140 und 102140 <\/li>\n<li>Stahl<\/li>\n<li>L\u00e4nge 125 cm<\/li>\n<\/ul>\n","protected":false},"excerpt":{"rendered":"<p>Verwendung in Mediatheken, Gesch\u00e4ften oder B\u00fcros zur Pr\u00e4sentation und Aufbewahrung Ihrer C D Um die F\u00fc\u00dfe zusammenzusetzen Musirack\u00ae Art.-Nr. 100140 und 102140 Stahl L\u00e4nge 125 cm<\/p>\n","protected":false},"featured_media":103252,"template":"","meta":{"slim_seo":{"title":"QUERBALKEN MUSIRACK 125 CM - Suisse - C.Diff-Prom","description":"Verwendung in Mediatheken, Gesch\u00e4ften oder B\u00fcros zur Pr\u00e4sentation und Aufbewahrung Ihrer C D Um die F\u00fc\u00dfe zusammenzusetzen Musirack\u00ae Art.-Nr. 100140 und 102140 S"}},"product_brand":[],"product_cat":[6359,6360],"product_tag":[6361],"class_list":{"0":"post-105555","1":"product","2":"type-product","3":"status-publish","4":"has-post-thumbnail","6":"product_cat-multimedia-de","7":"product_cat-multimedia-zubehor","8":"product_tag-multimedia-zubehor","10":"first","11":"instock","12":"taxable","13":"shipping-taxable","14":"purchasable","15":"product-type-simple"},"_links":{"self":[{"href":"https:\/\/cdiffprom.ch\/de\/wp-json\/wp\/v2\/product\/105555","targetHints":{"allow":["GET"]}}],"collection":[{"href":"https:\/\/cdiffprom.ch\/de\/wp-json\/wp\/v2\/product"}],"about":[{"href":"https:\/\/cdiffprom.ch\/de\/wp-json\/wp\/v2\/types\/product"}],"wp:featuredmedia":[{"embeddable":true,"href":"https:\/\/cdiffprom.ch\/de\/wp-json\/wp\/v2\/media\/103252"}],"wp:attachment":[{"href":"https:\/\/cdiffprom.ch\/de\/wp-json\/wp\/v2\/media?parent=105555"}],"wp:term":[{"taxonomy":"product_brand","embeddable":true,"href":"https:\/\/cdiffprom.ch\/de\/wp-json\/wp\/v2\/product_brand?post=105555"},{"taxonomy":"product_cat","embeddable":true,"href":"https:\/\/cdiffprom.ch\/de\/wp-json\/wp\/v2\/product_cat?post=105555"},{"taxonomy":"product_tag","embeddable":true,"href":"https:\/\/cdiffprom.ch\/de\/wp-json\/wp\/v2\/product_tag?post=105555"}],"curies":[{"name":"wp","href":"https:\/\/api.w.org\/{rel}","templated":true}]}}