{"id":105556,"date":"2019-11-13T16:50:56","date_gmt":"2019-11-13T15:50:56","guid":{"rendered":"https:\/\/cdiffprom.ch\/produit\/sonderangebot-nummer-2\/"},"modified":"2019-11-13T16:50:56","modified_gmt":"2019-11-13T15:50:56","slug":"sonderangebot-nummer-2","status":"publish","type":"product","link":"https:\/\/cdiffprom.ch\/de\/produit\/sonderangebot-nummer-2\/","title":{"rendered":"Sonderangebot Nummer 2"},"content":{"rendered":"<h3><strong><span style=\"color: #800000;\">Sonderangebot Nummer 2<\/span><\/strong><\/h3>\n<p>Ben\u00f6tigen Sie eine mobile Trennwand, die leicht umgestellt werden kann, zu einem konkurrenzlosen Preis? Nutzen Sie unser Sonderangebot Nummer 2, um sich auszur\u00fcsten. <\/p>\n<p>Es besteht nat\u00fcrlich die M\u00f6glichkeit, weitere Elemente hinzuzuf\u00fcgen, die Sie nach Ihren Vorstellungen, W\u00fcnschen und Bed\u00fcrfnissen zusammenstellen k\u00f6nnen.<\/p>\n<p>Diese Paneele sind neu und wurden noch nie montiert. Die Pfosten, die mit diesen Paneelen angeboten werden, stehen auf einem runden, festen Sockel, aber es ist auch m\u00f6glich, andere Sockeltypen zu erhalten, z.B. auf Zylindern oder auf Rollen.<\/p>\n<p>Besuchen Sie unsere Seite <strong><span style=\"color: #800000;\"><a style=\"color: #800000;\" href=\"https:\/\/cdiffprom.ch\/produit\/pastilles-velcro-adhesives\/\">selbstklebende Klettpads<\/a><\/span><\/strong> um eine L\u00f6sung f\u00fcr die Anbringung Ihrer Poster zu finden und z\u00f6gern Sie nicht, uns zu kontaktieren. <strong><span style=\"color: #800000;\"><a style=\"color: #800000;\" href=\"https:\/\/cdiffprom.ch\/elements\/contactez-nous\/\">Kontaktieren Sie uns unter<\/a><\/span><\/strong> F\u00fcr weitere Informationen stehen wir Ihnen gerne zur Verf\u00fcgung.<\/p>\n<p>Diese Paneele und Pfosten sind sofort verf\u00fcgbar und k\u00f6nnen sehr schnell geliefert werden.<\/p>\n<h4><span style=\"color: #800000;\"><strong>Lieferbedingungen<\/strong><\/span><\/h4>\n<p>Alle unsere Produkte sind innerhalb von 10 Tagen nach Eingang Ihrer Bestellung lieferbar. Bitte z\u00f6gern Sie nicht, uns zu kontaktieren. <a href=\"https:\/\/cdiffprom.ch\/elements\/contactez-nous\/\"><strong><span style=\"color: #800000;\">uns zu kontaktieren.<\/span><\/strong><\/a> Wenn Sie einen dringenderen Bedarf haben, k\u00f6nnen wir Ihnen immer eine schnellere L\u00f6sung anbieten. <\/p>\n<p>Einige Artikel k\u00f6nnen eine l\u00e4ngere Lieferzeit in Anspruch nehmen, da sie nicht auf Lager unseres Lieferanten sind. In diesem Fall werden Sie nach Eingang Ihrer Bestellung benachrichtigt. <\/p>\n<p>Wir liefern versandkostenfrei ab einem Bestellwert von CHF. 500.-. Unterhalb dieses Betrags wird eine Pauschale von CHF. 15,90 zu entrichten. <\/p>\n<p>Bei allen Online-Bestellungen f\u00fchren wir immer einen Telefonanruf durch, um sicherzustellen, dass Sie das richtige Produkt f\u00fcr Ihre Bed\u00fcrfnisse ausgew\u00e4hlt haben. So k\u00f6nnen Sie sicher sein, dass Sie die richtige Wahl treffen. <\/p>\n<p>Bitte beachten Sie, dass unsere Gutscheincodes nicht f\u00fcr dieses Sonderangebot verwendet werden k\u00f6nnen.<\/p>\n","protected":false},"excerpt":{"rendered":"<p>Profitieren Sie von 2 blauen Filzpaneelen, <span style=\"color: #800000;\"><strong><a style=\"color: #800000;\" href=\"https:\/\/cdiffprom.ch\/produit\/panneaux-grilles-modulables\/\">doppelseitig, Abmessungen 120 x 180 cm,<\/a><\/strong><\/span> Mitgeliefert werden<strong><span style=\"color: #800000;\"><a style=\"color: #800000;\" href=\"https:\/\/cdiffprom.ch\/produit\/poteau-pour-grilles-cloisons\/\"> 3 Pfosten auf rundem Sockel<\/a><\/span><\/strong> f\u00fcr die Montage und den Zusammenbau.<\/p>\n<p>Zur Verwendung als Trennwand, um einen Gemeinschaftsbereich abzutrennen oder als Ausstellungsmedium f\u00fcr eine bestimmte Anzeige.<\/p>\n<p>Zum Preis von CHF. 200 pro Tafel, d.h. CHF. 400.- f\u00fcr das gesamte Paket, statt CHF. 987.50 ohne MwSt.   <\/p>\n<p>Dieses Angebot ist nach dem Verzicht eines Kunden m\u00f6glich.<\/p>\n","protected":false},"featured_media":103846,"template":"","meta":{"slim_seo":{"title":"Sonderangebot Nummer 2 - Suisse - C.Diff-Prom","description":"Profitieren Sie von 2 blauen Filzpaneelen, doppelseitig, Abmessungen 120 x 180 cm, Mitgeliefert werden 3 Pfosten auf rundem Sockel f\u00fcr die Montage und den Zusam"}},"product_brand":[],"product_cat":[6411],"product_tag":[],"class_list":{"0":"post-105556","1":"product","2":"type-product","3":"status-publish","4":"has-post-thumbnail","6":"product_cat-promos-de","8":"first","9":"instock","10":"sale","11":"taxable","12":"shipping-taxable","13":"purchasable","14":"product-type-simple"},"_links":{"self":[{"href":"https:\/\/cdiffprom.ch\/de\/wp-json\/wp\/v2\/product\/105556","targetHints":{"allow":["GET"]}}],"collection":[{"href":"https:\/\/cdiffprom.ch\/de\/wp-json\/wp\/v2\/product"}],"about":[{"href":"https:\/\/cdiffprom.ch\/de\/wp-json\/wp\/v2\/types\/product"}],"wp:featuredmedia":[{"embeddable":true,"href":"https:\/\/cdiffprom.ch\/de\/wp-json\/wp\/v2\/media\/103846"}],"wp:attachment":[{"href":"https:\/\/cdiffprom.ch\/de\/wp-json\/wp\/v2\/media?parent=105556"}],"wp:term":[{"taxonomy":"product_brand","embeddable":true,"href":"https:\/\/cdiffprom.ch\/de\/wp-json\/wp\/v2\/product_brand?post=105556"},{"taxonomy":"product_cat","embeddable":true,"href":"https:\/\/cdiffprom.ch\/de\/wp-json\/wp\/v2\/product_cat?post=105556"},{"taxonomy":"product_tag","embeddable":true,"href":"https:\/\/cdiffprom.ch\/de\/wp-json\/wp\/v2\/product_tag?post=105556"}],"curies":[{"name":"wp","href":"https:\/\/api.w.org\/{rel}","templated":true}]}}