{"id":105564,"date":"2019-12-12T18:38:19","date_gmt":"2019-12-12T17:38:19","guid":{"rendered":"https:\/\/cdiffprom.ch\/produit\/zubehoer-fuer-stelen-bomben-flachbildschirme\/"},"modified":"2019-12-12T18:38:19","modified_gmt":"2019-12-12T17:38:19","slug":"zubehoer-fuer-stelen-bomben-flachbildschirme","status":"publish","type":"product","link":"https:\/\/cdiffprom.ch\/de\/produit\/zubehoer-fuer-stelen-bomben-flachbildschirme\/","title":{"rendered":"ZUBEH\u00d6R F\u00dcR STELEN BOMBEN\/FLACHBILDSCHIRME"},"content":{"rendered":"<h3><span style=\"color: #800000;\"><strong>Zubeh\u00f6r f\u00fcr gew\u00f6lbte\/flache Totems<\/strong><\/span><\/h3>\n<p>Entdecken Sie auf dieser Seite die verschiedenen Zubeh\u00f6rteile f\u00fcr gew\u00f6lbte\/flache Totems, die Sie ben\u00f6tigen, um Ihre Artikel auszustellen\/aufzuh\u00e4ngen, sowie verschiedene Dokumentationen:<\/p>\n<p><strong><span style=\"color: #800000;\">Prospektst\u00e4nder aus Metall (geeignet f\u00fcr gew\u00f6lbte und flache Totems)<br \/>\n<\/span><\/strong><\/p>\n<ul>\n<li>Format A4, A5 oder 1\/3 A4<\/li>\n<li>verchromter Metalldraht<\/li>\n<li>3,5 cm Dokumentenkapazit\u00e4t<\/li>\n<li>werden in die zahlreichen Perforationen eingeklickt<\/li>\n<\/ul>\n<p><span style=\"color: #800000;\"><strong>Magnetischer Posterst\u00e4nder<\/strong><\/span><\/p>\n<ul>\n<li>Format A5, A4, A3, geeignet f\u00fcr gew\u00f6lbte und flache Totems<\/li>\n<li>Format A2, f\u00fcr alle Totems, au\u00dfer Nr. 216530<\/li>\n<li>Format A1, nur f\u00fcr Totem Nr. 218563, H 185 x B 65<\/li>\n<\/ul>\n<p><span style=\"color: #800000;\"><strong>Halogenlampe (nur f\u00fcr gew\u00f6lbte Totems)<\/strong><\/span><\/p>\n<ul>\n<li>Trafo + 4 m Kabel + Steckdose + Schalter <\/li>\n<\/ul>\n<p><span style=\"color: #800000;\"><strong>Metallhaken (nur f\u00fcr flache Totems)<\/strong><\/span><\/p>\n<ul>\n<li>10 oder 20 cm<\/li>\n<li>Achsabstand 25 mm<\/li>\n<li>verchromter Metalldraht<\/li>\n<\/ul>\n<p><span style=\"color: #800000;\"><strong>Selbstklebendes Logo (geeignet f\u00fcr alle Totems)<\/strong><\/span><\/p>\n<ul>\n<li>Breite 30 cm<\/li>\n<\/ul>\n<h4><strong><span style=\"color: #800000;\">Lieferbedingungen :<br \/>\n<\/span><\/strong><\/h4>\n<p>Zu Ihrer Information: Nach Eingang Ihres Auftrags sind unsere Produkte innerhalb von etwa zehn Tagen lieferbar.<\/p>\n<p>Z\u00f6gern Sie nicht <u><a href=\"https:\/\/cdiffprom.ch\/elements\/contactez-nous\/\"><span style=\"color: #800000;\"><strong>uns zu kontaktieren.<\/strong><\/span><\/a><\/u> Wenn Sie einen dringenderen Bedarf haben, k\u00f6nnen wir Ihnen immer eine schnellere L\u00f6sung anbieten.<\/p>\n<p>Wir sind auch gerne bereit, Ihnen Informationen \u00fcber Mengenrabatte zu geben.<\/p>\n<p>Einige Artikel k\u00f6nnen eine l\u00e4ngere Lieferzeit in Anspruch nehmen, da sie nicht auf Lager unseres Lieferanten sind. In diesem Fall werden Sie nach Eingang Ihrer Bestellung benachrichtigt. <\/p>\n<p>Wir liefern versandkostenfrei ab einem Bestellwert von CHF. 500.-. Unterhalb dieses Betrags wird eine Pauschale von CHF. 15,90 zu entrichten. <\/p>\n<p>Bei allen Online-Bestellungen f\u00fchren wir immer einen Telefonanruf durch, um sicherzustellen, dass Sie das richtige Produkt f\u00fcr Ihre Bed\u00fcrfnisse ausgew\u00e4hlt haben. So k\u00f6nnen Sie sicher sein, dass Sie die richtige Wahl treffen. <\/p>\n<p>Bitte beachten Sie, dass die Promo-Codes nicht kumulierbar sind und der Rabatt auf Ihrer Bestellung sichtbar ist.<\/p>\n<p>&nbsp;<\/p>\n<p>&nbsp;<\/p>\n<p>&nbsp;<\/p>\n","protected":false},"excerpt":{"rendered":"<p>Hier finden Sie das Zubeh\u00f6r, das Sie f\u00fcr Ihre verschiedenen Totems ben\u00f6tigen. <span style=\"color: #993300;\"><strong><a style=\"color: #993300;\" href=\"https:\/\/cdiffprom.ch\/produit\/totems-exposition-panneaux-perfores\/\">Sch\u00fcsseln<\/a><\/strong><\/span> oder <strong><span style=\"color: #993300;\"><a style=\"color: #993300;\" href=\"https:\/\/cdiffprom.ch\/produit\/totem-exposition-bombe-personnalisable\/\">gew\u00f6lbt.<\/a><\/span><\/strong><\/p>\n<p>Je nach Bedarf k\u00f6nnen Sie auch Brosch\u00fcrenst\u00e4nder aus Plexiglas verwenden.<\/p>\n<p>F\u00fcr die Pr\u00e4sentation Ihrer Poster stehen Ihnen unsere <strong><span style=\"color: #993300;\"><a style=\"color: #993300;\" href=\"https:\/\/cdiffprom.ch\/produit\/porte-affiches-magnetiques-muraux-a5-au-a1\/\">magnetischen Posterhalter.<\/a><\/span><\/strong> sind sehr n\u00fctzlich.<\/p>\n","protected":false},"featured_media":103854,"template":"","meta":{"slim_seo":{"title":"ZUBEH\u00d6R F\u00dcR STELEN BOMBEN\/FLACHBILDSCHIRME - Suisse - C.Diff-Prom","description":"Hier finden Sie das Zubeh\u00f6r, das Sie f\u00fcr Ihre verschiedenen Totems ben\u00f6tigen. Sch\u00fcsseln oder gew\u00f6lbt. Je nach Bedarf k\u00f6nnen Sie auch Brosch\u00fcrenst\u00e4nder aus Plexi"}},"product_brand":[],"product_cat":[6362,6388,6416,6418,6417],"product_tag":[],"class_list":{"0":"post-105564","1":"product","2":"type-product","3":"status-publish","4":"has-post-thumbnail","6":"product_cat-ausstellungen","7":"product_cat-presentoirs","8":"product_cat-totems-broschuren","9":"product_cat-totems-fur-werbung","10":"product_cat-transportable-aussteller","12":"first","13":"instock","14":"taxable","15":"shipping-taxable","16":"purchasable","17":"product-type-variable"},"_links":{"self":[{"href":"https:\/\/cdiffprom.ch\/de\/wp-json\/wp\/v2\/product\/105564","targetHints":{"allow":["GET"]}}],"collection":[{"href":"https:\/\/cdiffprom.ch\/de\/wp-json\/wp\/v2\/product"}],"about":[{"href":"https:\/\/cdiffprom.ch\/de\/wp-json\/wp\/v2\/types\/product"}],"wp:featuredmedia":[{"embeddable":true,"href":"https:\/\/cdiffprom.ch\/de\/wp-json\/wp\/v2\/media\/103854"}],"wp:attachment":[{"href":"https:\/\/cdiffprom.ch\/de\/wp-json\/wp\/v2\/media?parent=105564"}],"wp:term":[{"taxonomy":"product_brand","embeddable":true,"href":"https:\/\/cdiffprom.ch\/de\/wp-json\/wp\/v2\/product_brand?post=105564"},{"taxonomy":"product_cat","embeddable":true,"href":"https:\/\/cdiffprom.ch\/de\/wp-json\/wp\/v2\/product_cat?post=105564"},{"taxonomy":"product_tag","embeddable":true,"href":"https:\/\/cdiffprom.ch\/de\/wp-json\/wp\/v2\/product_tag?post=105564"}],"curies":[{"name":"wp","href":"https:\/\/api.w.org\/{rel}","templated":true}]}}