{"id":105565,"date":"2019-07-26T15:38:49","date_gmt":"2019-07-26T13:38:49","guid":{"rendered":"https:\/\/cdiffprom.ch\/produit\/doppelseitiger-gondelfuss-musirack\/"},"modified":"2019-07-26T15:38:49","modified_gmt":"2019-07-26T13:38:49","slug":"doppelseitiger-gondelfuss-musirack","status":"publish","type":"product","link":"https:\/\/cdiffprom.ch\/de\/produit\/doppelseitiger-gondelfuss-musirack\/","title":{"rendered":"DOPPELSEITIGER GONDELFUSS MUSIRACK"},"content":{"rendered":"<ul>\n<li>Verwendung in Mediatheken, Gesch\u00e4ften oder B\u00fcros zur Pr\u00e4sentation und Aufbewahrung Ihrer C D<\/li>\n<li>Mehrfachlochung f\u00fcr die direkte Befestigung von Regalbrettern<\/li>\n<li>Fu\u00dfgestell mit Stabilisierungszylindern<\/li>\n<li>Rechteckige Stahlrohre mit einem Querschnitt von 6 x 3 cm, epoxidharzbeschichtet, grau geh\u00e4mmert.<\/li>\n<\/ul>\n","protected":false},"excerpt":{"rendered":"<p>Verwendung in Mediatheken, Gesch\u00e4ften oder B\u00fcros zur Pr\u00e4sentation und Aufbewahrung Ihrer C D Mehrfachlochung f\u00fcr die direkte Befestigung von Regalbrettern Fu\u00dfgestell mit Stabilisierungszylindern Rechteckige Stahlrohre mit einem Querschnitt von 6 x 3 cm, epoxidharzbeschichtet, grau geh\u00e4mmert.<\/p>\n","protected":false},"featured_media":103260,"template":"","meta":{"slim_seo":{"title":"DOPPELSEITIGER GONDELFUSS MUSIRACK - Suisse - C.Diff-Prom","description":"Verwendung in Mediatheken, Gesch\u00e4ften oder B\u00fcros zur Pr\u00e4sentation und Aufbewahrung Ihrer C D Mehrfachlochung f\u00fcr die direkte Befestigung von Regalbrettern Fu\u00dfge"}},"product_brand":[],"product_cat":[6359,6360],"product_tag":[6361],"class_list":{"0":"post-105565","1":"product","2":"type-product","3":"status-publish","4":"has-post-thumbnail","6":"product_cat-multimedia-de","7":"product_cat-multimedia-zubehor","8":"product_tag-multimedia-zubehor","10":"first","11":"instock","12":"taxable","13":"shipping-taxable","14":"purchasable","15":"product-type-simple"},"_links":{"self":[{"href":"https:\/\/cdiffprom.ch\/de\/wp-json\/wp\/v2\/product\/105565","targetHints":{"allow":["GET"]}}],"collection":[{"href":"https:\/\/cdiffprom.ch\/de\/wp-json\/wp\/v2\/product"}],"about":[{"href":"https:\/\/cdiffprom.ch\/de\/wp-json\/wp\/v2\/types\/product"}],"wp:featuredmedia":[{"embeddable":true,"href":"https:\/\/cdiffprom.ch\/de\/wp-json\/wp\/v2\/media\/103260"}],"wp:attachment":[{"href":"https:\/\/cdiffprom.ch\/de\/wp-json\/wp\/v2\/media?parent=105565"}],"wp:term":[{"taxonomy":"product_brand","embeddable":true,"href":"https:\/\/cdiffprom.ch\/de\/wp-json\/wp\/v2\/product_brand?post=105565"},{"taxonomy":"product_cat","embeddable":true,"href":"https:\/\/cdiffprom.ch\/de\/wp-json\/wp\/v2\/product_cat?post=105565"},{"taxonomy":"product_tag","embeddable":true,"href":"https:\/\/cdiffprom.ch\/de\/wp-json\/wp\/v2\/product_tag?post=105565"}],"curies":[{"name":"wp","href":"https:\/\/api.w.org\/{rel}","templated":true}]}}