{"id":105572,"date":"2019-07-26T15:38:49","date_gmt":"2019-07-26T13:38:49","guid":{"rendered":"https:\/\/cdiffprom.ch\/produit\/musirack-rueckwand\/"},"modified":"2019-07-26T15:38:49","modified_gmt":"2019-07-26T13:38:49","slug":"musirack-rueckwand","status":"publish","type":"product","link":"https:\/\/cdiffprom.ch\/de\/produit\/musirack-rueckwand\/","title":{"rendered":"MUSIRACK-R\u00dcCKWAND"},"content":{"rendered":"<ul>\n<li>Verwendung in Mediatheken, Gesch\u00e4ften oder B\u00fcros zur Pr\u00e4sentation und Aufbewahrung Ihrer C D<\/li>\n<li>An M\u00f6bel anpassbar<\/li>\n<li>Musirack I<\/li>\n<li>I\u00ae 140 cm und 206 cm<\/li>\n<li>Hellgrau lackiertes Metall<\/li>\n<li>H\u00f6he 15 cm<\/li>\n<\/ul>\n","protected":false},"excerpt":{"rendered":"<p>Verwendung in Mediatheken, Gesch\u00e4ften oder B\u00fcros zur Pr\u00e4sentation und Aufbewahrung Ihrer C D An M\u00f6bel anpassbar Musirack I I\u00ae 140 cm und 206 cm Hellgrau lackiertes Metall H\u00f6he 15 cm<\/p>\n","protected":false},"featured_media":103256,"template":"","meta":{"slim_seo":{"title":"MUSIRACK-R\u00dcCKWAND - Suisse - C.Diff-Prom","description":"Verwendung in Mediatheken, Gesch\u00e4ften oder B\u00fcros zur Pr\u00e4sentation und Aufbewahrung Ihrer C D An M\u00f6bel anpassbar Musirack I I\u00ae 140 cm und 206 cm Hellgrau lackier"}},"product_brand":[],"product_cat":[6359,6360],"product_tag":[6361],"class_list":{"0":"post-105572","1":"product","2":"type-product","3":"status-publish","4":"has-post-thumbnail","6":"product_cat-multimedia-de","7":"product_cat-multimedia-zubehor","8":"product_tag-multimedia-zubehor","10":"first","11":"instock","12":"taxable","13":"shipping-taxable","14":"purchasable","15":"product-type-simple"},"_links":{"self":[{"href":"https:\/\/cdiffprom.ch\/de\/wp-json\/wp\/v2\/product\/105572","targetHints":{"allow":["GET"]}}],"collection":[{"href":"https:\/\/cdiffprom.ch\/de\/wp-json\/wp\/v2\/product"}],"about":[{"href":"https:\/\/cdiffprom.ch\/de\/wp-json\/wp\/v2\/types\/product"}],"wp:featuredmedia":[{"embeddable":true,"href":"https:\/\/cdiffprom.ch\/de\/wp-json\/wp\/v2\/media\/103256"}],"wp:attachment":[{"href":"https:\/\/cdiffprom.ch\/de\/wp-json\/wp\/v2\/media?parent=105572"}],"wp:term":[{"taxonomy":"product_brand","embeddable":true,"href":"https:\/\/cdiffprom.ch\/de\/wp-json\/wp\/v2\/product_brand?post=105572"},{"taxonomy":"product_cat","embeddable":true,"href":"https:\/\/cdiffprom.ch\/de\/wp-json\/wp\/v2\/product_cat?post=105572"},{"taxonomy":"product_tag","embeddable":true,"href":"https:\/\/cdiffprom.ch\/de\/wp-json\/wp\/v2\/product_tag?post=105572"}],"curies":[{"name":"wp","href":"https:\/\/api.w.org\/{rel}","templated":true}]}}