{"id":105574,"date":"2020-01-25T14:34:21","date_gmt":"2020-01-25T13:34:21","guid":{"rendered":"https:\/\/cdiffprom.ch\/produit\/fussgestell-bodenanzeige\/"},"modified":"2020-01-25T14:34:21","modified_gmt":"2020-01-25T13:34:21","slug":"fussgestell-bodenanzeige","status":"publish","type":"product","link":"https:\/\/cdiffprom.ch\/de\/produit\/fussgestell-bodenanzeige\/","title":{"rendered":"FUSSGESTELL BODENANZEIGE"},"content":{"rendered":"<h3><span style=\"color: #800000;\"><strong>Fu\u00dfgestell Bodenanzeige<\/strong><\/span><\/h3>\n<p>Dieser Bodenst\u00e4nder aus eloxiertem Aluminium ist in 4 H\u00f6hen erh\u00e4ltlich, entweder in schwarz oder grau. Er ist ideal, um Ihren Plakatrahmen in der gew\u00fcnschten H\u00f6he zu befestigen. <\/p>\n<p>Sie k\u00f6nnen ihn auch doppelseitig verwenden, da der Mast auf beiden Seiten mit Nuten versehen ist.<\/p>\n<h4><span style=\"color: #800000;\"><strong>Abmessungen :<\/strong><\/span><\/h4>\n<ul>\n<li>133 cm<\/li>\n<li>158 cm<\/li>\n<li>180 cm<\/li>\n<li>203 cm<\/li>\n<\/ul>\n<p>Der Sockel misst 42 cm x 30 cm und ist mit 6 kg beschwert.<\/p>\n<p>So haben Sie eine Vielzahl von M\u00f6glichkeiten. <span style=\"color: #800000;\"><strong><a style=\"color: #800000;\" href=\"https:\/\/cdiffprom.ch\/produit\/cadres-affichage-coins-chromes\/\">L\u00f6sungen f\u00fcr die Anzeige von Dokumenten.<\/a><\/strong><\/span> f\u00fcr Ihre Dokumente, vom Format bis zum Format<\/p>\n<ul>\n<li>A5 bis A0<\/li>\n<li>60 x 80 cm<\/li>\n<li>70 x 100 cm<\/li>\n<li>60 x 160 cm<\/li>\n<\/ul>\n<h4><span style=\"color: #800000;\"><strong>Lieferbedingungen<\/strong><\/span><\/h4>\n<p>Zu Ihrer Information: Nach Eingang Ihres Auftrags sind unsere Produkte innerhalb von etwa zehn Tagen lieferbar.<\/p>\n<p>Z\u00f6gern Sie nicht <u><a href=\"https:\/\/cdiffprom.ch\/elements\/contactez-nous\/\"><span style=\"color: #800000;\"><strong>uns zu kontaktieren.<\/strong><\/span><\/a><\/u> Wenn Sie einen dringenderen Bedarf haben, k\u00f6nnen wir Ihnen immer eine schnellere L\u00f6sung anbieten.<\/p>\n<p>Wir sind auch gerne bereit, Ihnen Informationen \u00fcber Mengenrabatte zu geben.<\/p>\n<p>Einige Artikel k\u00f6nnen eine l\u00e4ngere Lieferzeit in Anspruch nehmen, da sie nicht auf Lager unseres Lieferanten sind. In diesem Fall werden Sie nach Eingang Ihrer Bestellung benachrichtigt. <\/p>\n<p>Wir liefern versandkostenfrei ab einem Bestellwert von CHF. 500.-. Unterhalb dieses Betrags wird eine Pauschale von CHF. 15,90 zu entrichten. <\/p>\n<p>Bei allen Online-Bestellungen f\u00fchren wir immer einen Telefonanruf durch, um sicherzustellen, dass Sie das richtige Produkt f\u00fcr Ihre Bed\u00fcrfnisse ausgew\u00e4hlt haben. So k\u00f6nnen Sie sicher sein, dass Sie die richtige Wahl treffen. <\/p>\n<p>Bitte beachten Sie, dass die Promo-Codes nicht kumulierbar sind und der Rabatt auf Ihrer Bestellung sichtbar ist.<\/p>\n<p>&nbsp;<\/p>\n<p>&nbsp;<\/p>\n","protected":false},"excerpt":{"rendered":"<p>Mast f\u00fcr eine Bodenanzeige aller Arten von Rahmen, mit <a href=\"https:\/\/cdiffprom.ch\/produit\/cadres-affichage-coins-chromes\/\"><span style=\"color: #800000;\"><strong>abgerundeten verchromten Ecken<\/strong><\/span><\/a> oder <span style=\"color: #800000;\"><strong><a style=\"color: #800000;\" href=\"https:\/\/cdiffprom.ch\/produit\/cadres-affichage-muraux\/\">rechten Winkeln<\/a><\/strong><\/span>.<\/p>\n<p>Die Verbindungsst\u00fccke zur Befestigung der Rahmen an den Masten werden Ihnen kostenlos zur Verf\u00fcgung gestellt.<\/p>\n","protected":false},"featured_media":101928,"template":"","meta":{"slim_seo":{"title":"FUSSGESTELL BODENANZEIGE - Suisse - C.Diff-Prom","description":"Mast f\u00fcr eine Bodenanzeige aller Arten von Rahmen, mit abgerundeten verchromten Ecken oder rechten Winkeln . Die Verbindungsst\u00fccke zur Befestigung der Rahmen an"}},"product_brand":[],"product_cat":[6342,6339,6356],"product_tag":[],"class_list":{"0":"post-105574","1":"product","2":"type-product","3":"status-publish","4":"has-post-thumbnail","6":"product_cat-anzeige","7":"product_cat-plakatrahmen","8":"product_cat-plakatstander-auf-fuss","10":"first","11":"instock","12":"taxable","13":"shipping-taxable","14":"purchasable","15":"product-type-variable"},"_links":{"self":[{"href":"https:\/\/cdiffprom.ch\/de\/wp-json\/wp\/v2\/product\/105574","targetHints":{"allow":["GET"]}}],"collection":[{"href":"https:\/\/cdiffprom.ch\/de\/wp-json\/wp\/v2\/product"}],"about":[{"href":"https:\/\/cdiffprom.ch\/de\/wp-json\/wp\/v2\/types\/product"}],"wp:featuredmedia":[{"embeddable":true,"href":"https:\/\/cdiffprom.ch\/de\/wp-json\/wp\/v2\/media\/101928"}],"wp:attachment":[{"href":"https:\/\/cdiffprom.ch\/de\/wp-json\/wp\/v2\/media?parent=105574"}],"wp:term":[{"taxonomy":"product_brand","embeddable":true,"href":"https:\/\/cdiffprom.ch\/de\/wp-json\/wp\/v2\/product_brand?post=105574"},{"taxonomy":"product_cat","embeddable":true,"href":"https:\/\/cdiffprom.ch\/de\/wp-json\/wp\/v2\/product_cat?post=105574"},{"taxonomy":"product_tag","embeddable":true,"href":"https:\/\/cdiffprom.ch\/de\/wp-json\/wp\/v2\/product_tag?post=105574"}],"curies":[{"name":"wp","href":"https:\/\/api.w.org\/{rel}","templated":true}]}}